{"id":1047,"date":"2016-05-19T13:17:44","date_gmt":"2016-05-19T13:17:44","guid":{"rendered":"https:\/\/welterzahnrad-g6ofhpmwtp.live-website.com\/?page_id=1047"},"modified":"2023-10-27T14:01:36","modified_gmt":"2023-10-27T14:01:36","slug":"entwicklung-konstruktion","status":"publish","type":"page","link":"https:\/\/welter-zahnrad.de\/fr\/produkte\/entwicklung-konstruktion\/","title":{"rendered":"Ing\u00e9nierie"},"content":{"rendered":"<p><img loading=\"lazy\" decoding=\"async\" class=\"size-thumbnail wp-image-979\" src=\"https:\/\/welterzahnrad-g6ofhpmwtp.live-website.com\/wp-content\/uploads\/2016\/05\/WELTER_engineering_1200x858-200x150.jpg\" alt=\"Ing\u00e9nierie\" width=\"200\" height=\"150\" \/><\/p>\n<p>En tant qu\u2019entreprise internationale, WELTER zahnrad poss\u00e8de un puissant d\u00e9partement de d\u00e9veloppement de construction. Des dimensionnements complexes d\u2019engrenages et de r\u00e9ducteurs et multiplicateurs de vitesse sont possibles, gr\u00e2ce \u00e0 des logiciels comme KISSsoft, FVA Workbench et autres outils et programmes suppl\u00e9mentaires et d\u00e9velopp\u00e9s dans notre maison.<\/p>\n<p>En outre, notre \u00e9quipe d\u2019ing\u00e9nieurs et de techniciens peut recourir \u00e0 un grand r\u00e9pertoire d\u2019exp\u00e9rience sur diff\u00e9rents engrenages cylindriques, coniques et plan\u00e9taires en service dans le monde entier. Les lieux de service de nos r\u00e9ducteurs et multiplicateurs n\u00e9cessitent des caract\u00e9ristiques diff\u00e9rentes, que nous r\u00e9alisons gr\u00e2ce \u00e0 un travail de construction d\u00e9taill\u00e9. Ainsi une des caract\u00e9ristiques demand\u00e9es peut \u00eatre la r\u00e9duction \u00e0 une mesure minimale l\u2019\u00e9missions sonores ou l\u2019ajustement de la port\u00e9e sous charge de la denture pour obtenir une utilisation optimale des flancs.<\/p>\n<p>Nous serons l\u00e0 avec plaisir pour vous conseiller dans des questions techniques concernant des composants dent\u00e9es ou des solutions compl\u00e8tes ainsi que des r\u00e9parations et r\u00e9visions de r\u00e9ducteurs et multiplicateurs de vitesse.<\/p>","protected":false},"excerpt":{"rendered":"<p>En tant qu\u2019entreprise internationale, WELTER zahnrad poss\u00e8de un puissant d\u00e9partement de d\u00e9veloppement de construction. Des dimensionnements complexes d\u2019engrenages et de r\u00e9ducteurs et multiplicateurs de vitesse sont possibles, gr\u00e2ce \u00e0 des logiciels comme KISSsoft, FVA Workbench et autres outils et programmes suppl\u00e9mentaires et d\u00e9velopp\u00e9s dans notre maison. En outre, notre \u00e9quipe d\u2019ing\u00e9nieurs et de techniciens peut [&hellip;]<\/p>\n","protected":false},"author":1,"featured_media":3836,"parent":34,"menu_order":0,"comment_status":"closed","ping_status":"closed","template":"","meta":{"footnotes":""},"class_list":["post-1047","page","type-page","status-publish","has-post-thumbnail","czr-hentry"],"_links":{"self":[{"href":"https:\/\/welter-zahnrad.de\/fr\/wp-json\/wp\/v2\/pages\/1047","targetHints":{"allow":["GET"]}}],"collection":[{"href":"https:\/\/welter-zahnrad.de\/fr\/wp-json\/wp\/v2\/pages"}],"about":[{"href":"https:\/\/welter-zahnrad.de\/fr\/wp-json\/wp\/v2\/types\/page"}],"author":[{"embeddable":true,"href":"https:\/\/welter-zahnrad.de\/fr\/wp-json\/wp\/v2\/users\/1"}],"replies":[{"embeddable":true,"href":"https:\/\/welter-zahnrad.de\/fr\/wp-json\/wp\/v2\/comments?post=1047"}],"version-history":[{"count":19,"href":"https:\/\/welter-zahnrad.de\/fr\/wp-json\/wp\/v2\/pages\/1047\/revisions"}],"predecessor-version":[{"id":3774,"href":"https:\/\/welter-zahnrad.de\/fr\/wp-json\/wp\/v2\/pages\/1047\/revisions\/3774"}],"up":[{"embeddable":true,"href":"https:\/\/welter-zahnrad.de\/fr\/wp-json\/wp\/v2\/pages\/34"}],"wp:featuredmedia":[{"embeddable":true,"href":"https:\/\/welter-zahnrad.de\/fr\/wp-json\/wp\/v2\/media\/3836"}],"wp:attachment":[{"href":"https:\/\/welter-zahnrad.de\/fr\/wp-json\/wp\/v2\/media?parent=1047"}],"curies":[{"name":"wp","href":"https:\/\/api.w.org\/{rel}","templated":true}]}}