{"id":1375,"date":"2016-06-29T12:31:49","date_gmt":"2016-06-29T12:31:49","guid":{"rendered":"https:\/\/welterzahnrad-g6ofhpmwtp.live-website.com\/?page_id=1375"},"modified":"2024-12-09T12:46:54","modified_gmt":"2024-12-09T12:46:54","slug":"datenschutzrichtlinie","status":"publish","type":"page","link":"https:\/\/welter-zahnrad.de\/fr\/unternehmen\/datenschutzrichtlinie\/","title":{"rendered":"Directive de protection des donn\u00e9es"},"content":{"rendered":"<p><\/p>\n<div class=\"ce_text text-container block\">\n<h3>Conditions g\u00e9n\u00e9rales d&rsquo;utilisation de WELTER zahnrad GmbH<\/h3>\n<h3>1. informations sur les droits d&rsquo;auteur<\/h3>\n<p>Toutes les informations de ce site Internet sont mises \u00e0 disposition comme indiqu\u00e9, sans pr\u00e9tention \u00e0 l&rsquo;exactitude, \u00e0 l&rsquo;exhaustivit\u00e9 ou \u00e0 l&rsquo;actualit\u00e9. Sauf indication contraire dans la pr\u00e9sente publication, en rapport avec un extrait, un fichier ou un document particulier, toute personne est autoris\u00e9e \u00e0 consulter, copier, imprimer et distribuer ce document, sous r\u00e9serve des conditions suivantes : Le document ne peut \u00eatre utilis\u00e9 qu&rsquo;\u00e0 des fins d&rsquo;information non commerciales. Toute copie de ce document ou d&rsquo;une partie de celui-ci doit contenir la pr\u00e9sente d\u00e9claration de droit d&rsquo;auteur et la marque de protection du droit d&rsquo;auteur de l&rsquo;exploitant. Le document, toute copie du document ou d&rsquo;une partie de celui-ci ne peuvent \u00eatre modifi\u00e9s sans l&rsquo;accord \u00e9crit de l&rsquo;exploitant. L&rsquo;op\u00e9rateur se r\u00e9serve le droit de r\u00e9voquer cette autorisation \u00e0 tout moment et toute utilisation doit cesser imm\u00e9diatement d\u00e8s la publication d&rsquo;un avis \u00e9crit de la part de l&rsquo;op\u00e9rateur.<\/p>\n<h3>2. garanties contractuelles et d\u00e9clarations de renonciation<\/h3>\n<p>Sauf accord contraire, le site welter-zahnrad.de est mis gratuitement \u00e0 votre disposition. Les exploitants ne garantissent pas l&rsquo;exactitude des informations contenues, la disponibilit\u00e9 des services, la perte de donn\u00e9es sauvegard\u00e9es sur welter-zahnrad.de ou l&rsquo;utilit\u00e9 pour une quelconque finalit\u00e9. Les exploitants ne sont pas non plus responsables des dommages cons\u00e9cutifs \u00e0 l&rsquo;utilisation de l&rsquo;offre. Dans la mesure o\u00f9 une exclusion de responsabilit\u00e9 n&rsquo;entre pas en ligne de compte, les exploitants ne sont responsables que des n\u00e9gligences graves et des actes intentionnels. Les noms de produits et d&rsquo;entreprises sont des marques de leurs propri\u00e9taires respectifs et sont utilis\u00e9s sur ces pages uniquement \u00e0 des fins d&rsquo;information. Cette publication peut contenir des inexactitudes techniques ou autres, des fautes d&rsquo;orthographe ou des erreurs typographiques. De temps \u00e0 autre, des modifications sont apport\u00e9es aux pr\u00e9sentes informations ; ces modifications seront int\u00e9gr\u00e9es dans les nouvelles \u00e9ditions de la publication. L&rsquo;exploitant peut \u00e0 tout moment apporter des am\u00e9liorations et\/ou des modifications aux offres d\u00e9crites dans cette publication.<\/p>\n<h3>3. expressions d&rsquo;opinion dans les commentaires et le forum<\/h3>\n<p>En raison de l&rsquo;\u00e9volution constante des contenus des commentaires et du forum, il n&rsquo;est pas possible pour l&rsquo;exploitant de visionner toutes les contributions, d&rsquo;en v\u00e9rifier le contenu et d&rsquo;exercer un contr\u00f4le actif direct sur celles-ci. Aucune responsabilit\u00e9 n&rsquo;est assum\u00e9e pour le contenu, l&rsquo;exactitude et la forme des contributions publi\u00e9es.<\/p>\n<h3>3a. Dispositions sp\u00e9ciales pour les utilisateurs inscrits<\/h3>\n<p>En s&rsquo;inscrivant \u00e0 welter-zahnrad.de, l&rsquo;utilisateur &#8211; ci-apr\u00e8s d\u00e9nomm\u00e9 \u00ab membre \u00bb &#8211; se d\u00e9clare d&rsquo;accord avec les conditions d&rsquo;utilisation suivantes vis-\u00e0-vis de l&rsquo;exploitant : Les membres qui participent \u00e0 des forums de discussion et \u00e0 des commentaires s&rsquo;engagent \u00e0 ,<\/p>\n<p>S&rsquo;abstenir dans leurs contributions de toute insulte, de tout contenu d\u00e9lictueux, de toute pornographie et de tout langage grossier,<br \/>\nAssumer la responsabilit\u00e9 exclusive des contenus qu&rsquo;ils publient, ne pas porter atteinte aux droits de tiers (en particulier aux droits des marques, aux droits d&rsquo;auteur et aux droits de la personnalit\u00e9) et d\u00e9gager enti\u00e8rement les exploitants de welter-zahnrad.de des revendications de tiers provoqu\u00e9es par leurs contributions.<br \/>\nNe pas ins\u00e9rer de publicit\u00e9 de quelque nature que ce soit dans les forums ou les commentaires, ni utiliser les forums et les commentaires pour une quelconque activit\u00e9 commerciale. Cela vaut en particulier pour la publication de num\u00e9ros d&rsquo;appel 0900 \u00e0 quelque fin que ce soit.<\/p>\n<p>Il n&rsquo;existe aucun droit \u00e0 la publication des commentaires soumis ou des contributions au forum. Les op\u00e9rateurs de welter-zahnrad.de se r\u00e9servent le droit d&rsquo;\u00e9diter ou de supprimer les commentaires \u00e0 leur discr\u00e9tion. En cas de violation des obligations mentionn\u00e9es aux points 1), 2) et 3), les exploitants se r\u00e9servent en outre le droit de bloquer l&rsquo;adh\u00e9sion pour une dur\u00e9e limit\u00e9e ou de la supprimer d\u00e9finitivement.<\/p>\n<h3>4. soumission de contributions et d&rsquo;articles<\/h3>\n<p>Dans la mesure o\u00f9 le membre fait usage de la possibilit\u00e9 de soumettre ses propres contributions \u00e0 la partie r\u00e9dactionnelle de welter-zahnrad.de, les dispositions suivantes s&rsquo;appliquent : La condition pr\u00e9alable \u00e0 la publication de ses propres contributions est que le membre ait inscrit son pr\u00e9nom et son nom complets et corrects dans son profil d&rsquo;utilisateur welter-zahnrad.de ou qu&rsquo;il les y inscrive apr\u00e8s avoir soumis son article. Le nom inscrit \u00e0 cet endroit permettra d&rsquo;identifier la contribution soumise lors de sa publication (publique). Le membre fait les d\u00e9clarations suivantes pour toutes les contributions qu&rsquo;il ou elle soumettra \u00e0 l&rsquo;avenir sur welter-zahnrad.de :<\/p>\n<p>1) Le membre assure que les contributions soumises sont libres de droits de tiers, en particulier de droits d&rsquo;auteur, de marques ou de droits de la personnalit\u00e9. Ceci s&rsquo;applique \u00e0 toutes les contributions et \u0153uvres d&rsquo;art soumises.<br \/>\n2) Le membre accorde aux exploitants de welter-zahnrad.de un droit d&rsquo;utilisation illimit\u00e9 sur les contributions soumises. Cela comprend la publication sur Internet sur welter-zahnrad.de ainsi que sur d&rsquo;autres serveurs Internet, dans des newsletters, des m\u00e9dias imprim\u00e9s et d&rsquo;autres publications.<br \/>\n3)Les contributions soumises sont supprim\u00e9es ou rendues anonymes sur demande du membre par e-mail \u00e0 l&rsquo;adresse du webmaster. La suppression ou l&rsquo;anonymisation a lieu dans les 7 jours suivant la communication. Les exploitants ne sont responsables des dommages cons\u00e9cutifs caus\u00e9s au membre par la suppression tardive de la contribution que dans la mesure o\u00f9 ils ne sont pas dus \u00e0 un manquement du membre \u00e0 ses obligations (voir ci-dessus sous 1), 2) et 3) ) et dans la mesure o\u00f9 ils sont en outre dus \u00e0 une faute grave ou intentionnelle des exploitants de welter-zahnrad.de. Dans ce contexte, nous attirons express\u00e9ment l&rsquo;attention sur le fait que welter-zahnrad.de est r\u00e9guli\u00e8rement index\u00e9 par des moteurs de recherche et que nous n&rsquo;avons aucune influence sur le fait de savoir si, o\u00f9 et combien de temps les contributions publi\u00e9es chez nous sont \u00e9ventuellement enregistr\u00e9es et consultables dans des banques de donn\u00e9es de moteurs de recherche et de catalogues web, m\u00eame apr\u00e8s leur suppression chez welter-zahnrad.de.<br \/>\n4) Il n&rsquo;existe aucun droit \u00e0 l&rsquo;enregistrement, \u00e0 la publication ou \u00e0 l&rsquo;archivage des contributions soumises. Les exploitants se r\u00e9servent le droit de ne pas publier les contributions soumises sans en indiquer les raisons, de les \u00e9diter avant leur publication ou de les supprimer apr\u00e8s leur publication, \u00e0 leur enti\u00e8re discr\u00e9tion.<br \/>\n5) La publication de contributions ne donne lieu \u00e0 aucun droit \u00e0 r\u00e9mun\u00e9ration (honoraires, droits de licence, indemnit\u00e9s de frais ou autres) de la part du membre vis-\u00e0-vis de welter-zahnrad.de. La collaboration est b\u00e9n\u00e9vole (non r\u00e9mun\u00e9r\u00e9e).<\/p>\n<h3>5. d\u00e9claration sur la protection des donn\u00e9es (Privacy Policy)<\/h3>\n<p>Dans la mesure o\u00f9 l&rsquo;offre Internet offre la possibilit\u00e9 de saisir des donn\u00e9es personnelles ou professionnelles, la divulgation de ces donn\u00e9es par l&rsquo;utilisateur se fait sur une base express\u00e9ment volontaire. L&rsquo;utilisation de nos services est &#8211; dans la mesure o\u00f9 cela est techniquement possible et raisonnable &#8211; \u00e9galement autoris\u00e9e sans indication de telles donn\u00e9es ou en indiquant des donn\u00e9es anonymes ou un pseudonyme. Vous trouverez d&rsquo;autres informations importantes sur le th\u00e8me de la protection des donn\u00e9es dans notre d\u00e9claration sur la protection des donn\u00e9es (Privacy Policy).<\/p>\n<\/div>\n<div class=\"ce_text text-container last block\">\n<h3>6. enregistrement et mot de passe<\/h3>\n<p>L&rsquo;utilisateur est tenu de traiter la combinaison nom d&rsquo;utilisateur\/mot de passe de mani\u00e8re confidentielle et de ne pas la transmettre \u00e0 des tiers. En cas de soup\u00e7on d&rsquo;utilisation abusive des donn\u00e9es d&rsquo;acc\u00e8s, l&rsquo;exploitant doit en \u00eatre inform\u00e9.<\/p>\n<h3>7. indication selon la loi sur les t\u00e9l\u00e9services<\/h3>\n<p>Les sites Internet de tiers auxquels cette offre renvoie par des liens rel\u00e8vent de la responsabilit\u00e9 des fournisseurs respectifs. L&rsquo;exploitant n&rsquo;est pas responsable du contenu de ces pages de tiers. En outre, le site Internet peut \u00eatre reli\u00e9 \u00e0 d&rsquo;autres sites par des liens sans que nous en soyons inform\u00e9s. L&rsquo;exploitant n&rsquo;est pas responsable des repr\u00e9sentations, du contenu ou de tout lien avec ce site web dans les pages web de tiers. L&rsquo;exploitant n&rsquo;est responsable des contenus \u00e9trangers que s&rsquo;il en a une connaissance positive (c&rsquo;est-\u00e0-dire \u00e9galement d&rsquo;un contenu ill\u00e9gal ou r\u00e9pr\u00e9hensible) et qu&rsquo;il est techniquement possible et raisonnable d&rsquo;en emp\u00eacher l&rsquo;utilisation. Conform\u00e9ment \u00e0 la loi sur les t\u00e9l\u00e9services, l&rsquo;exploitant n&rsquo;est toutefois pas tenu de v\u00e9rifier en permanence les contenus \u00e9trangers.<\/p>\n<h3>Contact<\/h3>\n<p>Pour toute question concernant welter-zahnrad.de, veuillez vous adresser au webmaster.<\/p>\n<h3>Validit\u00e9 juridique<\/h3>\n<p>Ces conditions g\u00e9n\u00e9rales d&rsquo;utilisation se rapportent \u00e0 welter-zahnrad.de. Si des parties ou certaines formulations de ce texte ne devaient pas, plus ou pas enti\u00e8rement correspondre \u00e0 la situation juridique en vigueur, les autres parties du document n&rsquo;en seraient pas affect\u00e9es dans leur contenu et leur validit\u00e9.<\/p>\n<h2>D\u00e9claration de protection des donn\u00e9es (Privacy Policy) pour WELTER zahnrad GmbH<\/h2>\n<h3>Pr\u00e9ambule<\/h3>\n<p>Les exploitants de welter-zahnrad.de prennent la protection des donn\u00e9es priv\u00e9es au s\u00e9rieux. L&rsquo;attention particuli\u00e8re port\u00e9e \u00e0 la vie priv\u00e9e lors du traitement des donn\u00e9es personnelles est une pr\u00e9occupation majeure. Les donn\u00e9es personnelles sont utilis\u00e9es conform\u00e9ment aux dispositions de la loi f\u00e9d\u00e9rale sur la protection des donn\u00e9es BDSG ; les exploitants de ce site web s&rsquo;engagent \u00e0 respecter la confidentialit\u00e9. Ces pages web peuvent contenir des liens vers des sites web d&rsquo;autres fournisseurs, auxquels cette d\u00e9claration de protection des donn\u00e9es ne s&rsquo;applique pas. D&rsquo;autres informations importantes se trouvent \u00e9galement dans les conditions g\u00e9n\u00e9rales d&rsquo;utilisation de WELTER zahnrad GmbH.<\/p>\n<h3>1. donn\u00e9es \u00e0 caract\u00e8re personnel<\/h3>\n<p>Les donn\u00e9es \u00e0 caract\u00e8re personnel sont des informations qui peuvent \u00eatre utilis\u00e9es pour conna\u00eetre l&rsquo;identit\u00e9. Il s&rsquo;agit d&rsquo;informations telles que le nom r\u00e9el, l&rsquo;adresse, l&rsquo;adresse postale, le num\u00e9ro de t\u00e9l\u00e9phone. Les informations qui ne sont pas directement li\u00e9es \u00e0 l&rsquo;identit\u00e9 r\u00e9elle (comme par exemple les pages web favorites ou le nombre d&rsquo;utilisateurs d&rsquo;un site) n&rsquo;en font pas partie. Il est en principe possible d&rsquo;utiliser notre offre en ligne sans r\u00e9v\u00e9ler son identit\u00e9. Si l&rsquo;on d\u00e9cide de s&rsquo;enregistrer, c&rsquo;est-\u00e0-dire de se connecter en tant que membre (utilisateur enregistr\u00e9), on peut d\u00e9poser des informations personnelles dans le profil d&rsquo;utilisateur individuel. La d\u00e9cision de saisir ou non ces donn\u00e9es est laiss\u00e9e au libre choix de l&rsquo;utilisateur. Comme nous essayons de collecter le moins de donn\u00e9es personnelles possible pour une utilisation de l&rsquo;offre, il suffit pour un enregistrement d&rsquo;indiquer un nom &#8211; sous lequel on est g\u00e9r\u00e9 en tant que membre et qui ne doit pas correspondre au nom r\u00e9el &#8211; et d&rsquo;indiquer l&rsquo;adresse e-mail \u00e0 laquelle le mot de passe est envoy\u00e9. En relation avec l&rsquo;acc\u00e8s \u00e0 nos pages, des donn\u00e9es sont enregistr\u00e9es c\u00f4t\u00e9 serveur (par exemple l&rsquo;adresse IP, la date, l&rsquo;heure et les pages consult\u00e9es). Aucune exploitation personnelle n&rsquo;a lieu. Nous nous r\u00e9servons le droit de proc\u00e9der \u00e0 une \u00e9valuation statistique des donn\u00e9es anonymis\u00e9es. Nous n&rsquo;utilisons les donn\u00e9es personnelles \u00e0 des fins d&rsquo;administration technique des pages web et de gestion des clients que dans la mesure n\u00e9cessaire \u00e0 cet effet. En outre, les donn\u00e9es personnelles ne sont enregistr\u00e9es que si elles sont fournies volontairement.<\/p>\n<h3>2. transmission des donn\u00e9es personnelles<\/h3>\n<p>Nous n&rsquo;utilisons les informations personnelles que pour ce site web. Nous ne transmettons pas ces informations \u00e0 des tiers sans leur accord explicite. Si des donn\u00e9es devaient \u00eatre transmises \u00e0 des prestataires de services dans le cadre du traitement des donn\u00e9es de commande, ceux-ci sont tenus de respecter la loi f\u00e9d\u00e9rale sur la protection des donn\u00e9es BDSG, d&rsquo;autres dispositions l\u00e9gales et la pr\u00e9sente Privacy Policy. La collecte ou la transmission de donn\u00e9es personnelles \u00e0 des institutions et autorit\u00e9s publiques n&rsquo;a lieu que dans le cadre de dispositions l\u00e9gales contraignantes.<\/p>\n<h3>3. utilisation de cookies<\/h3>\n<p>Nous utilisons des cookies &#8211; petits fichiers contenant des informations de configuration. Ils aident \u00e0 d\u00e9terminer les param\u00e8tres propres \u00e0 l&rsquo;utilisateur et \u00e0 mettre en \u0153uvre des fonctions utilisateur sp\u00e9ciales. Nous ne collectons pas de donn\u00e9es personnelles via les cookies. Toutes les fonctions du site web sont \u00e9galement utilisables sans cookies, mais certaines propri\u00e9t\u00e9s et r\u00e9glages personnalis\u00e9s ne sont alors pas disponibles.<\/p>\n<h3>4. enfants<\/h3>\n<p>Les personnes de moins de 18 ans ne doivent pas nous transmettre de donn\u00e9es \u00e0 caract\u00e8re personnel sans l&rsquo;accord de leurs parents ou de leurs tuteurs. Nous ne demandons pas de donn\u00e9es personnelles aux enfants, ne les collectons pas et ne les transmettons pas \u00e0 des tiers.<\/p>\n<h3>5. droit de r\u00e9tractation<\/h3>\n<p>Si vous nous avez confi\u00e9 des donn\u00e9es personnelles, vous pouvez les modifier et les supprimer \u00e0 tout moment dans votre profil d&rsquo;utilisateur. Pour une suppression compl\u00e8te du compte, veuillez vous adresser au webmaster. Les contributions effectu\u00e9es jusqu&rsquo;\u00e0 cette date dans les forums, les commentaires, les annonces de rendez-vous et les articles peuvent toutefois \u00eatre conserv\u00e9es &#8211; des informations \u00e0 ce sujet figurent \u00e9galement dans les conditions g\u00e9n\u00e9rales d&rsquo;utilisation.<\/p>\n<h3>6. liens vers d&rsquo;autres sites web<\/h3>\n<p>Notre offre en ligne contient des liens vers d&rsquo;autres sites web. Nous n&rsquo;avons aucune influence sur le fait que leurs exploitants respectent les dispositions relatives \u00e0 la protection des donn\u00e9es.<\/p>\n<h3>7. contributions<\/h3>\n<p>Les contributions sur notre site sont accessibles \u00e0 tous. Les contributions doivent \u00eatre soigneusement v\u00e9rifi\u00e9es avant leur publication afin de s&rsquo;assurer qu&rsquo;elles ne contiennent pas d&rsquo;informations qui ne sont pas destin\u00e9es au public. Il est possible que les contributions soient enregistr\u00e9es dans des moteurs de recherche et qu&rsquo;elles soient accessibles dans le monde entier, m\u00eame sans consultation cibl\u00e9e de ce site.<\/p>\n<h3>8. questions et commentaires<\/h3>\n<p>Pour toute question, suggestion ou commentaire sur la protection des donn\u00e9es, veuillez contacter le webmaster de welter-zahnrad.de par e-mail.<\/p>\n<h3>9. responsable de la protection des donn\u00e9es<\/h3>\n<p>La soci\u00e9t\u00e9 WELTER zahnrad GmbH a nomm\u00e9 un responsable externe de la protection des donn\u00e9es, Monsieur Patrick Schweisthal. Vous pouvez le contacter par e-mail en cliquant sur le lien suivant : <a href=\"mailto:datenschutz@dataguard.de\">MAIL<\/a><\/p>\n<p>&nbsp;<\/p>\n<p>&nbsp;<\/p>\n<p>&nbsp;<\/p>\n<p>&nbsp;<\/p>\n<p>&nbsp;<\/p>\n<p>&nbsp;<\/p>\n<p>&nbsp;<\/p>\n<p>&nbsp;<\/p>\n<\/div>\n<p><\/p>","protected":false},"excerpt":{"rendered":"<p>Conditions g\u00e9n\u00e9rales d&rsquo;utilisation de WELTER zahnrad GmbH 1. informations sur les droits d&rsquo;auteur Toutes les informations de ce site Internet sont mises \u00e0 disposition comme indiqu\u00e9, sans pr\u00e9tention \u00e0 l&rsquo;exactitude, \u00e0 l&rsquo;exhaustivit\u00e9 ou \u00e0 l&rsquo;actualit\u00e9. Sauf indication contraire dans la pr\u00e9sente publication, en rapport avec un extrait, un fichier ou un document particulier, toute personne [&hellip;]<\/p>\n","protected":false},"author":1,"featured_media":0,"parent":535,"menu_order":0,"comment_status":"closed","ping_status":"closed","template":"","meta":{"footnotes":""},"class_list":["post-1375","page","type-page","status-publish","czr-hentry"],"_links":{"self":[{"href":"https:\/\/welter-zahnrad.de\/fr\/wp-json\/wp\/v2\/pages\/1375","targetHints":{"allow":["GET"]}}],"collection":[{"href":"https:\/\/welter-zahnrad.de\/fr\/wp-json\/wp\/v2\/pages"}],"about":[{"href":"https:\/\/welter-zahnrad.de\/fr\/wp-json\/wp\/v2\/types\/page"}],"author":[{"embeddable":true,"href":"https:\/\/welter-zahnrad.de\/fr\/wp-json\/wp\/v2\/users\/1"}],"replies":[{"embeddable":true,"href":"https:\/\/welter-zahnrad.de\/fr\/wp-json\/wp\/v2\/comments?post=1375"}],"version-history":[{"count":14,"href":"https:\/\/welter-zahnrad.de\/fr\/wp-json\/wp\/v2\/pages\/1375\/revisions"}],"predecessor-version":[{"id":4000,"href":"https:\/\/welter-zahnrad.de\/fr\/wp-json\/wp\/v2\/pages\/1375\/revisions\/4000"}],"up":[{"embeddable":true,"href":"https:\/\/welter-zahnrad.de\/fr\/wp-json\/wp\/v2\/pages\/535"}],"wp:attachment":[{"href":"https:\/\/welter-zahnrad.de\/fr\/wp-json\/wp\/v2\/media?parent=1375"}],"curies":[{"name":"wp","href":"https:\/\/api.w.org\/{rel}","templated":true}]}}