{"id":1959,"date":"2017-11-28T06:14:16","date_gmt":"2017-11-28T06:14:16","guid":{"rendered":"https:\/\/welterzahnrad-g6ofhpmwtp.live-website.com\/?page_id=1959"},"modified":"2023-09-05T17:11:23","modified_gmt":"2023-09-05T17:11:23","slug":"qualitaetsgrundsaetze","status":"publish","type":"page","link":"https:\/\/welter-zahnrad.de\/fr\/unternehmen\/qualitaetsgrundsaetze\/","title":{"rendered":"Politique de qualit\u00e9"},"content":{"rendered":"<p>- La satisfaction du client est notre objectif le plus important.<br \/>\n&#8211; Le client \u00e9tablit la norme de qualit\u00e9.<br \/>\n&#8211; La qualit\u00e9 comprend la conformit\u00e9 \u00e0 toutes les caract\u00e9ristiques du produit requises et la bonne ex\u00e9cution des services promis.<br \/>\n&#8211; Le maintien de la qualit\u00e9 sp\u00e9cifi\u00e9e est \u00e9conomique.<br \/>\n&#8211; La qualit\u00e9 doit \u00eatre planifi\u00e9e et d\u00e9finie.<br \/>\n&#8211; La pr\u00e9vention des erreurs a priorit\u00e9 sur la d\u00e9tection des erreurs.<br \/>\n&#8211; Les causes d&rsquo;erreurs doivent \u00eatre \u00e9limin\u00e9es.<br \/>\n&#8211; L&rsquo;objectif de qualit\u00e9 est \u00ab\u00a0100{8ae444e1e2d93e4986a028f3f39286f4cf385974685a13f5f75ca1880ecbd032} correct\u00a0\u00bb<br \/>\n&#8211; Chaque employ\u00e9 est responsable de la qualit\u00e9 de son travail.<br \/>\n&#8211; La coop\u00e9ration de tous les employ\u00e9s est la base de la qualit\u00e9.<br \/>\n&#8211; La qualit\u00e9 est un processus constant.<\/p>\n<p><strong>La QUALIT\u00c9 commence dans notre esprit et garantit le succ\u00e8s.<\/strong><\/p>","protected":false},"excerpt":{"rendered":"<p>&#8211; La satisfaction du client est notre objectif le plus important. &#8211; Le client \u00e9tablit la norme de qualit\u00e9. &#8211; La qualit\u00e9 comprend la conformit\u00e9 \u00e0 toutes les caract\u00e9ristiques du produit requises et la bonne ex\u00e9cution des services promis. &#8211; Le maintien de la qualit\u00e9 sp\u00e9cifi\u00e9e est \u00e9conomique. &#8211; La qualit\u00e9 doit \u00eatre planifi\u00e9e et [&hellip;]<\/p>\n","protected":false},"author":1,"featured_media":0,"parent":535,"menu_order":0,"comment_status":"closed","ping_status":"closed","template":"","meta":{"footnotes":""},"class_list":["post-1959","page","type-page","status-publish","czr-hentry"],"_links":{"self":[{"href":"https:\/\/welter-zahnrad.de\/fr\/wp-json\/wp\/v2\/pages\/1959","targetHints":{"allow":["GET"]}}],"collection":[{"href":"https:\/\/welter-zahnrad.de\/fr\/wp-json\/wp\/v2\/pages"}],"about":[{"href":"https:\/\/welter-zahnrad.de\/fr\/wp-json\/wp\/v2\/types\/page"}],"author":[{"embeddable":true,"href":"https:\/\/welter-zahnrad.de\/fr\/wp-json\/wp\/v2\/users\/1"}],"replies":[{"embeddable":true,"href":"https:\/\/welter-zahnrad.de\/fr\/wp-json\/wp\/v2\/comments?post=1959"}],"version-history":[{"count":9,"href":"https:\/\/welter-zahnrad.de\/fr\/wp-json\/wp\/v2\/pages\/1959\/revisions"}],"predecessor-version":[{"id":3133,"href":"https:\/\/welter-zahnrad.de\/fr\/wp-json\/wp\/v2\/pages\/1959\/revisions\/3133"}],"up":[{"embeddable":true,"href":"https:\/\/welter-zahnrad.de\/fr\/wp-json\/wp\/v2\/pages\/535"}],"wp:attachment":[{"href":"https:\/\/welter-zahnrad.de\/fr\/wp-json\/wp\/v2\/media?parent=1959"}],"curies":[{"name":"wp","href":"https:\/\/api.w.org\/{rel}","templated":true}]}}