{"id":246,"date":"2016-03-05T17:08:01","date_gmt":"2016-03-05T17:08:01","guid":{"rendered":"http:\/\/kluge-internet.de\/?page_id=246"},"modified":"2023-10-27T13:27:02","modified_gmt":"2023-10-27T13:27:02","slug":"planverzahnungen","status":"publish","type":"page","link":"https:\/\/welter-zahnrad.de\/fr\/produkte\/planverzahnungen\/","title":{"rendered":"Couplage cyclo-palloide"},"content":{"rendered":"<p>Accouplement cyclo-palloide<\/p><\/div><\/th><th class=\"column-2\"><div id=\"attachment_2610\" style=\"width: 310px\" class=\"wp-caption alignleft\"><a href=\"https:\/\/welterzahnrad-g6ofhpmwtp.live-website.com\/wp-content\/uploads\/WZ_Planverzahnung_2.jpg\"><img loading=\"lazy\" decoding=\"async\" aria-describedby=\"caption-attachment-2610\" src=\"https:\/\/welterzahnrad-g6ofhpmwtp.live-website.com\/wp-content\/uploads\/WZ_Planverzahnung_2-400x286.jpg\" alt=\"Arbre Spurgear avec accouplement Klingelnberg\" width=\"300\" height=\"215\" class=\"size-medium wp-image-2610\" srcset=\"https:\/\/welter-zahnrad.de\/wp-content\/uploads\/WZ_Planverzahnung_2-400x286.jpg 400w, https:\/\/welter-zahnrad.de\/wp-content\/uploads\/WZ_Planverzahnung_2.jpg 1200w\" sizes=\"auto, (max-width: 300px) 100vw, 300px\" \/><\/a><p id=\"caption-attachment-2610\" class=\"wp-caption-text\">Arbre \u00e0 engrenage droit avec accouplement frontal<\/p><\/div><\/th><td class=\"column-3\"><\/td>\n<\/tr>\n<\/thead>\n<tbody class=\"row-striping row-hover\">\n<\/tbody>\n<\/table>\n<!-- #tablepress-44 from cache --><\/p>\n<p>Planverzahnungen gefertigt nach dem Klingelnberg Verfahren erlauben eine spielfreie und extrem hoch belastbare Verbindung von Aggregaten. Die Wiederholgenauigkeit ist aufgrund der Geometrie hervorragend.<\/p>\n<p>&nbsp;<\/p>\n<p>&nbsp;<\/p>\n<p>&nbsp;<\/p>\n<p>&nbsp;<\/p>\n<h3><span class=\"TextRun SCXW150385302 BCX0\" lang=\"DE-DE\" xml:lang=\"DE-DE\" data-contrast=\"auto\"><span class=\"NormalTextRun SCXW150385302 BCX0\">H\u00e4ufig gestellte Fragen zu <span class=\"TextRun SCXW105961927 BCX0\" lang=\"DE-DE\" xml:lang=\"DE-DE\" data-contrast=\"auto\"><span class=\"NormalTextRun SCXW105961927 BCX0\">Planverzahnungen<\/span><\/span><\/span><\/span><\/h3>\n<p>&nbsp;<\/p>\n<h3><span class=\"TextRun SCXW122504934 BCX0\" lang=\"DE-DE\" xml:lang=\"DE-DE\" data-contrast=\"none\"><span class=\"NormalTextRun SCXW122504934 BCX0\">Was sind Planverzahnungen? <\/span><\/span><\/h3>\n<p><span class=\"TextRun SCXW135252918 BCX0\" lang=\"DE-DE\" xml:lang=\"DE-DE\" data-contrast=\"none\"><span class=\"NormalTextRun SCXW135252918 BCX0\">Planverzahnungen, auch als geradverzahnte Stirnr\u00e4der bekannt, sind Zahnr\u00e4der mit Z\u00e4hnen, die parallel zur Drehachse angeordnet sind. Sie sind die am h\u00e4ufigsten verwendete Form von Zahnr\u00e4dern und werden in einer Vielzahl von Anwendungen zur \u00dcbertragung von Drehbewegung und Drehmoment zwischen parallelen Achsen eingesetzt.<\/span><\/span><span class=\"EOP SCXW135252918 BCX0\" data-ccp-props=\"{&quot;201341983&quot;:0,&quot;335559739&quot;:160,&quot;335559740&quot;:259}\">\u00a0<\/span><\/p>\n<p>&nbsp;<\/p>\n<h3><span class=\"TextRun SCXW54103921 BCX0\" lang=\"DE-DE\" xml:lang=\"DE-DE\" data-contrast=\"none\"><span class=\"NormalTextRun SCXW54103921 BCX0\">Wo werden Planverzahnungen eingesetzt? <\/span><\/span><\/h3>\n<p><span class=\"TextRun SCXW238620800 BCX0\" lang=\"DE-DE\" xml:lang=\"DE-DE\" data-contrast=\"none\"><span class=\"NormalTextRun SCXW238620800 BCX0\">Planverzahnungen finden breite Anwendung in Getrieben, Maschinenbau, Fahrzeugantrieben und vielen anderen mechanischen Systemen. Sie sind in praktisch jedem Bereich anzutreffen, in dem Drehbewegung und Drehmoment\u00fcbertragung erforderlich sind.<\/span><\/span><span class=\"EOP SCXW238620800 BCX0\" data-ccp-props=\"{&quot;201341983&quot;:0,&quot;335559739&quot;:160,&quot;335559740&quot;:259}\">\u00a0<\/span><\/p>\n<p>&nbsp;<\/p>\n<h3><span class=\"TextRun SCXW160480560 BCX0\" lang=\"DE-DE\" xml:lang=\"DE-DE\" data-contrast=\"none\"><span class=\"NormalTextRun SCXW160480560 BCX0\">Was sind die Vorteile von Planverzahnungen?<\/span><\/span><\/h3>\n<p><span class=\"TextRun SCXW200566254 BCX0\" lang=\"DE-DE\" xml:lang=\"DE-DE\" data-contrast=\"none\"><span class=\"NormalTextRun SCXW200566254 BCX0\">Die Vorteile von Planverzahnungen liegen in ihrer Einfachheit, Effizienz und weitverbreiteten Verwendung. Sie sind einfach zu konstruieren, bieten eine hohe Effizienz bei der Energie\u00fcbertragung und sind in der Fertigung kosteng\u00fcnstig.<\/span><\/span><span class=\"EOP SCXW200566254 BCX0\" data-ccp-props=\"{&quot;201341983&quot;:0,&quot;335559739&quot;:160,&quot;335559740&quot;:259}\">\u00a0<\/span><\/p>\n<p>&nbsp;<\/p>\n<h3><span class=\"TextRun SCXW121214429 BCX0\" lang=\"DE-DE\" xml:lang=\"DE-DE\" data-contrast=\"none\"><span class=\"NormalTextRun SCXW121214429 BCX0\">Welche Herausforderungen gibt es bei Planverzahnungen? <\/span><\/span><\/h3>\n<p><span class=\"TextRun SCXW198440424 BCX0\" lang=\"DE-DE\" xml:lang=\"DE-DE\" data-contrast=\"none\"><span class=\"NormalTextRun SCXW198440424 BCX0\">Herausforderungen bei Planverzahnungen k\u00f6nnen in Form von Verschlei\u00df der Z\u00e4hne, L\u00e4rm w\u00e4hrend des Betriebs und gelegentlichen Lastspitzen auftreten. Die Lebensdauer und Leistung der Zahnr\u00e4der h\u00e4ngen von der Qualit\u00e4t des Materials, der Schmierung und der Wartung ab.<\/span><\/span><span class=\"EOP SCXW198440424 BCX0\" data-ccp-props=\"{&quot;201341983&quot;:0,&quot;335559739&quot;:160,&quot;335559740&quot;:259}\">\u00a0<\/span><\/p>\n<p>&nbsp;<\/p>\n<h3><span class=\"TextRun SCXW145662256 BCX0\" lang=\"DE-DE\" xml:lang=\"DE-DE\" data-contrast=\"none\"><span class=\"NormalTextRun SCXW145662256 BCX0\">Gibt es verschiedene Arten von Planverzahnungen bei WELTER Zahnrad?<\/span><\/span><\/h3>\n<p><span class=\"TextRun SCXW29077719 BCX0\" lang=\"DE-DE\" xml:lang=\"DE-DE\" data-contrast=\"none\"><span class=\"NormalTextRun SCXW29077719 BCX0\">Ja, es gibt verschiedene Ausf\u00fchrungen von Planverzahnungen. Die wichtigsten Unterscheidungen sind geradverzahnte und schr\u00e4gverzahnte Planverzahnungen. Schr\u00e4gverzahnte R\u00e4der haben schr\u00e4ge Z\u00e4hne, die eine reibungs\u00e4rmere und leisere \u00dcbertragung erm\u00f6glichen.<\/span><\/span><span class=\"EOP SCXW29077719 BCX0\" data-ccp-props=\"{&quot;134233117&quot;:false,&quot;134233118&quot;:false,&quot;201341983&quot;:0,&quot;335551550&quot;:1,&quot;335551620&quot;:1,&quot;335559685&quot;:0,&quot;335559737&quot;:0,&quot;335559738&quot;:0,&quot;335559739&quot;:160,&quot;335559740&quot;:259}\">\u00a0<\/span><\/p>\n<p>&nbsp;Accouplement cyclo-palloide<\/p><\/div><\/th><th class=\"column-2\"><div id=\"attachment_2610\" style=\"width: 310px\" class=\"wp-caption alignleft\"><a href=\"https:\/\/welterzahnrad-g6ofhpmwtp.live-website.com\/wp-content\/uploads\/WZ_Planverzahnung_2.jpg\"><img loading=\"lazy\" decoding=\"async\" aria-describedby=\"caption-attachment-2610\" src=\"https:\/\/welterzahnrad-g6ofhpmwtp.live-website.com\/wp-content\/uploads\/WZ_Planverzahnung_2-400x286.jpg\" alt=\"Arbre Spurgear avec accouplement Klingelnberg\" width=\"300\" height=\"215\" class=\"size-medium wp-image-2610\" srcset=\"https:\/\/welter-zahnrad.de\/wp-content\/uploads\/WZ_Planverzahnung_2-400x286.jpg 400w, https:\/\/welter-zahnrad.de\/wp-content\/uploads\/WZ_Planverzahnung_2.jpg 1200w\" sizes=\"auto, (max-width: 300px) 100vw, 300px\" \/><\/a><p id=\"caption-attachment-2610\" class=\"wp-caption-text\">Arbre \u00e0 engrenage droit avec accouplement frontal<\/p><\/div><\/th><td class=\"column-3\"><\/td>\n<\/tr>\n<\/thead>\n<tbody class=\"row-striping row-hover\">\n<\/tbody>\n<\/table>\n<\/p>\n<p><span class=\"hps\">Face coupling<\/span> <span class=\"hps\">manufactured according to the<\/span> <span class=\"hps\">Klingelnberg<\/span> <span class=\"hps\">methods permit<\/span> <span class=\"hps\">a play-free<\/span> <span class=\"hps atn\">and ultra-<\/span>high-strength <span class=\"hps\">connection<\/span> <span class=\"hps\">of aggregates<\/span>. <span class=\"hps\">The<\/span> <span class=\"hps\">repeatability<\/span> <span class=\"hps\">is excellent<\/span> <span class=\"hps\">due to the geometry<\/span>.\n<table id=\"tablepress-44-no-3\" class=\"tablepress tablepress-id-44\">\n<thead>\n<tr class=\"row-1\">\n\t<th class=\"column-1\"><div id=\"attachment_976\" style=\"width: 310px\" class=\"wp-caption alignleft\"><a href=\"https:\/\/welterzahnrad-g6ofhpmwtp.live-website.com\/wp-content\/uploads\/2016\/05\/Planverzahnung_1200x858.jpg\"><img loading=\"lazy\" decoding=\"async\" aria-describedby=\"caption-attachment-976\" src=\"https:\/\/welterzahnrad-g6ofhpmwtp.live-website.com\/wp-content\/uploads\/2016\/05\/Planverzahnung_1200x858-400x286.jpg\" alt=\"\" width=\"300\" height=\"215\" class=\"size-medium wp-image-976\" srcset=\"https:\/\/welter-zahnrad.de\/wp-content\/uploads\/2016\/05\/Planverzahnung_1200x858-400x286.jpg 400w, https:\/\/welter-zahnrad.de\/wp-content\/uploads\/2016\/05\/Planverzahnung_1200x858.jpg 1200w\" sizes=\"auto, (max-width: 300px) 100vw, 300px\" \/><\/a><p id=\"caption-attachment-976\" class=\"wp-caption-text\">Accouplement cyclo-palloide<\/p><\/div><\/th><th class=\"column-2\"><div id=\"attachment_2610\" style=\"width: 310px\" class=\"wp-caption alignleft\"><a href=\"https:\/\/welterzahnrad-g6ofhpmwtp.live-website.com\/wp-content\/uploads\/WZ_Planverzahnung_2.jpg\"><img loading=\"lazy\" decoding=\"async\" aria-describedby=\"caption-attachment-2610\" src=\"https:\/\/welterzahnrad-g6ofhpmwtp.live-website.com\/wp-content\/uploads\/WZ_Planverzahnung_2-400x286.jpg\" alt=\"Arbre Spurgear avec accouplement Klingelnberg\" width=\"300\" height=\"215\" class=\"size-medium wp-image-2610\" srcset=\"https:\/\/welter-zahnrad.de\/wp-content\/uploads\/WZ_Planverzahnung_2-400x286.jpg 400w, https:\/\/welter-zahnrad.de\/wp-content\/uploads\/WZ_Planverzahnung_2.jpg 1200w\" sizes=\"auto, (max-width: 300px) 100vw, 300px\" \/><\/a><p id=\"caption-attachment-2610\" class=\"wp-caption-text\">Arbre \u00e0 engrenage droit avec accouplement frontal<\/p><\/div><\/th><td class=\"column-3\"><\/td>\n<\/tr>\n<\/thead>\n<tbody class=\"row-striping row-hover\">\n<\/tbody>\n<\/table>\n<\/p>\n<p><span class=\"hps\">Engrenages<\/span> <span class=\"hps\">de la Couronne<\/span> <span class=\"hps\">fabriqu\u00e9s<\/span> <span class=\"hps\">selon les m\u00e9thodes<\/span> <span class=\"hps\">KLINGELNBERG<\/span> <span class=\"hps\">permettent<\/span> <span class=\"hps\">une connexion<\/span> <span class=\"hps\">sans jeu<\/span> <span class=\"hps\">et<\/span> <span class=\"hps atn\">ultra-<\/span>haute r\u00e9sistance <span class=\"hps\">des agr\u00e9gats<\/span>. <span class=\"hps\">La pr\u00e9cision de r\u00e9p\u00e9tition<\/span>\u00a0<span class=\"hps\">est excellente<\/span> <span class=\"hps\">en raison de<\/span> <span class=\"hps\">la g\u00e9om\u00e9trie<\/span>.Accouplement cyclo-palloide<\/p><\/div><\/th><th class=\"column-2\"><div id=\"attachment_2610\" style=\"width: 310px\" class=\"wp-caption alignleft\"><a href=\"https:\/\/welterzahnrad-g6ofhpmwtp.live-website.com\/wp-content\/uploads\/WZ_Planverzahnung_2.jpg\"><img loading=\"lazy\" decoding=\"async\" aria-describedby=\"caption-attachment-2610\" src=\"https:\/\/welterzahnrad-g6ofhpmwtp.live-website.com\/wp-content\/uploads\/WZ_Planverzahnung_2-400x286.jpg\" alt=\"Arbre Spurgear avec accouplement Klingelnberg\" width=\"300\" height=\"215\" class=\"size-medium wp-image-2610\" srcset=\"https:\/\/welter-zahnrad.de\/wp-content\/uploads\/WZ_Planverzahnung_2-400x286.jpg 400w, https:\/\/welter-zahnrad.de\/wp-content\/uploads\/WZ_Planverzahnung_2.jpg 1200w\" sizes=\"auto, (max-width: 300px) 100vw, 300px\" \/><\/a><p id=\"caption-attachment-2610\" class=\"wp-caption-text\">Arbre \u00e0 engrenage droit avec accouplement frontal<\/p><\/div><\/th><td class=\"column-3\"><\/td>\n<\/tr>\n<\/thead>\n<tbody class=\"row-striping row-hover\">\n<\/tbody>\n<\/table>\n<\/p>\n<p>Le scanalature frontali fabbricate secondo il metodo Klingelnberg permettono un collegamento delle unit\u00e0 senza gioco e con un carico estremamente elevato. La ripetibilit\u00e0 \u00e8 eccellente grazie alla geometria.<br \/>\n&nbsp;Accouplement cyclo-palloide<\/p><\/div><\/th><th class=\"column-2\"><div id=\"attachment_2610\" style=\"width: 310px\" class=\"wp-caption alignleft\"><a href=\"https:\/\/welterzahnrad-g6ofhpmwtp.live-website.com\/wp-content\/uploads\/WZ_Planverzahnung_2.jpg\"><img loading=\"lazy\" decoding=\"async\" aria-describedby=\"caption-attachment-2610\" src=\"https:\/\/welterzahnrad-g6ofhpmwtp.live-website.com\/wp-content\/uploads\/WZ_Planverzahnung_2-400x286.jpg\" alt=\"Arbre Spurgear avec accouplement Klingelnberg\" width=\"300\" height=\"215\" class=\"size-medium wp-image-2610\" srcset=\"https:\/\/welter-zahnrad.de\/wp-content\/uploads\/WZ_Planverzahnung_2-400x286.jpg 400w, https:\/\/welter-zahnrad.de\/wp-content\/uploads\/WZ_Planverzahnung_2.jpg 1200w\" sizes=\"auto, (max-width: 300px) 100vw, 300px\" \/><\/a><p id=\"caption-attachment-2610\" class=\"wp-caption-text\">Arbre \u00e0 engrenage droit avec accouplement frontal<\/p><\/div><\/th><td class=\"column-3\"><\/td>\n<\/tr>\n<\/thead>\n<tbody class=\"row-striping row-hover\">\n<\/tbody>\n<\/table>\n<\/p>\n<p><span class=\"VIiyi\" lang=\"zh-CN\"><span class=\"JLqJ4b ChMk0b\" data-language-for-alternatives=\"zh-CN\" data-language-to-translate-into=\"de\" data-phrase-index=\"0\">\u6839\u636e \u514b\u6797\u8d1d\u683c\u65b9\u6cd5\u5236\u9020\u7684\u9762\u8054\u8f74\u5668\u8fde\u63a5\u5141\u8bb8\u65e0\u95f4\u9699\u548c\u8d85\u9ad8\u5f3a\u5ea6\u8fde\u63a5\u3002<\/span> <span class=\"JLqJ4b ChMk0b\" data-language-for-alternatives=\"zh-CN\" data-language-to-translate-into=\"de\" data-phrase-index=\"1\">\u7531\u4e8e\u51e0\u4f55\u5f62\u72b6\u597d\uff0c\u91cd\u590d\u6027\u975e\u5e38\u597d\u3002<\/span><\/span><\/p>","protected":false},"excerpt":{"rendered":"<p>Engrenages de la Couronne fabriqu\u00e9s selon les m\u00e9thodes KLINGELNBERG permettent une connexion sans jeu et ultra-haute r\u00e9sistance des agr\u00e9gats. La pr\u00e9cision de r\u00e9p\u00e9tition\u00a0est excellente en raison de la g\u00e9om\u00e9trie.<\/p>\n","protected":false},"author":1,"featured_media":3828,"parent":34,"menu_order":0,"comment_status":"closed","ping_status":"closed","template":"","meta":{"footnotes":""},"class_list":["post-246","page","type-page","status-publish","has-post-thumbnail","czr-hentry"],"_links":{"self":[{"href":"https:\/\/welter-zahnrad.de\/fr\/wp-json\/wp\/v2\/pages\/246","targetHints":{"allow":["GET"]}}],"collection":[{"href":"https:\/\/welter-zahnrad.de\/fr\/wp-json\/wp\/v2\/pages"}],"about":[{"href":"https:\/\/welter-zahnrad.de\/fr\/wp-json\/wp\/v2\/types\/page"}],"author":[{"embeddable":true,"href":"https:\/\/welter-zahnrad.de\/fr\/wp-json\/wp\/v2\/users\/1"}],"replies":[{"embeddable":true,"href":"https:\/\/welter-zahnrad.de\/fr\/wp-json\/wp\/v2\/comments?post=246"}],"version-history":[{"count":22,"href":"https:\/\/welter-zahnrad.de\/fr\/wp-json\/wp\/v2\/pages\/246\/revisions"}],"predecessor-version":[{"id":3856,"href":"https:\/\/welter-zahnrad.de\/fr\/wp-json\/wp\/v2\/pages\/246\/revisions\/3856"}],"up":[{"embeddable":true,"href":"https:\/\/welter-zahnrad.de\/fr\/wp-json\/wp\/v2\/pages\/34"}],"wp:featuredmedia":[{"embeddable":true,"href":"https:\/\/welter-zahnrad.de\/fr\/wp-json\/wp\/v2\/media\/3828"}],"wp:attachment":[{"href":"https:\/\/welter-zahnrad.de\/fr\/wp-json\/wp\/v2\/media?parent=246"}],"curies":[{"name":"wp","href":"https:\/\/api.w.org\/{rel}","templated":true}]}}