{"id":2568,"date":"2020-02-17T13:32:21","date_gmt":"2020-02-17T13:32:21","guid":{"rendered":"https:\/\/welterzahnrad-g6ofhpmwtp.live-website.com\/?page_id=2568"},"modified":"2023-10-27T13:32:56","modified_gmt":"2023-10-27T13:32:56","slug":"technische-kurven","status":"publish","type":"page","link":"https:\/\/welter-zahnrad.de\/fr\/produkte\/technische-kurven\/","title":{"rendered":"Cames techniques"},"content":{"rendered":"<p>Cam Radial<\/p><\/div><\/td><td class=\"column-2\"><div id=\"attachment_1752\" style=\"width: 310px\" class=\"wp-caption alignleft\"><a href=\"https:\/\/welterzahnrad-g6ofhpmwtp.live-website.com\/wp-content\/uploads\/Kurve2.jpg\"><img loading=\"lazy\" decoding=\"async\" aria-describedby=\"caption-attachment-1752\" src=\"https:\/\/welterzahnrad-g6ofhpmwtp.live-website.com\/wp-content\/uploads\/Kurve2-400x286.jpg\" alt=\"\" width=\"300\" height=\"215\" class=\"size-medium wp-image-1752\" srcset=\"https:\/\/welter-zahnrad.de\/wp-content\/uploads\/Kurve2-400x286.jpg 400w, https:\/\/welter-zahnrad.de\/wp-content\/uploads\/Kurve2.jpg 1200w\" sizes=\"auto, (max-width: 300px) 100vw, 300px\" \/><\/a><p id=\"caption-attachment-1752\" class=\"wp-caption-text\">Rainure de came<\/p><\/div><\/td><td class=\"column-3\"><div id=\"attachment_1753\" style=\"width: 310px\" class=\"wp-caption alignleft\"><a href=\"https:\/\/welterzahnrad-g6ofhpmwtp.live-website.com\/wp-content\/uploads\/Kurve3.jpg\"><img loading=\"lazy\" decoding=\"async\" aria-describedby=\"caption-attachment-1753\" src=\"https:\/\/welterzahnrad-g6ofhpmwtp.live-website.com\/wp-content\/uploads\/Kurve3-400x286.jpg\" alt=\"\" width=\"300\" height=\"215\" class=\"size-medium wp-image-1753\" srcset=\"https:\/\/welter-zahnrad.de\/wp-content\/uploads\/Kurve3-400x286.jpg 400w, https:\/\/welter-zahnrad.de\/wp-content\/uploads\/Kurve3.jpg 1200w\" sizes=\"auto, (max-width: 300px) 100vw, 300px\" \/><\/a><p id=\"caption-attachment-1753\" class=\"wp-caption-text\">Came de cylindre<\/p><\/div><\/td>\n<\/tr>\n<tr class=\"row-2\">\n\t<td class=\"column-1\"><strong>Cames Radials<\/strong><br \/>\nCames singles ou compl\u00e9mentaires, viss\u00e9es ou monobloc. Chenilles de came frais\u00e9es avec pr\u00e9cision dans une seule fixation<\/td><td class=\"column-2\"><strong>Rainure de Cames<\/strong><br \/>\nLa cames de rainure montre un mouvement vers l'avant et vers l'arri\u00e8re dans un composant. Il n'y a ni ressort de rappel ni courbe compl\u00e9mentaire<br \/>\n<\/td><td class=\"column-3\"><strong>Cames de cylindre<\/strong><br \/>\nDiff\u00e9rentes lois du mouvement telles que les sino\u00efdes modifi\u00e9s, les trap\u00e9zo\u00efdes ou les polyn\u00f4mes <\/td>\n<\/tr>\n<tr class=\"row-3\">\n\t<td class=\"column-1\"><\/td><td class=\"column-2\"><\/td><td class=\"column-3\"><\/td>\n<\/tr>\n<tr class=\"row-4\">\n\t<td class=\"column-1\"><\/td><td class=\"column-2\"><\/td><td class=\"column-3\"><\/td>\n<\/tr>\n<tr class=\"row-5\">\n\t<td class=\"column-1\"><\/td><td class=\"column-2\"><\/td><td class=\"column-3\"><\/td>\n<\/tr>\n<\/tbody>\n<\/table>\n<!-- #tablepress-42 from cache -->\n<p>&nbsp;<\/p>\n<p>&nbsp;<\/p>\n<p>&nbsp;<\/p>\n<h3>H\u00e4ufig gestellte Fragen <span class=\"LineBreakBlob BlobObject DragDrop SCXW102364435 BCX0\"><span class=\"SCXW102364435 BCX0\">zu <\/span><\/span><span class=\"TextRun SCXW102364435 BCX0\" lang=\"DE-DE\" xml:lang=\"DE-DE\" data-contrast=\"auto\"><span class=\"NormalTextRun SCXW102364435 BCX0\">Technischen Kurven<\/span><\/span><\/h3>\n<p>&nbsp;<\/p>\n<h3><span class=\"TextRun SCXW67408344 BCX0\" lang=\"DE-DE\" xml:lang=\"DE-DE\" data-contrast=\"none\"><span class=\"NormalTextRun SCXW67408344 BCX0\">Welche Bearbeitung wird bei WELTER f\u00fcr technische Kurven angewendet?<\/span><\/span><\/h3>\n<p><span class=\"TextRun SCXW23911976 BCX0\" lang=\"DE-DE\" xml:lang=\"DE-DE\" data-contrast=\"none\"><span class=\"NormalTextRun SCXW23911976 BCX0\">Bei WELTER Zahnrad setzen wir modernste Bearbeitungstechnologien ein, unterst\u00fctzt von geschultem Fachpersonal. Unsere hochmodernen Maschinen gew\u00e4hrleisten eine pr\u00e4zise Bearbeitung, um die geforderte Qualit\u00e4t und Flexibilit\u00e4t der technischen Kurven sicherzustellen.<\/span><\/span><span class=\"EOP SCXW23911976 BCX0\" data-ccp-props=\"{&quot;201341983&quot;:0,&quot;335559739&quot;:160,&quot;335559740&quot;:259}\">\u00a0<\/span><\/p>\n<p>&nbsp;<\/p>\n<h3><span class=\"TextRun SCXW203135510 BCX0\" lang=\"DE-DE\" xml:lang=\"DE-DE\" data-contrast=\"none\"><span class=\"NormalTextRun SCXW203135510 BCX0\">Welche Arten von technischen Kurven werden hergestellt? <\/span><\/span><\/h3>\n<p><span class=\"TextRun SCXW97887279 BCX0\" lang=\"DE-DE\" xml:lang=\"DE-DE\" data-contrast=\"none\"><span class=\"NormalTextRun SCXW97887279 BCX0\">Unsere Produktion umfasst eine breite Palette von technischen Kurven, darunter Radialkurven, Nutkurven, Zylinderkurven und Scheibenkurven. Die Auswahl h\u00e4ngt von den spezifischen Anforderungen unserer Kunden ab, und wir sind in der Lage, ma\u00dfgeschneiderte L\u00f6sungen anzubieten, um ihre individuellen Bed\u00fcrfnisse zu erf\u00fcllen.<\/span><\/span><span class=\"EOP SCXW97887279 BCX0\" data-ccp-props=\"{&quot;201341983&quot;:0,&quot;335559739&quot;:160,&quot;335559740&quot;:259}\">\u00a0<\/span><\/p>\n<p>&nbsp;<\/p>\n<h3><span class=\"NormalTextRun SCXW142827315 BCX0\">Wie <\/span><span class=\"NormalTextRun ContextualSpellingAndGrammarErrorV2Themed SCXW142827315 BCX0\">wird<\/span><span class=\"NormalTextRun SCXW142827315 BCX0\"> die Qualit\u00e4t und Dokumentation bei der Herstellung von technischen Kurven sichergestellt? <\/span><\/h3>\n<p><span class=\"TextRun SCXW166322855 BCX0\" lang=\"DE-DE\" xml:lang=\"DE-DE\" data-contrast=\"none\"><span class=\"NormalTextRun SCXW166322855 BCX0\">Die Qualit\u00e4tssicherung steht bei WELTER Zahnrad an oberster Stelle. Unsere hochqualifizierten Ingenieure und Techniker \u00fcberwachen und dokumentieren den gesamten Fertigungsprozess von Anfang bis Ende. Wir verf\u00fcgen \u00fcber umfangreiche Pr\u00fcfeinrichtungen, um sicherzustellen, dass unsere technischen Kurven den h\u00f6chsten Standards entsprechen.<\/span><\/span><span class=\"EOP SCXW166322855 BCX0\" data-ccp-props=\"{&quot;201341983&quot;:0,&quot;335559739&quot;:160,&quot;335559740&quot;:259}\">\u00a0<\/span><\/p>\n<p>&nbsp;<\/p>\n<h3><span class=\"TextRun SCXW125586783 BCX0\" lang=\"DE-DE\" xml:lang=\"DE-DE\" data-contrast=\"none\"><span class=\"NormalTextRun SCXW125586783 BCX0\">Warum sind technische Kurven in verschiedenen Anwendungen wichtig? <\/span><\/span><\/h3>\n<p><span class=\"TextRun SCXW28610668 BCX0\" lang=\"DE-DE\" xml:lang=\"DE-DE\" data-contrast=\"none\"><span class=\"NormalTextRun SCXW28610668 BCX0\">Technische Kurven spielen eine entscheidende Rolle in einer Vielzahl von mechanischen Systemen. Sie erm\u00f6glichen komplexe Bewegungsabl\u00e4ufe und sind daher in Anwendungen wie Maschinenbau, Fahrzeugtechnik und anderen Industriezweigen von gro\u00dfer Bedeutung.\u00a0<\/span><\/span><span class=\"EOP SCXW28610668 BCX0\" data-ccp-props=\"{&quot;201341983&quot;:0,&quot;335559739&quot;:160,&quot;335559740&quot;:259}\">\u00a0<\/span><\/p>\n<p>&nbsp;<\/p>\n<h3><span class=\"TextRun SCXW75672306 BCX0\" lang=\"DE-DE\" xml:lang=\"DE-DE\" data-contrast=\"none\"><span class=\"NormalTextRun SCXW75672306 BCX0\">Wie k\u00f6nnen Kunden Anfragen f\u00fcr technische Kurven bei WELTER stellen?<\/span><\/span><\/h3>\n<p><span class=\"TextRun SCXW208697552 BCX0\" lang=\"DE-DE\" xml:lang=\"DE-DE\" data-contrast=\"none\"><span class=\"NormalTextRun SCXW208697552 BCX0\">Kunden k\u00f6nnen unkompliziert Anfragen stellen, indem sie sich direkt an unser Vertriebsteam wenden. Wir stehen bereit, um Kundenanforderungen zu besprechen, individuelle L\u00f6sungen zu entwickeln und eine reibungslose Auftragsabwicklung sicherzustellen.\u00a0<\/span><\/span><span class=\"EOP SCXW208697552 BCX0\" data-ccp-props=\"{&quot;201341983&quot;:0,&quot;335559739&quot;:160,&quot;335559740&quot;:259}\">\u00a0<\/span><\/p>\n<p>&nbsp;Cam Radial<\/p><\/div><\/td><td class=\"column-2\"><div id=\"attachment_1752\" style=\"width: 310px\" class=\"wp-caption alignleft\"><a href=\"https:\/\/welterzahnrad-g6ofhpmwtp.live-website.com\/wp-content\/uploads\/Kurve2.jpg\"><img loading=\"lazy\" decoding=\"async\" aria-describedby=\"caption-attachment-1752\" src=\"https:\/\/welterzahnrad-g6ofhpmwtp.live-website.com\/wp-content\/uploads\/Kurve2-400x286.jpg\" alt=\"\" width=\"300\" height=\"215\" class=\"size-medium wp-image-1752\" srcset=\"https:\/\/welter-zahnrad.de\/wp-content\/uploads\/Kurve2-400x286.jpg 400w, https:\/\/welter-zahnrad.de\/wp-content\/uploads\/Kurve2.jpg 1200w\" sizes=\"auto, (max-width: 300px) 100vw, 300px\" \/><\/a><p id=\"caption-attachment-1752\" class=\"wp-caption-text\">Rainure de came<\/p><\/div><\/td><td class=\"column-3\"><div id=\"attachment_1753\" style=\"width: 310px\" class=\"wp-caption alignleft\"><a href=\"https:\/\/welterzahnrad-g6ofhpmwtp.live-website.com\/wp-content\/uploads\/Kurve3.jpg\"><img loading=\"lazy\" decoding=\"async\" aria-describedby=\"caption-attachment-1753\" src=\"https:\/\/welterzahnrad-g6ofhpmwtp.live-website.com\/wp-content\/uploads\/Kurve3-400x286.jpg\" alt=\"\" width=\"300\" height=\"215\" class=\"size-medium wp-image-1753\" srcset=\"https:\/\/welter-zahnrad.de\/wp-content\/uploads\/Kurve3-400x286.jpg 400w, https:\/\/welter-zahnrad.de\/wp-content\/uploads\/Kurve3.jpg 1200w\" sizes=\"auto, (max-width: 300px) 100vw, 300px\" \/><\/a><p id=\"caption-attachment-1753\" class=\"wp-caption-text\">Came de cylindre<\/p><\/div><\/td>\n<\/tr>\n<tr class=\"row-2\">\n\t<td class=\"column-1\"><strong>Cames Radials<\/strong><br \/>\nCames singles ou compl\u00e9mentaires, viss\u00e9es ou monobloc. Chenilles de came frais\u00e9es avec pr\u00e9cision dans une seule fixation<\/td><td class=\"column-2\"><strong>Rainure de Cames<\/strong><br \/>\nLa cames de rainure montre un mouvement vers l'avant et vers l'arri\u00e8re dans un composant. Il n'y a ni ressort de rappel ni courbe compl\u00e9mentaire<br \/>\n<\/td><td class=\"column-3\"><strong>Cames de cylindre<\/strong><br \/>\nDiff\u00e9rentes lois du mouvement telles que les sino\u00efdes modifi\u00e9s, les trap\u00e9zo\u00efdes ou les polyn\u00f4mes <\/td>\n<\/tr>\n<tr class=\"row-3\">\n\t<td class=\"column-1\"><\/td><td class=\"column-2\"><\/td><td class=\"column-3\"><\/td>\n<\/tr>\n<tr class=\"row-4\">\n\t<td class=\"column-1\"><\/td><td class=\"column-2\"><\/td><td class=\"column-3\"><\/td>\n<\/tr>\n<tr class=\"row-5\">\n\t<td class=\"column-1\"><\/td><td class=\"column-2\"><\/td><td class=\"column-3\"><\/td>\n<\/tr>\n<\/tbody>\n<\/table>\nWELTER a de nombreuses ann\u00e9es d\u2019exp\u00e9rience dans l\u2019usinage d\u2019engrenages de toute forme et de grande pr\u00e9cision avec des mati\u00e8res potentiellement durcies. Nous avons transf\u00e9r\u00e9 cette exp\u00e9rience \u00e0 la production de cames. Des machines modernes et tr\u00e8s pr\u00e9cises, combin\u00e9es \u00e0 des travailleurs qualifi\u00e9s et bien form\u00e9s, permettent une qualit\u00e9 de produit \u00e9lev\u00e9e et une flexibilit\u00e9 dans l\u2019ex\u00e9cution du produit. Les connaissances en ing\u00e9nierie et les nombreux \u00e9quipements de test et de mesure permettent de garantir la qualit\u00e9 des produits qui r\u00e9pondent aux exigences les plus \u00e9lev\u00e9es des standards de qualit\u00e9. Avec des logiciels tr\u00e8s performants, la g\u00e9om\u00e9trie de la courbe peut \u00eatre calcul\u00e9e et impl\u00e9ment\u00e9e dans des programmes de production et de mesure.<\/p>\n<p>Nos composants de fabrication mesurent jusqu\u2019\u00e0 2000 mm de diam\u00e8tre. La rugosit\u00e9 Ra = 0,4 \u00b5m est obtenue par fraisage tr\u00e8s pr\u00e9cis. Les aciers trait\u00e9s, nitrur\u00e9s ou c\u00e9ment\u00e9s peuvent \u00eatre utilis\u00e9s pour ces produits.<\/p>\n<p>\n<table id=\"tablepress-42-no-3\" class=\"tablepress tablepress-id-42\">\n<tbody class=\"row-striping row-hover\">\n<tr class=\"row-1\">\n\t<td class=\"column-1\"><div id=\"attachment_1744\" style=\"width: 310px\" class=\"wp-caption alignleft\"><a href=\"https:\/\/welterzahnrad-g6ofhpmwtp.live-website.com\/wp-content\/uploads\/Kurve1.jpg\"><img loading=\"lazy\" decoding=\"async\" aria-describedby=\"caption-attachment-1744\" src=\"https:\/\/welterzahnrad-g6ofhpmwtp.live-website.com\/wp-content\/uploads\/Kurve1-400x286.jpg\" alt=\"\" width=\"300\" height=\"215\" class=\"size-medium wp-image-1744\" srcset=\"https:\/\/welter-zahnrad.de\/wp-content\/uploads\/Kurve1-400x286.jpg 400w, https:\/\/welter-zahnrad.de\/wp-content\/uploads\/Kurve1.jpg 1200w\" sizes=\"auto, (max-width: 300px) 100vw, 300px\" \/><\/a><p id=\"caption-attachment-1744\" class=\"wp-caption-text\">Cam Radial<\/p><\/div><\/td><td class=\"column-2\"><div id=\"attachment_1752\" style=\"width: 310px\" class=\"wp-caption alignleft\"><a href=\"https:\/\/welterzahnrad-g6ofhpmwtp.live-website.com\/wp-content\/uploads\/Kurve2.jpg\"><img loading=\"lazy\" decoding=\"async\" aria-describedby=\"caption-attachment-1752\" src=\"https:\/\/welterzahnrad-g6ofhpmwtp.live-website.com\/wp-content\/uploads\/Kurve2-400x286.jpg\" alt=\"\" width=\"300\" height=\"215\" class=\"size-medium wp-image-1752\" srcset=\"https:\/\/welter-zahnrad.de\/wp-content\/uploads\/Kurve2-400x286.jpg 400w, https:\/\/welter-zahnrad.de\/wp-content\/uploads\/Kurve2.jpg 1200w\" sizes=\"auto, (max-width: 300px) 100vw, 300px\" \/><\/a><p id=\"caption-attachment-1752\" class=\"wp-caption-text\">Rainure de came<\/p><\/div><\/td><td class=\"column-3\"><div id=\"attachment_1753\" style=\"width: 310px\" class=\"wp-caption alignleft\"><a href=\"https:\/\/welterzahnrad-g6ofhpmwtp.live-website.com\/wp-content\/uploads\/Kurve3.jpg\"><img loading=\"lazy\" decoding=\"async\" aria-describedby=\"caption-attachment-1753\" src=\"https:\/\/welterzahnrad-g6ofhpmwtp.live-website.com\/wp-content\/uploads\/Kurve3-400x286.jpg\" alt=\"\" width=\"300\" height=\"215\" class=\"size-medium wp-image-1753\" srcset=\"https:\/\/welter-zahnrad.de\/wp-content\/uploads\/Kurve3-400x286.jpg 400w, https:\/\/welter-zahnrad.de\/wp-content\/uploads\/Kurve3.jpg 1200w\" sizes=\"auto, (max-width: 300px) 100vw, 300px\" \/><\/a><p id=\"caption-attachment-1753\" class=\"wp-caption-text\">Came de cylindre<\/p><\/div><\/td>\n<\/tr>\n<tr class=\"row-2\">\n\t<td class=\"column-1\"><strong>Cames Radials<\/strong><br \/>\nCames singles ou compl\u00e9mentaires, viss\u00e9es ou monobloc. Chenilles de came frais\u00e9es avec pr\u00e9cision dans une seule fixation<\/td><td class=\"column-2\"><strong>Rainure de Cames<\/strong><br \/>\nLa cames de rainure montre un mouvement vers l'avant et vers l'arri\u00e8re dans un composant. Il n'y a ni ressort de rappel ni courbe compl\u00e9mentaire<br \/>\n<\/td><td class=\"column-3\"><strong>Cames de cylindre<\/strong><br \/>\nDiff\u00e9rentes lois du mouvement telles que les sino\u00efdes modifi\u00e9s, les trap\u00e9zo\u00efdes ou les polyn\u00f4mes <\/td>\n<\/tr>\n<tr class=\"row-3\">\n\t<td class=\"column-1\"><\/td><td class=\"column-2\"><\/td><td class=\"column-3\"><\/td>\n<\/tr>\n<tr class=\"row-4\">\n\t<td class=\"column-1\"><\/td><td class=\"column-2\"><\/td><td class=\"column-3\"><\/td>\n<\/tr>\n<tr class=\"row-5\">\n\t<td class=\"column-1\"><\/td><td class=\"column-2\"><\/td><td class=\"column-3\"><\/td>\n<\/tr>\n<\/tbody>\n<\/table>\nCam Radial<\/p><\/div><\/td><td class=\"column-2\"><div id=\"attachment_1752\" style=\"width: 310px\" class=\"wp-caption alignleft\"><a href=\"https:\/\/welterzahnrad-g6ofhpmwtp.live-website.com\/wp-content\/uploads\/Kurve2.jpg\"><img loading=\"lazy\" decoding=\"async\" aria-describedby=\"caption-attachment-1752\" src=\"https:\/\/welterzahnrad-g6ofhpmwtp.live-website.com\/wp-content\/uploads\/Kurve2-400x286.jpg\" alt=\"\" width=\"300\" height=\"215\" class=\"size-medium wp-image-1752\" srcset=\"https:\/\/welter-zahnrad.de\/wp-content\/uploads\/Kurve2-400x286.jpg 400w, https:\/\/welter-zahnrad.de\/wp-content\/uploads\/Kurve2.jpg 1200w\" sizes=\"auto, (max-width: 300px) 100vw, 300px\" \/><\/a><p id=\"caption-attachment-1752\" class=\"wp-caption-text\">Rainure de came<\/p><\/div><\/td><td class=\"column-3\"><div id=\"attachment_1753\" style=\"width: 310px\" class=\"wp-caption alignleft\"><a href=\"https:\/\/welterzahnrad-g6ofhpmwtp.live-website.com\/wp-content\/uploads\/Kurve3.jpg\"><img loading=\"lazy\" decoding=\"async\" aria-describedby=\"caption-attachment-1753\" src=\"https:\/\/welterzahnrad-g6ofhpmwtp.live-website.com\/wp-content\/uploads\/Kurve3-400x286.jpg\" alt=\"\" width=\"300\" height=\"215\" class=\"size-medium wp-image-1753\" srcset=\"https:\/\/welter-zahnrad.de\/wp-content\/uploads\/Kurve3-400x286.jpg 400w, https:\/\/welter-zahnrad.de\/wp-content\/uploads\/Kurve3.jpg 1200w\" sizes=\"auto, (max-width: 300px) 100vw, 300px\" \/><\/a><p id=\"caption-attachment-1753\" class=\"wp-caption-text\">Came de cylindre<\/p><\/div><\/td>\n<\/tr>\n<tr class=\"row-2\">\n\t<td class=\"column-1\"><strong>Cames Radials<\/strong><br \/>\nCames singles ou compl\u00e9mentaires, viss\u00e9es ou monobloc. Chenilles de came frais\u00e9es avec pr\u00e9cision dans une seule fixation<\/td><td class=\"column-2\"><strong>Rainure de Cames<\/strong><br \/>\nLa cames de rainure montre un mouvement vers l'avant et vers l'arri\u00e8re dans un composant. Il n'y a ni ressort de rappel ni courbe compl\u00e9mentaire<br \/>\n<\/td><td class=\"column-3\"><strong>Cames de cylindre<\/strong><br \/>\nDiff\u00e9rentes lois du mouvement telles que les sino\u00efdes modifi\u00e9s, les trap\u00e9zo\u00efdes ou les polyn\u00f4mes <\/td>\n<\/tr>\n<tr class=\"row-3\">\n\t<td class=\"column-1\"><\/td><td class=\"column-2\"><\/td><td class=\"column-3\"><\/td>\n<\/tr>\n<tr class=\"row-4\">\n\t<td class=\"column-1\"><\/td><td class=\"column-2\"><\/td><td class=\"column-3\"><\/td>\n<\/tr>\n<tr class=\"row-5\">\n\t<td class=\"column-1\"><\/td><td class=\"column-2\"><\/td><td class=\"column-3\"><\/td>\n<\/tr>\n<\/tbody>\n<\/table>\n<br \/>\nCam Radial<\/p><\/div><\/td><td class=\"column-2\"><div id=\"attachment_1752\" style=\"width: 310px\" class=\"wp-caption alignleft\"><a href=\"https:\/\/welterzahnrad-g6ofhpmwtp.live-website.com\/wp-content\/uploads\/Kurve2.jpg\"><img loading=\"lazy\" decoding=\"async\" aria-describedby=\"caption-attachment-1752\" src=\"https:\/\/welterzahnrad-g6ofhpmwtp.live-website.com\/wp-content\/uploads\/Kurve2-400x286.jpg\" alt=\"\" width=\"300\" height=\"215\" class=\"size-medium wp-image-1752\" srcset=\"https:\/\/welter-zahnrad.de\/wp-content\/uploads\/Kurve2-400x286.jpg 400w, https:\/\/welter-zahnrad.de\/wp-content\/uploads\/Kurve2.jpg 1200w\" sizes=\"auto, (max-width: 300px) 100vw, 300px\" \/><\/a><p id=\"caption-attachment-1752\" class=\"wp-caption-text\">Rainure de came<\/p><\/div><\/td><td class=\"column-3\"><div id=\"attachment_1753\" style=\"width: 310px\" class=\"wp-caption alignleft\"><a href=\"https:\/\/welterzahnrad-g6ofhpmwtp.live-website.com\/wp-content\/uploads\/Kurve3.jpg\"><img loading=\"lazy\" decoding=\"async\" aria-describedby=\"caption-attachment-1753\" src=\"https:\/\/welterzahnrad-g6ofhpmwtp.live-website.com\/wp-content\/uploads\/Kurve3-400x286.jpg\" alt=\"\" width=\"300\" height=\"215\" class=\"size-medium wp-image-1753\" srcset=\"https:\/\/welter-zahnrad.de\/wp-content\/uploads\/Kurve3-400x286.jpg 400w, https:\/\/welter-zahnrad.de\/wp-content\/uploads\/Kurve3.jpg 1200w\" sizes=\"auto, (max-width: 300px) 100vw, 300px\" \/><\/a><p id=\"caption-attachment-1753\" class=\"wp-caption-text\">Came de cylindre<\/p><\/div><\/td>\n<\/tr>\n<tr class=\"row-2\">\n\t<td class=\"column-1\"><strong>Cames Radials<\/strong><br \/>\nCames singles ou compl\u00e9mentaires, viss\u00e9es ou monobloc. Chenilles de came frais\u00e9es avec pr\u00e9cision dans une seule fixation<\/td><td class=\"column-2\"><strong>Rainure de Cames<\/strong><br \/>\nLa cames de rainure montre un mouvement vers l'avant et vers l'arri\u00e8re dans un composant. Il n'y a ni ressort de rappel ni courbe compl\u00e9mentaire<br \/>\n<\/td><td class=\"column-3\"><strong>Cames de cylindre<\/strong><br \/>\nDiff\u00e9rentes lois du mouvement telles que les sino\u00efdes modifi\u00e9s, les trap\u00e9zo\u00efdes ou les polyn\u00f4mes <\/td>\n<\/tr>\n<tr class=\"row-3\">\n\t<td class=\"column-1\"><\/td><td class=\"column-2\"><\/td><td class=\"column-3\"><\/td>\n<\/tr>\n<tr class=\"row-4\">\n\t<td class=\"column-1\"><\/td><td class=\"column-2\"><\/td><td class=\"column-3\"><\/td>\n<\/tr>\n<tr class=\"row-5\">\n\t<td class=\"column-1\"><\/td><td class=\"column-2\"><\/td><td class=\"column-3\"><\/td>\n<\/tr>\n<\/tbody>\n<\/table>\n<\/p>","protected":false},"excerpt":{"rendered":"<p>WELTER a de nombreuses ann\u00e9es d\u2019exp\u00e9rience dans l\u2019usinage d\u2019engrenages de toute forme et de grande pr\u00e9cision avec des mati\u00e8res potentiellement durcies. Nous avons transf\u00e9r\u00e9 cette exp\u00e9rience \u00e0 la production de cames. Des machines modernes et tr\u00e8s pr\u00e9cises, combin\u00e9es \u00e0 des travailleurs qualifi\u00e9s et bien form\u00e9s, permettent une qualit\u00e9 de produit \u00e9lev\u00e9e et une flexibilit\u00e9 dans [&hellip;]<\/p>\n","protected":false},"author":1,"featured_media":2569,"parent":34,"menu_order":0,"comment_status":"closed","ping_status":"closed","template":"","meta":{"footnotes":""},"class_list":["post-2568","page","type-page","status-publish","has-post-thumbnail","czr-hentry"],"_links":{"self":[{"href":"https:\/\/welter-zahnrad.de\/fr\/wp-json\/wp\/v2\/pages\/2568","targetHints":{"allow":["GET"]}}],"collection":[{"href":"https:\/\/welter-zahnrad.de\/fr\/wp-json\/wp\/v2\/pages"}],"about":[{"href":"https:\/\/welter-zahnrad.de\/fr\/wp-json\/wp\/v2\/types\/page"}],"author":[{"embeddable":true,"href":"https:\/\/welter-zahnrad.de\/fr\/wp-json\/wp\/v2\/users\/1"}],"replies":[{"embeddable":true,"href":"https:\/\/welter-zahnrad.de\/fr\/wp-json\/wp\/v2\/comments?post=2568"}],"version-history":[{"count":14,"href":"https:\/\/welter-zahnrad.de\/fr\/wp-json\/wp\/v2\/pages\/2568\/revisions"}],"predecessor-version":[{"id":3858,"href":"https:\/\/welter-zahnrad.de\/fr\/wp-json\/wp\/v2\/pages\/2568\/revisions\/3858"}],"up":[{"embeddable":true,"href":"https:\/\/welter-zahnrad.de\/fr\/wp-json\/wp\/v2\/pages\/34"}],"wp:featuredmedia":[{"embeddable":true,"href":"https:\/\/welter-zahnrad.de\/fr\/wp-json\/wp\/v2\/media\/2569"}],"wp:attachment":[{"href":"https:\/\/welter-zahnrad.de\/fr\/wp-json\/wp\/v2\/media?parent=2568"}],"curies":[{"name":"wp","href":"https:\/\/api.w.org\/{rel}","templated":true}]}}