{"id":2712,"date":"2021-01-28T10:26:47","date_gmt":"2021-01-28T10:26:47","guid":{"rendered":"https:\/\/welterzahnrad-g6ofhpmwtp.live-website.com\/?page_id=2712"},"modified":"2023-10-27T13:56:39","modified_gmt":"2023-10-27T13:56:39","slug":"ellipsenzahnraeder-unrundzahnraeder","status":"publish","type":"page","link":"https:\/\/welter-zahnrad.de\/fr\/produkte\/spezialitaeten\/ellipsenzahnraeder-unrundzahnraeder\/","title":{"rendered":"Engrenage droit elliptique"},"content":{"rendered":"<p><div id=\"attachment_2607\" style=\"width: 353px\" class=\"wp-caption alignleft\"><a href=\"https:\/\/welterzahnrad-g6ofhpmwtp.live-website.com\/wp-content\/uploads\/WZ_Unrundzahnrad.jpg\"><img loading=\"lazy\" decoding=\"async\" aria-describedby=\"caption-attachment-2607\" class=\" wp-image-2607\" src=\"https:\/\/welterzahnrad-g6ofhpmwtp.live-website.com\/wp-content\/uploads\/WZ_Unrundzahnrad-400x286.jpg\" alt=\"\" width=\"343\" height=\"245\" srcset=\"https:\/\/welter-zahnrad.de\/wp-content\/uploads\/WZ_Unrundzahnrad-400x286.jpg 400w, https:\/\/welter-zahnrad.de\/wp-content\/uploads\/WZ_Unrundzahnrad.jpg 1200w\" sizes=\"auto, (max-width: 343px) 100vw, 343px\" \/><\/a><p id=\"caption-attachment-2607\" class=\"wp-caption-text\">Engrenage droit elliptique<\/p><\/div><\/p>\n<p>Les engrenages elliptiques permettent la transmission du couple avec des rapports de transmission in\u00e9gaux en circulation. Les applications comprennent les syst\u00e8mes \u00ab\u00a0pick-and-place\u00a0\u00bb o\u00f9 une pi\u00e8ce doit \u00eatre saisie et d\u00e9pos\u00e9e lentement, mais o\u00f9 le mouvement entre les deux est rapide. Un autre exemple est celui des ajustements, o\u00f9 un ajustement plus fin doit \u00eatre effectu\u00e9 en position centrale.<\/p>\n<p>Nous fabriquons des engrenages elliptiques selon les plans du client dans une large gamme de diam\u00e8tres et de modules par fraisage de forme libre \u00e0 partir d&rsquo;acier tremp\u00e9 et revenu ou en version c\u00e9ment\u00e9e. En option, l&rsquo;usinage fin des flancs de dents peut \u00e9galement \u00eatre effectu\u00e9 apr\u00e8s durcissement en qualit\u00e9 6 selon la norme DIN3<\/p>","protected":false},"excerpt":{"rendered":"<p>Les engrenages elliptiques permettent la transmission du couple avec des rapports de transmission in\u00e9gaux en circulation. Les applications comprennent les syst\u00e8mes \u00ab\u00a0pick-and-place\u00a0\u00bb o\u00f9 une pi\u00e8ce doit \u00eatre saisie et d\u00e9pos\u00e9e lentement, mais o\u00f9 le mouvement entre les deux est rapide. Un autre exemple est celui des ajustements, o\u00f9 un ajustement plus fin doit \u00eatre effectu\u00e9 [&hellip;]<\/p>\n","protected":false},"author":1,"featured_media":3835,"parent":2790,"menu_order":0,"comment_status":"closed","ping_status":"closed","template":"","meta":{"footnotes":""},"class_list":["post-2712","page","type-page","status-publish","has-post-thumbnail","czr-hentry"],"_links":{"self":[{"href":"https:\/\/welter-zahnrad.de\/fr\/wp-json\/wp\/v2\/pages\/2712","targetHints":{"allow":["GET"]}}],"collection":[{"href":"https:\/\/welter-zahnrad.de\/fr\/wp-json\/wp\/v2\/pages"}],"about":[{"href":"https:\/\/welter-zahnrad.de\/fr\/wp-json\/wp\/v2\/types\/page"}],"author":[{"embeddable":true,"href":"https:\/\/welter-zahnrad.de\/fr\/wp-json\/wp\/v2\/users\/1"}],"replies":[{"embeddable":true,"href":"https:\/\/welter-zahnrad.de\/fr\/wp-json\/wp\/v2\/comments?post=2712"}],"version-history":[{"count":23,"href":"https:\/\/welter-zahnrad.de\/fr\/wp-json\/wp\/v2\/pages\/2712\/revisions"}],"predecessor-version":[{"id":3863,"href":"https:\/\/welter-zahnrad.de\/fr\/wp-json\/wp\/v2\/pages\/2712\/revisions\/3863"}],"up":[{"embeddable":true,"href":"https:\/\/welter-zahnrad.de\/fr\/wp-json\/wp\/v2\/pages\/2790"}],"wp:featuredmedia":[{"embeddable":true,"href":"https:\/\/welter-zahnrad.de\/fr\/wp-json\/wp\/v2\/media\/3835"}],"wp:attachment":[{"href":"https:\/\/welter-zahnrad.de\/fr\/wp-json\/wp\/v2\/media?parent=2712"}],"curies":[{"name":"wp","href":"https:\/\/api.w.org\/{rel}","templated":true}]}}