{"id":2790,"date":"2021-02-03T18:19:39","date_gmt":"2021-02-03T18:19:39","guid":{"rendered":"https:\/\/welterzahnrad-g6ofhpmwtp.live-website.com\/?page_id=2790"},"modified":"2023-10-27T13:37:30","modified_gmt":"2023-10-27T13:37:30","slug":"spezialitaeten","status":"publish","type":"page","link":"https:\/\/welter-zahnrad.de\/fr\/produkte\/spezialitaeten\/","title":{"rendered":"Sp\u00e9cialit\u00e9s"},"content":{"rendered":"<p><strong><a href=\"https:\/\/welterzahnrad-g6ofhpmwtp.live-website.com\/fr\/produkte\/spezialitaeten\/kegelradsaetze-mit-sehr-kleinem-achswinkel\">Ensembles d\u2019engrenages coniques avec un angle d\u2019axe extr\u00eamement petit.<\/a><\/strong><\/td><td class=\"column-2\"><strong><a href=\"https:\/\/welterzahnrad-g6ofhpmwtp.live-website.com\/produkte\/ellipsenzahnraeder-unrundzahnraeder\/\">Engrenage droit elliptique<\/a><\/strong><\/td>\n<\/tr>\n<tr class=\"row-3\">\n\t<td class=\"column-1\"><div id=\"attachment_2806\" style=\"width: 310px\" class=\"wp-caption alignleft\"><a href=\"https:\/\/welterzahnrad-g6ofhpmwtp.live-website.com\/wp-content\/uploads\/Welter_Kegelrad_Kleine_Achswinkel-1.jpg\"><img loading=\"lazy\" decoding=\"async\" aria-describedby=\"caption-attachment-2806\" src=\"https:\/\/welterzahnrad-g6ofhpmwtp.live-website.com\/wp-content\/uploads\/Welter_Kegelrad_Kleine_Achswinkel-1-400x267.jpg\" alt=\"\" width=\"300\" height=\"200\" class=\"size-medium wp-image-2806\" srcset=\"https:\/\/welter-zahnrad.de\/wp-content\/uploads\/Welter_Kegelrad_Kleine_Achswinkel-1-400x267.jpg 400w, https:\/\/welter-zahnrad.de\/wp-content\/uploads\/Welter_Kegelrad_Kleine_Achswinkel-1-1200x800.jpg 1200w\" sizes=\"auto, (max-width: 300px) 100vw, 300px\" \/><\/a><p id=\"caption-attachment-2806\" class=\"wp-caption-text\">Ensemble d'engrenages coniques avec un angle d'axe de 10\u00b0<\/p><\/div><\/td><td class=\"column-2\"><div id=\"attachment_2607\" style=\"width: 310px\" class=\"wp-caption alignleft\"><a href=\"https:\/\/welterzahnrad-g6ofhpmwtp.live-website.com\/wp-content\/uploads\/WZ_Unrundzahnrad.jpg\"><img loading=\"lazy\" decoding=\"async\" aria-describedby=\"caption-attachment-2607\" src=\"https:\/\/welterzahnrad-g6ofhpmwtp.live-website.com\/wp-content\/uploads\/WZ_Unrundzahnrad-400x286.jpg\" alt=\"\" width=\"300\" height=\"200\" class=\"size-medium wp-image-2607\" \/><\/a><p id=\"caption-attachment-2607\" class=\"wp-caption-text\">Engrenage droit elliptique<\/p><\/div><\/td>\n<\/tr>\n<\/tbody>\n<\/table>\n<!-- #tablepress-48 from cache -->\n<p>&nbsp;<\/p>\n<p>&nbsp;<\/p>\n<p>&nbsp;<\/p>\n<h3>H\u00e4ufig gestellte Fragen zu WELTER Zahnrad Spezialit\u00e4ten<\/h3>\n<p>&nbsp;<\/p>\n<h3><span class=\"TextRun SCXW127002477 BCX0\" lang=\"DE-DE\" xml:lang=\"DE-DE\" data-contrast=\"none\"><span class=\"NormalTextRun SCXW127002477 BCX0\">Welche Spezialit\u00e4ten bietet WELTER Zahnrad als Spezialist f\u00fcr Zahnr\u00e4der und verzahnte Kupplungen?<\/span><\/span><\/h3>\n<p><span class=\"TextRun SCXW261554281 BCX0\" lang=\"DE-DE\" xml:lang=\"DE-DE\" data-contrast=\"none\"><span class=\"NormalTextRun SCXW261554281 BCX0\">WELTER Zahnrad bietet Spezialit\u00e4ten wie Verzahnungen in Weich- und Hartbearbeitung, einschlie\u00dflich Kegelr\u00e4der und Ellipsenzahnr\u00e4der, um den Bed\u00fcrfnissen verschiedener Anwendungen gerecht zu werden.<\/span><\/span><span class=\"EOP SCXW261554281 BCX0\" data-ccp-props=\"{&quot;201341983&quot;:0,&quot;335559739&quot;:160,&quot;335559740&quot;:259}\">\u00a0<\/span><\/p>\n<p>&nbsp;<\/p>\n<h3><span class=\"TextRun SCXW37699823 BCX0\" lang=\"DE-DE\" xml:lang=\"DE-DE\" data-contrast=\"none\"><span class=\"NormalTextRun SCXW37699823 BCX0\">Welche Technologien werden bei der Herstellung von Spezialit\u00e4ten eingesetzt?<\/span><\/span><\/h3>\n<p><span class=\"TextRun SCXW53805737 BCX0\" lang=\"DE-DE\" xml:lang=\"DE-DE\" data-contrast=\"none\"><span class=\"NormalTextRun SCXW53805737 BCX0\">Die Herstellung erfolgt mit modernster Freiformfr\u00e4s-Technologie und basiert auf langj\u00e4hriger Erfahrung, um h\u00f6chste Pr\u00e4zision und Qualit\u00e4t zu gew\u00e4hrleisten.<\/span><\/span><span class=\"EOP SCXW53805737 BCX0\" data-ccp-props=\"{&quot;201341983&quot;:0,&quot;335559739&quot;:160,&quot;335559740&quot;:259}\">\u00a0<\/span><\/p>\n<p>&nbsp;<\/p>\n<h3><span class=\"TextRun SCXW106278497 BCX0\" lang=\"DE-DE\" xml:lang=\"DE-DE\" data-contrast=\"none\"><span class=\"NormalTextRun SCXW106278497 BCX0\">Welche Vorteile bieten Weich- und Hartbearbeitung von Verzahnungen? <\/span><\/span><\/h3>\n<p><span class=\"TextRun SCXW166623149 BCX0\" lang=\"DE-DE\" xml:lang=\"DE-DE\" data-contrast=\"none\"><span class=\"NormalTextRun SCXW166623149 BCX0\">Die Weich- und Hartbearbeitung erm\u00f6glicht eine breite Palette von Anwendungsm\u00f6glichkeiten und zeichnet sich durch hohe Haltbarkeit der Verzahnungen aus, was die Lebensdauer und Zuverl\u00e4ssigkeit der Produkte <\/span><span class=\"NormalTextRun ContextualSpellingAndGrammarErrorV2Themed SCXW166623149 BCX0\">verbessert<\/span><span class=\"NormalTextRun SCXW166623149 BCX0\">.<\/span><\/span><span class=\"EOP SCXW166623149 BCX0\" data-ccp-props=\"{&quot;201341983&quot;:0,&quot;335559739&quot;:160,&quot;335559740&quot;:259}\">\u00a0<\/span><\/p>\n<p>&nbsp;<\/p>\n<h3><span class=\"TextRun SCXW121728455 BCX0\" lang=\"DE-DE\" xml:lang=\"DE-DE\" data-contrast=\"none\"><span class=\"NormalTextRun SCXW121728455 BCX0\">Warum sind Kegelrads\u00e4tze und Ellipsenzahnr\u00e4der als Spezialit\u00e4ten wichtig? <\/span><\/span><\/h3>\n<p><span class=\"TextRun SCXW125880537 BCX0\" lang=\"DE-DE\" xml:lang=\"DE-DE\" data-contrast=\"none\"><span class=\"NormalTextRun SCXW125880537 BCX0\">Diese Spezialit\u00e4ten sind wichtig, da sie ma\u00dfgeschneiderte L\u00f6sungen f\u00fcr spezielle Anwendungen bieten und individuelle Anforderungen erf\u00fcllen, um die Effizienz und Leistung von Maschinen und Systemen zu steigern.<\/span><\/span><\/p>\n<p>&nbsp;<\/p>\n<h3><span class=\"TextRun SCXW123547834 BCX0\" lang=\"DE-DE\" xml:lang=\"DE-DE\" data-contrast=\"none\"><span class=\"NormalTextRun SCXW123547834 BCX0\">Wie k\u00f6nnen Interessenten mehr \u00fcber die Spezialit\u00e4ten von WELTER Zahnrad erfahren?<\/span><\/span><\/h3>\n<p><span class=\"TextRun SCXW213482873 BCX0\" lang=\"DE-DE\" xml:lang=\"DE-DE\" data-contrast=\"none\"><span class=\"NormalTextRun SCXW213482873 BCX0\">Interessenten k\u00f6nnen detaillierte Informationen zu den Spezialit\u00e4ten und deren Einsatzgebieten auf der offiziellen Website von WELTER Zahnrad finden, um ihre Anforderungen und M\u00f6glichkeiten besser zu verstehen.<\/span><\/span><span class=\"EOP SCXW213482873 BCX0\" data-ccp-props=\"{&quot;201341983&quot;:0,&quot;335559739&quot;:160,&quot;335559740&quot;:259}\">\u00a0<\/span><\/p>\n<p>&nbsp;<strong><a href=\"https:\/\/welterzahnrad-g6ofhpmwtp.live-website.com\/fr\/produkte\/spezialitaeten\/kegelradsaetze-mit-sehr-kleinem-achswinkel\">Ensembles d\u2019engrenages coniques avec un angle d\u2019axe extr\u00eamement petit.<\/a><\/strong><\/td><td class=\"column-2\"><strong><a href=\"https:\/\/welterzahnrad-g6ofhpmwtp.live-website.com\/produkte\/ellipsenzahnraeder-unrundzahnraeder\/\">Engrenage droit elliptique<\/a><\/strong><\/td>\n<\/tr>\n<tr class=\"row-3\">\n\t<td class=\"column-1\"><div id=\"attachment_2806\" style=\"width: 310px\" class=\"wp-caption alignleft\"><a href=\"https:\/\/welterzahnrad-g6ofhpmwtp.live-website.com\/wp-content\/uploads\/Welter_Kegelrad_Kleine_Achswinkel-1.jpg\"><img loading=\"lazy\" decoding=\"async\" aria-describedby=\"caption-attachment-2806\" src=\"https:\/\/welterzahnrad-g6ofhpmwtp.live-website.com\/wp-content\/uploads\/Welter_Kegelrad_Kleine_Achswinkel-1-400x267.jpg\" alt=\"\" width=\"300\" height=\"200\" class=\"size-medium wp-image-2806\" srcset=\"https:\/\/welter-zahnrad.de\/wp-content\/uploads\/Welter_Kegelrad_Kleine_Achswinkel-1-400x267.jpg 400w, https:\/\/welter-zahnrad.de\/wp-content\/uploads\/Welter_Kegelrad_Kleine_Achswinkel-1-1200x800.jpg 1200w\" sizes=\"auto, (max-width: 300px) 100vw, 300px\" \/><\/a><p id=\"caption-attachment-2806\" class=\"wp-caption-text\">Ensemble d'engrenages coniques avec un angle d'axe de 10\u00b0<\/p><\/div><\/td><td class=\"column-2\"><div id=\"attachment_2607\" style=\"width: 310px\" class=\"wp-caption alignleft\"><a href=\"https:\/\/welterzahnrad-g6ofhpmwtp.live-website.com\/wp-content\/uploads\/WZ_Unrundzahnrad.jpg\"><img loading=\"lazy\" decoding=\"async\" aria-describedby=\"caption-attachment-2607\" src=\"https:\/\/welterzahnrad-g6ofhpmwtp.live-website.com\/wp-content\/uploads\/WZ_Unrundzahnrad-400x286.jpg\" alt=\"\" width=\"300\" height=\"200\" class=\"size-medium wp-image-2607\" \/><\/a><p id=\"caption-attachment-2607\" class=\"wp-caption-text\">Engrenage droit elliptique<\/p><\/div><\/td>\n<\/tr>\n<\/tbody>\n<\/table>\nWELTER zahnrad se concentre exclusivement sur les engrenages et les accouplements dent\u00e9s. Gr\u00e2ce \u00e0 notre vaste parc de machines et \u00e0 notre longue exp\u00e9rience dans le domaine du fraisage de formes libres, nous sommes en mesure de produire presque toutes les dentures, tant en usinage doux qu&rsquo;en usinage dur.<\/p>\n<p>\n<table id=\"tablepress-48-no-3\" class=\"tablepress tablepress-id-48\">\n<tbody class=\"row-striping row-hover\">\n<tr class=\"row-1\">\n\t<td class=\"column-1\"><\/td><td class=\"column-2\"><\/td>\n<\/tr>\n<tr class=\"row-2\">\n\t<td class=\"column-1\"><strong><a href=\"https:\/\/welterzahnrad-g6ofhpmwtp.live-website.com\/fr\/produkte\/spezialitaeten\/kegelradsaetze-mit-sehr-kleinem-achswinkel\">Ensembles d\u2019engrenages coniques avec un angle d\u2019axe extr\u00eamement petit.<\/a><\/strong><\/td><td class=\"column-2\"><strong><a href=\"https:\/\/welterzahnrad-g6ofhpmwtp.live-website.com\/produkte\/ellipsenzahnraeder-unrundzahnraeder\/\">Engrenage droit elliptique<\/a><\/strong><\/td>\n<\/tr>\n<tr class=\"row-3\">\n\t<td class=\"column-1\"><div id=\"attachment_2806\" style=\"width: 310px\" class=\"wp-caption alignleft\"><a href=\"https:\/\/welterzahnrad-g6ofhpmwtp.live-website.com\/wp-content\/uploads\/Welter_Kegelrad_Kleine_Achswinkel-1.jpg\"><img loading=\"lazy\" decoding=\"async\" aria-describedby=\"caption-attachment-2806\" src=\"https:\/\/welterzahnrad-g6ofhpmwtp.live-website.com\/wp-content\/uploads\/Welter_Kegelrad_Kleine_Achswinkel-1-400x267.jpg\" alt=\"\" width=\"300\" height=\"200\" class=\"size-medium wp-image-2806\" srcset=\"https:\/\/welter-zahnrad.de\/wp-content\/uploads\/Welter_Kegelrad_Kleine_Achswinkel-1-400x267.jpg 400w, https:\/\/welter-zahnrad.de\/wp-content\/uploads\/Welter_Kegelrad_Kleine_Achswinkel-1-1200x800.jpg 1200w\" sizes=\"auto, (max-width: 300px) 100vw, 300px\" \/><\/a><p id=\"caption-attachment-2806\" class=\"wp-caption-text\">Ensemble d'engrenages coniques avec un angle d'axe de 10\u00b0<\/p><\/div><\/td><td class=\"column-2\"><div id=\"attachment_2607\" style=\"width: 310px\" class=\"wp-caption alignleft\"><a href=\"https:\/\/welterzahnrad-g6ofhpmwtp.live-website.com\/wp-content\/uploads\/WZ_Unrundzahnrad.jpg\"><img loading=\"lazy\" decoding=\"async\" aria-describedby=\"caption-attachment-2607\" src=\"https:\/\/welterzahnrad-g6ofhpmwtp.live-website.com\/wp-content\/uploads\/WZ_Unrundzahnrad-400x286.jpg\" alt=\"\" width=\"300\" height=\"200\" class=\"size-medium wp-image-2607\" \/><\/a><p id=\"caption-attachment-2607\" class=\"wp-caption-text\">Engrenage droit elliptique<\/p><\/div><\/td>\n<\/tr>\n<\/tbody>\n<\/table>\n<strong><a href=\"https:\/\/welterzahnrad-g6ofhpmwtp.live-website.com\/fr\/produkte\/spezialitaeten\/kegelradsaetze-mit-sehr-kleinem-achswinkel\">Ensembles d\u2019engrenages coniques avec un angle d\u2019axe extr\u00eamement petit.<\/a><\/strong><\/td><td class=\"column-2\"><strong><a href=\"https:\/\/welterzahnrad-g6ofhpmwtp.live-website.com\/produkte\/ellipsenzahnraeder-unrundzahnraeder\/\">Engrenage droit elliptique<\/a><\/strong><\/td>\n<\/tr>\n<tr class=\"row-3\">\n\t<td class=\"column-1\"><div id=\"attachment_2806\" style=\"width: 310px\" class=\"wp-caption alignleft\"><a href=\"https:\/\/welterzahnrad-g6ofhpmwtp.live-website.com\/wp-content\/uploads\/Welter_Kegelrad_Kleine_Achswinkel-1.jpg\"><img loading=\"lazy\" decoding=\"async\" aria-describedby=\"caption-attachment-2806\" src=\"https:\/\/welterzahnrad-g6ofhpmwtp.live-website.com\/wp-content\/uploads\/Welter_Kegelrad_Kleine_Achswinkel-1-400x267.jpg\" alt=\"\" width=\"300\" height=\"200\" class=\"size-medium wp-image-2806\" srcset=\"https:\/\/welter-zahnrad.de\/wp-content\/uploads\/Welter_Kegelrad_Kleine_Achswinkel-1-400x267.jpg 400w, https:\/\/welter-zahnrad.de\/wp-content\/uploads\/Welter_Kegelrad_Kleine_Achswinkel-1-1200x800.jpg 1200w\" sizes=\"auto, (max-width: 300px) 100vw, 300px\" \/><\/a><p id=\"caption-attachment-2806\" class=\"wp-caption-text\">Ensemble d'engrenages coniques avec un angle d'axe de 10\u00b0<\/p><\/div><\/td><td class=\"column-2\"><div id=\"attachment_2607\" style=\"width: 310px\" class=\"wp-caption alignleft\"><a href=\"https:\/\/welterzahnrad-g6ofhpmwtp.live-website.com\/wp-content\/uploads\/WZ_Unrundzahnrad.jpg\"><img loading=\"lazy\" decoding=\"async\" aria-describedby=\"caption-attachment-2607\" src=\"https:\/\/welterzahnrad-g6ofhpmwtp.live-website.com\/wp-content\/uploads\/WZ_Unrundzahnrad-400x286.jpg\" alt=\"\" width=\"300\" height=\"200\" class=\"size-medium wp-image-2607\" \/><\/a><p id=\"caption-attachment-2607\" class=\"wp-caption-text\">Engrenage droit elliptique<\/p><\/div><\/td>\n<\/tr>\n<\/tbody>\n<\/table>\n<strong><a href=\"https:\/\/welterzahnrad-g6ofhpmwtp.live-website.com\/fr\/produkte\/spezialitaeten\/kegelradsaetze-mit-sehr-kleinem-achswinkel\">Ensembles d\u2019engrenages coniques avec un angle d\u2019axe extr\u00eamement petit.<\/a><\/strong><\/td><td class=\"column-2\"><strong><a href=\"https:\/\/welterzahnrad-g6ofhpmwtp.live-website.com\/produkte\/ellipsenzahnraeder-unrundzahnraeder\/\">Engrenage droit elliptique<\/a><\/strong><\/td>\n<\/tr>\n<tr class=\"row-3\">\n\t<td class=\"column-1\"><div id=\"attachment_2806\" style=\"width: 310px\" class=\"wp-caption alignleft\"><a href=\"https:\/\/welterzahnrad-g6ofhpmwtp.live-website.com\/wp-content\/uploads\/Welter_Kegelrad_Kleine_Achswinkel-1.jpg\"><img loading=\"lazy\" decoding=\"async\" aria-describedby=\"caption-attachment-2806\" src=\"https:\/\/welterzahnrad-g6ofhpmwtp.live-website.com\/wp-content\/uploads\/Welter_Kegelrad_Kleine_Achswinkel-1-400x267.jpg\" alt=\"\" width=\"300\" height=\"200\" class=\"size-medium wp-image-2806\" srcset=\"https:\/\/welter-zahnrad.de\/wp-content\/uploads\/Welter_Kegelrad_Kleine_Achswinkel-1-400x267.jpg 400w, https:\/\/welter-zahnrad.de\/wp-content\/uploads\/Welter_Kegelrad_Kleine_Achswinkel-1-1200x800.jpg 1200w\" sizes=\"auto, (max-width: 300px) 100vw, 300px\" \/><\/a><p id=\"caption-attachment-2806\" class=\"wp-caption-text\">Ensemble d'engrenages coniques avec un angle d'axe de 10\u00b0<\/p><\/div><\/td><td class=\"column-2\"><div id=\"attachment_2607\" style=\"width: 310px\" class=\"wp-caption alignleft\"><a href=\"https:\/\/welterzahnrad-g6ofhpmwtp.live-website.com\/wp-content\/uploads\/WZ_Unrundzahnrad.jpg\"><img loading=\"lazy\" decoding=\"async\" aria-describedby=\"caption-attachment-2607\" src=\"https:\/\/welterzahnrad-g6ofhpmwtp.live-website.com\/wp-content\/uploads\/WZ_Unrundzahnrad-400x286.jpg\" alt=\"\" width=\"300\" height=\"200\" class=\"size-medium wp-image-2607\" \/><\/a><p id=\"caption-attachment-2607\" class=\"wp-caption-text\">Engrenage droit elliptique<\/p><\/div><\/td>\n<\/tr>\n<\/tbody>\n<\/table>\n<\/p>","protected":false},"excerpt":{"rendered":"<p>WELTER zahnrad se concentre exclusivement sur les engrenages et les accouplements dent\u00e9s. Gr\u00e2ce \u00e0 notre vaste parc de machines et \u00e0 notre longue exp\u00e9rience dans le domaine du fraisage de formes libres, nous sommes en mesure de produire presque toutes les dentures, tant en usinage doux qu&rsquo;en usinage dur.<\/p>\n","protected":false},"author":1,"featured_media":3831,"parent":34,"menu_order":0,"comment_status":"closed","ping_status":"closed","template":"","meta":{"footnotes":""},"class_list":["post-2790","page","type-page","status-publish","has-post-thumbnail","czr-hentry"],"_links":{"self":[{"href":"https:\/\/welter-zahnrad.de\/fr\/wp-json\/wp\/v2\/pages\/2790","targetHints":{"allow":["GET"]}}],"collection":[{"href":"https:\/\/welter-zahnrad.de\/fr\/wp-json\/wp\/v2\/pages"}],"about":[{"href":"https:\/\/welter-zahnrad.de\/fr\/wp-json\/wp\/v2\/types\/page"}],"author":[{"embeddable":true,"href":"https:\/\/welter-zahnrad.de\/fr\/wp-json\/wp\/v2\/users\/1"}],"replies":[{"embeddable":true,"href":"https:\/\/welter-zahnrad.de\/fr\/wp-json\/wp\/v2\/comments?post=2790"}],"version-history":[{"count":10,"href":"https:\/\/welter-zahnrad.de\/fr\/wp-json\/wp\/v2\/pages\/2790\/revisions"}],"predecessor-version":[{"id":3860,"href":"https:\/\/welter-zahnrad.de\/fr\/wp-json\/wp\/v2\/pages\/2790\/revisions\/3860"}],"up":[{"embeddable":true,"href":"https:\/\/welter-zahnrad.de\/fr\/wp-json\/wp\/v2\/pages\/34"}],"wp:featuredmedia":[{"embeddable":true,"href":"https:\/\/welter-zahnrad.de\/fr\/wp-json\/wp\/v2\/media\/3831"}],"wp:attachment":[{"href":"https:\/\/welter-zahnrad.de\/fr\/wp-json\/wp\/v2\/media?parent=2790"}],"curies":[{"name":"wp","href":"https:\/\/api.w.org\/{rel}","templated":true}]}}