{"id":3305,"date":"2022-02-25T16:57:24","date_gmt":"2022-02-25T16:57:24","guid":{"rendered":"https:\/\/welterzahnrad-g6ofhpmwtp.live-website.com\/?page_id=3305"},"modified":"2026-03-10T09:17:20","modified_gmt":"2026-03-10T09:17:20","slug":"bewerben","status":"publish","type":"page","link":"https:\/\/welter-zahnrad.de\/fr\/aktuelles\/bewerben\/","title":{"rendered":"Emplois &#8211; Carri\u00e8re professionnelle"},"content":{"rendered":"<h1 style=\"text-align: left;\">Schnellbewerbung<\/h1>\n<p>&nbsp;<\/p>\n<h3 style=\"text-align: left;\">Unsere offenen Stellen:<\/h3>\n<h4 style=\"text-align: left;\">Ingenieur f\u00fcr Verzahnungsauslegungen (m\/w\/d)<\/h4>\n<p><a href=\"https:\/\/welter-zahnrad.de\/wp-content\/uploads\/Welter_Stellenanzeige_Ingenieur.pdf\" target=\"_blank\" rel=\"noopener\"><img loading=\"lazy\" decoding=\"async\" class=\"alignnone wp-image-2025 size-medium\" src=\"https:\/\/welter-zahnrad.de\/wp-content\/uploads\/Checker.jpg\" alt=\"\" width=\"400\" height=\"192\" \/><\/a><\/p>\n<h4 style=\"text-align: left;\">Zerspanungsmechaniker Fr\u00e4sen, Drehen und\/oder Schleifen (m\/w\/d)<\/h4>\n<p><a href=\"https:\/\/welterzahnrad-g6ofhpmwtp.live-website.com\/wp-content\/uploads\/WELTER_Zerspanungsmechanik-1.pdf\" target=\"_blank\" rel=\"noopener\"><img loading=\"lazy\" decoding=\"async\" class=\"alignnone wp-image-2025 size-medium\" src=\"https:\/\/welterzahnrad-g6ofhpmwtp.live-website.com\/wp-content\/uploads\/Stellenanzeige_Dreher_Fr\u00e4ser-400x192.jpg\" alt=\"\" width=\"400\" height=\"192\" srcset=\"https:\/\/welter-zahnrad.de\/wp-content\/uploads\/Stellenanzeige_Dreher_Fr\u00e4ser-400x192.jpg 400w, https:\/\/welter-zahnrad.de\/wp-content\/uploads\/Stellenanzeige_Dreher_Fr\u00e4ser-1200x575.jpg 1200w, https:\/\/welter-zahnrad.de\/wp-content\/uploads\/Stellenanzeige_Dreher_Fr\u00e4ser.jpg 1431w\" sizes=\"auto, (max-width: 400px) 100vw, 400px\" \/><\/a><\/p>\n<h4 style=\"text-align: left;\">JobXpedition<\/h4>\n<p><a href=\"https:\/\/JobXpedition.de\" target=\"_blank\" rel=\"noopener\"><img loading=\"lazy\" decoding=\"async\" class=\"alignnone wp-image-2025 size-medium\" src=\"https:\/\/welter-zahnrad.de\/wp-content\/uploads\/Welter_JobXpedition-2026.jpg\" alt=\"\" width=\"400\" height=\"192\" \/><\/a><\/p>\n<h4 style=\"text-align: left;\">Ausbildung zum Zerspanungsmechaniker (m\/w\/d) Fachrichtung Dreh- und Fr\u00e4stechnik<\/h4>\n<p><a href=\"https:\/\/welterzahnrad-g6ofhpmwtp.live-website.com\/wp-content\/uploads\/WEL_Stellenanzeigen_Ausb_Zerspanungsmechaniker_allg_190722-m-w-d.pdf\" target=\"_blank\" rel=\"noopener\"><img loading=\"lazy\" decoding=\"async\" class=\"alignnone size-medium wp-image-2024\" src=\"https:\/\/welterzahnrad-g6ofhpmwtp.live-website.com\/wp-content\/uploads\/Stellenanzeige_AZUBI_Industriemechaniker-400x191.jpg\" alt=\"\" width=\"400\" height=\"191\" srcset=\"https:\/\/welter-zahnrad.de\/wp-content\/uploads\/Stellenanzeige_AZUBI_Industriemechaniker-400x191.jpg 400w, https:\/\/welter-zahnrad.de\/wp-content\/uploads\/Stellenanzeige_AZUBI_Industriemechaniker-1200x574.jpg 1200w, https:\/\/welter-zahnrad.de\/wp-content\/uploads\/Stellenanzeige_AZUBI_Industriemechaniker.jpg 1433w\" sizes=\"auto, (max-width: 400px) 100vw, 400px\" \/><\/a><\/p>\n<h3 style=\"text-align: left;\">Schnellbewerbung<\/h3>\n<h6 style=\"text-align: left;\">Mit Leidenschaft f\u00fcr Pr\u00e4zision und Technik<\/h6>\n<p>Sie sind am Zug! Schnell und unb\u00fcrokratisch das Formular ausf\u00fcllen und auf \u201eJetzt bewerben!\u201c klicken! Wir pr\u00fcfen Ihre Bewerbung und melden uns innerhalb von 5 Werktagen bei Ihnen zur\u00fcck.<\/p>\n\n<div class=\"wpcf7 no-js\" id=\"wpcf7-f3309-o1\" lang=\"de-DE\" dir=\"ltr\" data-wpcf7-id=\"3309\">\n<div class=\"screen-reader-response\"><p role=\"status\" aria-live=\"polite\" aria-atomic=\"true\"><\/p> <ul><\/ul><\/div>\n<form action=\"\/fr\/wp-json\/wp\/v2\/pages\/3305#wpcf7-f3309-o1\" method=\"post\" class=\"wpcf7-form init\" aria-label=\"Kontaktformular\" enctype=\"multipart\/form-data\" novalidate=\"novalidate\" data-status=\"init\">\n<fieldset class=\"hidden-fields-container\"><input type=\"hidden\" name=\"_wpcf7\" value=\"3309\" \/><input type=\"hidden\" name=\"_wpcf7_version\" value=\"6.1.5\" \/><input type=\"hidden\" name=\"_wpcf7_locale\" value=\"de_DE\" \/><input type=\"hidden\" name=\"_wpcf7_unit_tag\" value=\"wpcf7-f3309-o1\" \/><input type=\"hidden\" name=\"_wpcf7_container_post\" value=\"0\" \/><input type=\"hidden\" name=\"_wpcf7_posted_data_hash\" value=\"\" \/><input type=\"hidden\" name=\"_wpcf7cf_hidden_group_fields\" value=\"[]\" \/><input type=\"hidden\" name=\"_wpcf7cf_hidden_groups\" value=\"[]\" \/><input type=\"hidden\" name=\"_wpcf7cf_visible_groups\" value=\"[]\" \/><input type=\"hidden\" name=\"_wpcf7cf_repeaters\" value=\"[]\" \/><input type=\"hidden\" name=\"_wpcf7cf_steps\" value=\"{}\" \/><input type=\"hidden\" name=\"_wpcf7cf_options\" value=\"{&quot;form_id&quot;:3309,&quot;conditions&quot;:[{&quot;then_field&quot;:&quot;group-zerspan&quot;,&quot;and_rules&quot;:[{&quot;if_field&quot;:&quot;menu-job&quot;,&quot;operator&quot;:&quot;equals&quot;,&quot;if_value&quot;:&quot;Zerspanungsmechaniker Fr\\u00e4sen, Drehen und\\\/oder Schleifen (m\\\/w\\\/d)&quot;}]},{&quot;then_field&quot;:&quot;group-zerspan-sonstige&quot;,&quot;and_rules&quot;:[{&quot;if_field&quot;:&quot;menu-quali&quot;,&quot;operator&quot;:&quot;equals&quot;,&quot;if_value&quot;:&quot;Sonstiges&quot;}]},{&quot;then_field&quot;:&quot;group-zerspan-ausbildung&quot;,&quot;and_rules&quot;:[{&quot;if_field&quot;:&quot;menu-job&quot;,&quot;operator&quot;:&quot;equals&quot;,&quot;if_value&quot;:&quot;Ausbildung zum Zerspanungsmechaniker Fr\\u00e4sen, Drehen und\\\/oder Schleifen (m\\\/w\\\/d)&quot;}]},{&quot;then_field&quot;:&quot;group-mail&quot;,&quot;and_rules&quot;:[{&quot;if_field&quot;:&quot;radio-kontakt&quot;,&quot;operator&quot;:&quot;equals&quot;,&quot;if_value&quot;:&quot;E-Mail&quot;}]},{&quot;then_field&quot;:&quot;group-tel&quot;,&quot;and_rules&quot;:[{&quot;if_field&quot;:&quot;radio-kontakt&quot;,&quot;operator&quot;:&quot;equals&quot;,&quot;if_value&quot;:&quot;Telefon&quot;}]}],&quot;settings&quot;:{&quot;animation&quot;:&quot;yes&quot;,&quot;animation_intime&quot;:200,&quot;animation_outtime&quot;:200,&quot;conditions_ui&quot;:&quot;normal&quot;,&quot;notice_dismissed&quot;:false}}\" \/>\n<\/fieldset>\n<div class=\"wps-form\">\n\t<p><label>Berwebung als<br \/>\n<span class=\"wpcf7-form-control-wrap\" data-name=\"menu-job\"><select class=\"wpcf7-form-control wpcf7-select wpcf7-validates-as-required\" aria-required=\"true\" aria-invalid=\"false\" name=\"menu-job\"><option value=\"\">&#8211; Bitte ausw\u00e4hlen &#8211;<\/option><option value=\"Zerspanungsmechaniker Fr\u00e4sen, Drehen und\/oder Schleifen (m\/w\/d)\">Zerspanungsmechaniker Fr\u00e4sen, Drehen und\/oder Schleifen (m\/w\/d)<\/option><option value=\"Ausbildung zum Zerspanungsmechaniker Fr\u00e4sen, Drehen und\/oder Schleifen (m\/w\/d)\">Ausbildung zum Zerspanungsmechaniker Fr\u00e4sen, Drehen und\/oder Schleifen (m\/w\/d)<\/option><\/select><\/span><br \/>\n<\/label>\n\t<\/p>\n\t<p><label>Anrede<br \/>\n<span class=\"wpcf7-form-control-wrap\" data-name=\"menu-anrede\"><select class=\"wpcf7-form-control wpcf7-select wpcf7-validates-as-required\" aria-required=\"true\" aria-invalid=\"false\" name=\"menu-anrede\"><option value=\"\">&#8211; Bitte ausw\u00e4hlen &#8211;<\/option><option value=\"Herr\">Herr<\/option><option value=\"Frau\">Frau<\/option><\/select><\/span><br \/>\n<\/label>\n\t<\/p>\n\t<p><label> Ihr Vorname<br \/>\n<span class=\"wpcf7-form-control-wrap\" data-name=\"text-vorname\"><input size=\"40\" maxlength=\"400\" class=\"wpcf7-form-control wpcf7-text wpcf7-validates-as-required\" aria-required=\"true\" aria-invalid=\"false\" placeholder=\"Vorname\" value=\"\" type=\"text\" name=\"text-vorname\" \/><\/span><\/label>\n\t<\/p>\n\t<p><label> Ihr Nachname<br \/>\n<span class=\"wpcf7-form-control-wrap\" data-name=\"text-nachname\"><input size=\"40\" maxlength=\"400\" class=\"wpcf7-form-control wpcf7-text wpcf7-validates-as-required\" aria-required=\"true\" aria-invalid=\"false\" placeholder=\"Nachname\" value=\"\" type=\"text\" name=\"text-nachname\" \/><\/span><\/label>\n\t<\/p>\n\t<p><label> Ihr Geburtsdatum<br \/>\n<span class=\"wpcf7-form-control-wrap\" data-name=\"date-geburt\"><input class=\"wpcf7-form-control wpcf7-date wpcf7-validates-as-required wpcf7-validates-as-date\" aria-required=\"true\" aria-invalid=\"false\" placeholder=\"Geburtsdatum\" value=\"\" type=\"date\" name=\"date-geburt\" \/><\/span><\/label>\n\t<\/p>\n\t<div data-id=\"group-zerspan\" data-orig_data_id=\"group-zerspan\"  class=\"\" data-class=\"wpcf7cf_group\">\n\t\t<p><label> Qualifizerung<br \/>\n<span class=\"wpcf7-form-control-wrap\" data-name=\"menu-quali\"><select class=\"wpcf7-form-control wpcf7-select wpcf7-validates-as-required\" aria-required=\"true\" aria-invalid=\"false\" name=\"menu-quali\"><option value=\"\">Ausbildung Zerspanungsmechaniker<\/option><option value=\"Ausbildung Industriemechaniker\">Ausbildung Industriemechaniker<\/option><option value=\"Sonstiges\">Sonstiges<\/option><\/select><\/span><\/label>\n\t\t<\/p>\n\t\t<div data-id=\"group-zerspan-sonstige\" data-orig_data_id=\"group-zerspan-sonstige\"  class=\"\" data-class=\"wpcf7cf_group\">\n\t\t\t<p><label>Sonstige Qualifizierung<br \/>\n<span class=\"wpcf7-form-control-wrap\" data-name=\"text-zerspan-sonstig\"><input size=\"40\" maxlength=\"400\" class=\"wpcf7-form-control wpcf7-text\" aria-invalid=\"false\" value=\"\" type=\"text\" name=\"text-zerspan-sonstig\" \/><\/span> <\/label>\n\t\t\t<\/p>\n\t\t<\/div>\n\t\t<p><label> Berufserfahrung<br \/>\n<span class=\"wpcf7-form-control-wrap\" data-name=\"menu-erfahrung\"><select class=\"wpcf7-form-control wpcf7-select wpcf7-validates-as-required\" aria-required=\"true\" aria-invalid=\"false\" name=\"menu-erfahrung\"><option value=\"\">Ausbildung gerade abgeschlossen<\/option><option value=\"1-3 Jahre\">1-3 Jahre<\/option><option value=\"Mehr als 3 Jahre\">Mehr als 3 Jahre<\/option><\/select><\/span> <\/label>\n\t\t<\/p>\n\t<\/div>\n\t<div data-id=\"group-zerspan-ausbildung\" data-orig_data_id=\"group-zerspan-ausbildung\"  class=\"\" data-class=\"wpcf7cf_group\">\n\t\t<p><label> Schulabschluss<br \/>\n<span class=\"wpcf7-form-control-wrap\" data-name=\"menu-schule\"><select class=\"wpcf7-form-control wpcf7-select wpcf7-validates-as-required\" aria-required=\"true\" aria-invalid=\"false\" name=\"menu-schule\"><option value=\"\">Werkrealschule<\/option><option value=\"Mittlere Reife\">Mittlere Reife<\/option><option value=\"Hochschulreife\">Hochschulreife<\/option><\/select><\/span><\/label>\n\t\t<\/p>\n\t<\/div>\n\t<p><label>Wenn Sie m\u00f6chten, k\u00f6nnen Sie hier zus\u00e4tzlich Ihren Lebenslauf und\/oder weitere Bewerbungsunterlagen hochladen<br \/>\n<span class=\"wpcf7-form-control-wrap\" data-name=\"file-745\"><input size=\"40\" class=\"wpcf7-form-control wpcf7-file\" accept=\"audio\/*,video\/*,image\/*\" aria-invalid=\"false\" type=\"file\" name=\"file-745\" \/><\/span><\/label>\n\t<\/p>\n\t<p><label>Wie k\u00f6nnen wir Sie am besten erreichen?<br \/>\n<span class=\"wpcf7-form-control-wrap\" data-name=\"radio-kontakt\"><span class=\"wpcf7-form-control wpcf7-radio\"><span class=\"wpcf7-list-item first\"><label><input type=\"radio\" name=\"radio-kontakt\" value=\"Telefon\" \/><span class=\"wpcf7-list-item-label\">Telefon<\/span><\/label><\/span><span class=\"wpcf7-list-item last\"><label><input type=\"radio\" name=\"radio-kontakt\" value=\"E-Mail\" \/><span class=\"wpcf7-list-item-label\">E-Mail<\/span><\/label><\/span><\/span><\/span><\/label>\n\t<\/p>\n\t<div data-id=\"group-mail\" data-orig_data_id=\"group-mail\"  class=\"\" data-class=\"wpcf7cf_group\">\n\t\t<p><label>E-Mail-Adresse<br \/>\n<span class=\"wpcf7-form-control-wrap\" data-name=\"email-248\"><input size=\"40\" maxlength=\"400\" class=\"wpcf7-form-control wpcf7-email wpcf7-validates-as-required wpcf7-text wpcf7-validates-as-email\" aria-required=\"true\" aria-invalid=\"false\" value=\"\" type=\"email\" name=\"email-248\" \/><\/span><\/label>\n\t\t<\/p>\n\t<\/div>\n\t<div data-id=\"group-tel\" data-orig_data_id=\"group-tel\"  class=\"\" data-class=\"wpcf7cf_group\">\n\t\t<p><label>Telefonnummer<br \/>\n<span class=\"wpcf7-form-control-wrap\" data-name=\"tel-221\"><input size=\"40\" maxlength=\"400\" class=\"wpcf7-form-control wpcf7-tel wpcf7-validates-as-required wpcf7-text wpcf7-validates-as-tel\" aria-required=\"true\" aria-invalid=\"false\" value=\"\" type=\"tel\" name=\"tel-221\" \/><\/span><\/label>\n\t\t<\/p>\n\t<\/div>\n\t<p><span class=\"wpcf7-form-control-wrap\" data-name=\"acceptance-943\"><span class=\"wpcf7-form-control wpcf7-acceptance optional\"><span class=\"wpcf7-list-item\"><label><input type=\"checkbox\" name=\"acceptance-943\" value=\"1\" aria-invalid=\"false\" \/><span class=\"wpcf7-list-item-label\">Ja, ich habe die <a href=\"https:\/\/welterzahnrad-g6ofhpmwtp.live-website.com\/unternehmen\/datenschutzrichtlinie\/\">Datenschutzerkl\u00e4rung <\/a>zur Kenntnis genommen und bin damit  einverstanden, dass die von mir angegebenen Daten elektronisch erhoben und  gespeichert werden. Meine Daten werden dabei nur zweckgebunden zur Bearbeitung und Beantwortung meiner Anfrage benutzt. Mit dem Absenden des Formulars erkl\u00e4re ich mich mit der Verarbeitung einverstanden.<\/span><\/label><\/span><\/span><\/span>\n\t<\/p>\n\t<p><input class=\"wpcf7-form-control wpcf7-submit has-spinner\" type=\"submit\" value=\"Jetzt bewerben\" \/>\n\t<\/p>\n<\/div><p style=\"display: none !important;\" class=\"akismet-fields-container\" data-prefix=\"_wpcf7_ak_\"><label>&#916;<textarea name=\"_wpcf7_ak_hp_textarea\" cols=\"45\" rows=\"8\" maxlength=\"100\"><\/textarea><\/label><input type=\"hidden\" id=\"ak_js_1\" name=\"_wpcf7_ak_js\" value=\"27\"\/><script type=\"text\/javascript\">\n\/* <![CDATA[ *\/\ndocument.getElementById( \"ak_js_1\" ).setAttribute( \"value\", ( new Date() ).getTime() );\n\/* ]]> *\/\n<\/script>\n<\/p><div class=\"wpcf7-response-output\" aria-hidden=\"true\"><\/div>\n<\/form>\n<\/div>\n\n","protected":false},"excerpt":{"rendered":"<p>Schnellbewerbung &nbsp; Unsere offenen Stellen: Ingenieur f\u00fcr Verzahnungsauslegungen (m\/w\/d) Zerspanungsmechaniker Fr\u00e4sen, Drehen und\/oder Schleifen (m\/w\/d) JobXpedition Ausbildung zum Zerspanungsmechaniker (m\/w\/d) Fachrichtung Dreh- und Fr\u00e4stechnik Schnellbewerbung Mit Leidenschaft f\u00fcr Pr\u00e4zision und Technik Sie sind am Zug! Schnell und unb\u00fcrokratisch das Formular ausf\u00fcllen und auf \u201eJetzt bewerben!\u201c klicken! Wir pr\u00fcfen Ihre Bewerbung und melden uns innerhalb von [&hellip;]<\/p>\n","protected":false},"author":5,"featured_media":0,"parent":516,"menu_order":0,"comment_status":"closed","ping_status":"closed","template":"","meta":{"footnotes":""},"class_list":["post-3305","page","type-page","status-publish","czr-hentry"],"_links":{"self":[{"href":"https:\/\/welter-zahnrad.de\/fr\/wp-json\/wp\/v2\/pages\/3305","targetHints":{"allow":["GET"]}}],"collection":[{"href":"https:\/\/welter-zahnrad.de\/fr\/wp-json\/wp\/v2\/pages"}],"about":[{"href":"https:\/\/welter-zahnrad.de\/fr\/wp-json\/wp\/v2\/types\/page"}],"author":[{"embeddable":true,"href":"https:\/\/welter-zahnrad.de\/fr\/wp-json\/wp\/v2\/users\/5"}],"replies":[{"embeddable":true,"href":"https:\/\/welter-zahnrad.de\/fr\/wp-json\/wp\/v2\/comments?post=3305"}],"version-history":[{"count":41,"href":"https:\/\/welter-zahnrad.de\/fr\/wp-json\/wp\/v2\/pages\/3305\/revisions"}],"predecessor-version":[{"id":4081,"href":"https:\/\/welter-zahnrad.de\/fr\/wp-json\/wp\/v2\/pages\/3305\/revisions\/4081"}],"up":[{"embeddable":true,"href":"https:\/\/welter-zahnrad.de\/fr\/wp-json\/wp\/v2\/pages\/516"}],"wp:attachment":[{"href":"https:\/\/welter-zahnrad.de\/fr\/wp-json\/wp\/v2\/media?parent=3305"}],"curies":[{"name":"wp","href":"https:\/\/api.w.org\/{rel}","templated":true}]}}