{"id":91,"date":"2016-02-27T09:22:07","date_gmt":"2016-02-27T09:22:07","guid":{"rendered":"http:\/\/kluge-internet.de\/?page_id=91"},"modified":"2023-10-27T09:29:27","modified_gmt":"2023-10-27T09:29:27","slug":"stirnraeder","status":"publish","type":"page","link":"https:\/\/welter-zahnrad.de\/fr\/produkte\/stirnraeder\/","title":{"rendered":"Engrenages cylindriques"},"content":{"rendered":"<p>Roue droite d'entra\u00eenement pour locomotive<\/p><\/div><\/td><td class=\"column-2\"><div id=\"attachment_1766\" style=\"width: 310px\" class=\"wp-caption alignleft\"><a href=\"https:\/\/welterzahnrad-g6ofhpmwtp.live-website.com\/wp-content\/uploads\/stirnrad-1.jpg\"><img loading=\"lazy\" decoding=\"async\" aria-describedby=\"caption-attachment-1766\" src=\"https:\/\/welterzahnrad-g6ofhpmwtp.live-website.com\/wp-content\/uploads\/stirnrad-1-400x286.jpg\" alt=\"\" width=\"300\" height=\"215\" class=\"size-medium wp-image-1766\" srcset=\"https:\/\/welter-zahnrad.de\/wp-content\/uploads\/stirnrad-1-400x286.jpg 400w, https:\/\/welter-zahnrad.de\/wp-content\/uploads\/stirnrad-1.jpg 1200w\" sizes=\"auto, (max-width: 300px) 100vw, 300px\" \/><\/a><p id=\"caption-attachment-1766\" class=\"wp-caption-text\">Le pignon de roue droite de charge \u00e9lev\u00e9e pour tunneliers<\/p><\/div><\/td><td class=\"column-3\"><div id=\"attachment_2606\" style=\"width: 310px\" class=\"wp-caption alignleft\"><a href=\"https:\/\/welterzahnrad-g6ofhpmwtp.live-website.com\/wp-content\/uploads\/WZ_Turbozahnradwelle.jpg\"><img loading=\"lazy\" decoding=\"async\" aria-describedby=\"caption-attachment-2606\" src=\"https:\/\/welterzahnrad-g6ofhpmwtp.live-website.com\/wp-content\/uploads\/WZ_Turbozahnradwelle-400x286.jpg\" alt=\"\" width=\"300\" height=\"215\" class=\"size-medium wp-image-2606\" srcset=\"https:\/\/welter-zahnrad.de\/wp-content\/uploads\/WZ_Turbozahnradwelle-400x286.jpg 400w, https:\/\/welter-zahnrad.de\/wp-content\/uploads\/WZ_Turbozahnradwelle-1200x858.jpg 1200w\" sizes=\"auto, (max-width: 300px) 100vw, 300px\" \/><\/a><p id=\"caption-attachment-2606\" class=\"wp-caption-text\">Engrenage h\u00e9lico\u00efdal avec accouplement Hirth<\/p><\/div><\/td>\n<\/tr>\n<\/tbody>\n<\/table>\n<!-- #tablepress-38 from cache --><\/p>\n<p>Wir fertigen<\/p>\n<ul>\n<li>Ritzel,<\/li>\n<li>Ritzelwellen,<\/li>\n<li>R\u00e4der,<\/li>\n<li>Hohlr\u00e4der,<\/li>\n<\/ul>\n<p>und viele Sonderteile in<\/p>\n<ul>\n<li>gerad- oder schr\u00e4gverzahnter Ausf\u00fchrung<\/li>\n<li>mit Innen- und\/oder Au\u00dfenverzahnung<\/li>\n<li>mit gefr\u00e4ster, gesto\u00dfener, gehobelter oder geschliffener Verzahnung.<\/li>\n<li>Qualit\u00e4t 3 nach DIN3967 m\u00f6glich<\/li>\n<\/ul>\n<p>Dabei sind\u00a0Durchmesser sowie Wellenl\u00e4ngen bis 3000 mm m\u00f6glich. Wir produzieren auf modernsten Zahnflankenschleifmaschinen, der f\u00fchrenden Hersteller, und k\u00f6nnen\u00a0somit h\u00f6chste Anforderungen an Verzahnungs- und Oberfl\u00e4chenqualit\u00e4t erf\u00fcllen. Die Abbildung notwendiger Profilanforderungen wie H\u00f6henballigkeit, Kopf- und\/oder Fu\u00dfr\u00fccknahmen, Fu\u00dfrundungen etc. gew\u00e4hrleisten einen auf den speziellen Anwendungsbereich abgestimmten ger\u00e4uscharmen Lauf, was Ihnen auch z.B. hinsichtlich steigender Vorgaben zur verminderten Ger\u00e4uschemission einen entscheidenden Vorteil verschafft.<\/p>\n<p>&nbsp;<\/p>\n<p>&nbsp;<\/p>\n<h3>H\u00e4ufig gestellte Fragen zu <span class=\"TextRun SCXW133811132 BCX0\" lang=\"DE-DE\" xml:lang=\"DE-DE\" data-contrast=\"auto\"><span class=\"NormalTextRun SCXW133811132 BCX0\">Stirnr\u00e4der\u00a0\u00a0<\/span><\/span><\/h3>\n<p>&nbsp;<\/p>\n<h3><span class=\"TextRun SCXW77399628 BCX0\" lang=\"DE-DE\" xml:lang=\"DE-DE\" data-contrast=\"auto\"><span class=\"NormalTextRun SCXW77399628 BCX0\">Was sind Stirnr\u00e4der?<\/span><\/span><\/h3>\n<p><span class=\"TextRun SCXW254347079 BCX0\" lang=\"DE-DE\" xml:lang=\"DE-DE\" data-contrast=\"auto\"><span class=\"NormalTextRun SCXW254347079 BCX0\">Stirnr\u00e4der sind mechanische Vorrichtungen, die aus zwei miteinander in Eingriff stehenden Zahnr\u00e4dern bestehen, bei denen die Z\u00e4hne parallel zur Drehachse angeordnet sind. Sie werden verwendet, um Drehbewegung und Drehmoment zwischen zwei Wellen zu \u00fcbertragen.<\/span><\/span><span class=\"EOP SCXW254347079 BCX0\" data-ccp-props=\"{&quot;201341983&quot;:0,&quot;335559739&quot;:160,&quot;335559740&quot;:259}\">\u00a0<\/span><\/p>\n<p>&nbsp;<\/p>\n<h3><span class=\"TextRun SCXW130832575 BCX0\" lang=\"DE-DE\" xml:lang=\"DE-DE\" data-contrast=\"auto\"><span class=\"NormalTextRun SCXW130832575 BCX0\">Wie funktionieren Stirnr\u00e4der? <\/span><\/span><\/h3>\n<p><span class=\"NormalTextRun SCXW262751151 BCX0\">Stirnr\u00e4der funktionieren, indem sie das Drehmoment von einer Welle auf eine andere \u00fcbertragen. Wenn ein Zahnrad gedreht wird, grei<\/span><span class=\"NormalTextRun SCXW262751151 BCX0\">f<\/span><span class=\"NormalTextRun SCXW262751151 BCX0\">en<\/span><span class=\"NormalTextRun SCXW262751151 BCX0\"> die Z\u00e4hne in die Z\u00e4hne des benachbarten Rads ein und \u00fcbertragen die Drehbewegung auf die zweite Welle.<\/span><\/p>\n<p>&nbsp;<\/p>\n<h3><span class=\"TextRun SCXW76900541 BCX0\" lang=\"DE-DE\" xml:lang=\"DE-DE\" data-contrast=\"auto\"><span class=\"NormalTextRun SCXW76900541 BCX0\">Wo werden Stirnr\u00e4der eingesetzt? <\/span><\/span><\/h3>\n<p><span class=\"TextRun SCXW262895108 BCX0\" lang=\"DE-DE\" xml:lang=\"DE-DE\" data-contrast=\"auto\"><span class=\"NormalTextRun SCXW262895108 BCX0\">Stirnr\u00e4der finden in einer Vielzahl von Anwendungen Verwendung, darunter in Automobilen, Getriebe, Uhrwerken, F\u00f6rderb\u00e4ndern, Maschinenbau und vielen anderen industriellen und mechanischen Systemen. Sie werden h\u00e4ufig verwendet, wenn Pr\u00e4zision und eine genaue Drehmoment\u00fcbertragung erforderlich sind.<\/span><\/span><span class=\"EOP SCXW262895108 BCX0\" data-ccp-props=\"{&quot;201341983&quot;:0,&quot;335559739&quot;:160,&quot;335559740&quot;:259}\">\u00a0<\/span><\/p>\n<p>&nbsp;<\/p>\n<h3><span class=\"TextRun SCXW226276024 BCX0\" lang=\"DE-DE\" xml:lang=\"DE-DE\" data-contrast=\"auto\"><span class=\"NormalTextRun SCXW226276024 BCX0\">Welche Vorteile bieten Stirnr\u00e4der? <\/span><\/span><\/h3>\n<p><span class=\"TextRun SCXW62716733 BCX0\" lang=\"DE-DE\" xml:lang=\"DE-DE\" data-contrast=\"auto\"><span class=\"NormalTextRun SCXW62716733 BCX0\">Stirnr\u00e4der bieten mehrere Vorteile, darunter eine genaue Drehmoment\u00fcbertragung, eine hohe Effizienz, eine zuverl\u00e4ssige Leistung und die M\u00f6glichkeit, verschiedene Geschwindigkeiten und Drehmomente anzupassen, indem man <\/span><span class=\"NormalTextRun SCXW62716733 BCX0\">die Gr\u00f6\u00dfe der R\u00e4der \u00e4ndert.<\/span><\/span><span class=\"EOP SCXW62716733 BCX0\" data-ccp-props=\"{&quot;201341983&quot;:0,&quot;335559739&quot;:160,&quot;335559740&quot;:259}\">\u00a0<\/span><\/p>\n<p>&nbsp;<\/p>\n<h3><span class=\"TextRun SCXW121537044 BCX0\" lang=\"DE-DE\" xml:lang=\"DE-DE\" data-contrast=\"auto\"><span class=\"NormalTextRun SCXW121537044 BCX0\">Gibt es verschiedene Arten von Stirnr\u00e4dern bei WELTER Zahnrad?<\/span><\/span><\/h3>\n<p><span class=\"TextRun SCXW196129799 BCX0\" lang=\"DE-DE\" xml:lang=\"DE-DE\" data-contrast=\"auto\"><span class=\"NormalTextRun SCXW196129799 BCX0\">Ja, es gibt verschiedene Arten von Stirnr\u00e4dern, darunter geradverzahnte Stirnr\u00e4der (die am h\u00e4ufigsten vorkommen), schr\u00e4gverzahnte Stirnr\u00e4der (die eine schr\u00e4ge Zahnform haben und eine reibungs\u00e4rmere \u00dcbertragung erm\u00f6glichen), und innenverzahnte Stirnr\u00e4der (bei denen die Z\u00e4hne im Inneren des Rings angeordnet sind). Jede Art hat ihre eigenen Anwendungen und Vorteile.<\/span><\/span><span class=\"EOP SCXW196129799 BCX0\" data-ccp-props=\"{&quot;201341983&quot;:0,&quot;335559739&quot;:160,&quot;335559740&quot;:259}\">\u00a0<\/span>Roue droite d'entra\u00eenement pour locomotive<\/p><\/div><\/td><td class=\"column-2\"><div id=\"attachment_1766\" style=\"width: 310px\" class=\"wp-caption alignleft\"><a href=\"https:\/\/welterzahnrad-g6ofhpmwtp.live-website.com\/wp-content\/uploads\/stirnrad-1.jpg\"><img loading=\"lazy\" decoding=\"async\" aria-describedby=\"caption-attachment-1766\" src=\"https:\/\/welterzahnrad-g6ofhpmwtp.live-website.com\/wp-content\/uploads\/stirnrad-1-400x286.jpg\" alt=\"\" width=\"300\" height=\"215\" class=\"size-medium wp-image-1766\" srcset=\"https:\/\/welter-zahnrad.de\/wp-content\/uploads\/stirnrad-1-400x286.jpg 400w, https:\/\/welter-zahnrad.de\/wp-content\/uploads\/stirnrad-1.jpg 1200w\" sizes=\"auto, (max-width: 300px) 100vw, 300px\" \/><\/a><p id=\"caption-attachment-1766\" class=\"wp-caption-text\">Le pignon de roue droite de charge \u00e9lev\u00e9e pour tunneliers<\/p><\/div><\/td><td class=\"column-3\"><div id=\"attachment_2606\" style=\"width: 310px\" class=\"wp-caption alignleft\"><a href=\"https:\/\/welterzahnrad-g6ofhpmwtp.live-website.com\/wp-content\/uploads\/WZ_Turbozahnradwelle.jpg\"><img loading=\"lazy\" decoding=\"async\" aria-describedby=\"caption-attachment-2606\" src=\"https:\/\/welterzahnrad-g6ofhpmwtp.live-website.com\/wp-content\/uploads\/WZ_Turbozahnradwelle-400x286.jpg\" alt=\"\" width=\"300\" height=\"215\" class=\"size-medium wp-image-2606\" srcset=\"https:\/\/welter-zahnrad.de\/wp-content\/uploads\/WZ_Turbozahnradwelle-400x286.jpg 400w, https:\/\/welter-zahnrad.de\/wp-content\/uploads\/WZ_Turbozahnradwelle-1200x858.jpg 1200w\" sizes=\"auto, (max-width: 300px) 100vw, 300px\" \/><\/a><p id=\"caption-attachment-2606\" class=\"wp-caption-text\">Engrenage h\u00e9lico\u00efdal avec accouplement Hirth<\/p><\/div><\/td>\n<\/tr>\n<\/tbody>\n<\/table>\n<\/p>\n<p>We are producing<\/p>\n<ul>\n<li>pinions<\/li>\n<li>pinion shafts<\/li>\n<li>wheels<\/li>\n<li>ring gears<\/li>\n<\/ul>\n<p>and a wide range of special parts of<\/p>\n<ul>\n<li>spur-toothed or skew gear types<\/li>\n<li>with internal and\/or external toothing<\/li>\n<li>and milled, slotted, shaped or ground toothing.<\/li>\n<li>Quality 3\u00a0acc DIN3967 available<\/li>\n<\/ul>\n<p>We are able to fabricate Diameters and shaft lengths up to 3000 mm on modern machines build by the leading providers of cutting machines \u2013 reaching highest requirements in toothing and surface quality. The usage of necessary profile characteristics such as profile crowning, tip and\/or root relief, root radius, etc. ensure a quiet run \u00a0for the special range of applications. \u00a0This will give you a crucial advantage e.g. regarding increasing demands for reduced noise emissions.\n<table id=\"tablepress-38-no-3\" class=\"tablepress tablepress-id-38\">\n<tbody class=\"row-striping row-hover\">\n<tr class=\"row-1\">\n\t<td class=\"column-1\"><div id=\"attachment_1767\" style=\"width: 310px\" class=\"wp-caption alignleft\"><a href=\"https:\/\/welterzahnrad-g6ofhpmwtp.live-website.com\/wp-content\/uploads\/kegelrad_neu.jpg\"><img loading=\"lazy\" decoding=\"async\" aria-describedby=\"caption-attachment-1767\" src=\"https:\/\/welterzahnrad-g6ofhpmwtp.live-website.com\/wp-content\/uploads\/kegelrad_neu-400x286.jpg\" alt=\"\" width=\"300\" height=\"215\" class=\"size-medium wp-image-1767\" srcset=\"https:\/\/welter-zahnrad.de\/wp-content\/uploads\/kegelrad_neu-400x286.jpg 400w, https:\/\/welter-zahnrad.de\/wp-content\/uploads\/kegelrad_neu.jpg 1200w\" sizes=\"auto, (max-width: 300px) 100vw, 300px\" \/><\/a><p id=\"caption-attachment-1767\" class=\"wp-caption-text\">Roue droite d'entra\u00eenement pour locomotive<\/p><\/div><\/td><td class=\"column-2\"><div id=\"attachment_1766\" style=\"width: 310px\" class=\"wp-caption alignleft\"><a href=\"https:\/\/welterzahnrad-g6ofhpmwtp.live-website.com\/wp-content\/uploads\/stirnrad-1.jpg\"><img loading=\"lazy\" decoding=\"async\" aria-describedby=\"caption-attachment-1766\" src=\"https:\/\/welterzahnrad-g6ofhpmwtp.live-website.com\/wp-content\/uploads\/stirnrad-1-400x286.jpg\" alt=\"\" width=\"300\" height=\"215\" class=\"size-medium wp-image-1766\" srcset=\"https:\/\/welter-zahnrad.de\/wp-content\/uploads\/stirnrad-1-400x286.jpg 400w, https:\/\/welter-zahnrad.de\/wp-content\/uploads\/stirnrad-1.jpg 1200w\" sizes=\"auto, (max-width: 300px) 100vw, 300px\" \/><\/a><p id=\"caption-attachment-1766\" class=\"wp-caption-text\">Le pignon de roue droite de charge \u00e9lev\u00e9e pour tunneliers<\/p><\/div><\/td><td class=\"column-3\"><div id=\"attachment_2606\" style=\"width: 310px\" class=\"wp-caption alignleft\"><a href=\"https:\/\/welterzahnrad-g6ofhpmwtp.live-website.com\/wp-content\/uploads\/WZ_Turbozahnradwelle.jpg\"><img loading=\"lazy\" decoding=\"async\" aria-describedby=\"caption-attachment-2606\" src=\"https:\/\/welterzahnrad-g6ofhpmwtp.live-website.com\/wp-content\/uploads\/WZ_Turbozahnradwelle-400x286.jpg\" alt=\"\" width=\"300\" height=\"215\" class=\"size-medium wp-image-2606\" srcset=\"https:\/\/welter-zahnrad.de\/wp-content\/uploads\/WZ_Turbozahnradwelle-400x286.jpg 400w, https:\/\/welter-zahnrad.de\/wp-content\/uploads\/WZ_Turbozahnradwelle-1200x858.jpg 1200w\" sizes=\"auto, (max-width: 300px) 100vw, 300px\" \/><\/a><p id=\"caption-attachment-2606\" class=\"wp-caption-text\">Engrenage h\u00e9lico\u00efdal avec accouplement Hirth<\/p><\/div><\/td>\n<\/tr>\n<\/tbody>\n<\/table>\n<\/p>\n<p>Nous produisons des<\/p>\n<ul>\n<li>pignons<\/li>\n<li>arbres \u00e0 pignon<\/li>\n<li>roues dent\u00e9es<\/li>\n<li>roues creuses \u00e0 denture int\u00e9rieure<\/li>\n<\/ul>\n<p>et beaucoup de pi\u00e8ces sp\u00e9ciales avec une denture<\/p>\n<ul>\n<li>droite ou h\u00e9lico\u00efdale<\/li>\n<li>int\u00e9rieure et\/ou ext\u00e9rieure<\/li>\n<li>frais\u00e9e, refoul\u00e9e, rabot\u00e9e ou rectifi\u00e9e<\/li>\n<li><span id=\"result_box\" class=\"short_text\" lang=\"fr\" tabindex=\"-1\">\u2022 Qualit\u00e9 3 selon DIN3967 disponible<\/span><\/li>\n<\/ul>\n<p>Ce faisant des diam\u00e8tres ainsi que des longueurs d\u2019arbre jusqu\u2019\u00e0 3000 mm sont possibles. Nous produisons sur des machines de rectifiage de flanc les plus modernes, provenant des fabricants leader. Ainsi nous pouvons r\u00e9pondre aux plus hautes exigences de qualit\u00e9 de la denture et de la surface. Le profil de couronnement, la d\u00e9pouille de t\u00eate et de pied, etc. sont des exigences de pr\u00e9cision du profil indispensables qui garantissent par leur reproduction une marche silencieuse et accord\u00e9e sur les domaines d\u2019utilisation sp\u00e9cifiques. Ceci \u00a0vous procure par exemple un avantage d\u00e9cisif en mati\u00e8re d\u2019atteindre les objectifs en hausse des r\u00e9ductions d\u2019\u00e9missions sonores.Roue droite d'entra\u00eenement pour locomotive<\/p><\/div><\/td><td class=\"column-2\"><div id=\"attachment_1766\" style=\"width: 310px\" class=\"wp-caption alignleft\"><a href=\"https:\/\/welterzahnrad-g6ofhpmwtp.live-website.com\/wp-content\/uploads\/stirnrad-1.jpg\"><img loading=\"lazy\" decoding=\"async\" aria-describedby=\"caption-attachment-1766\" src=\"https:\/\/welterzahnrad-g6ofhpmwtp.live-website.com\/wp-content\/uploads\/stirnrad-1-400x286.jpg\" alt=\"\" width=\"300\" height=\"215\" class=\"size-medium wp-image-1766\" srcset=\"https:\/\/welter-zahnrad.de\/wp-content\/uploads\/stirnrad-1-400x286.jpg 400w, https:\/\/welter-zahnrad.de\/wp-content\/uploads\/stirnrad-1.jpg 1200w\" sizes=\"auto, (max-width: 300px) 100vw, 300px\" \/><\/a><p id=\"caption-attachment-1766\" class=\"wp-caption-text\">Le pignon de roue droite de charge \u00e9lev\u00e9e pour tunneliers<\/p><\/div><\/td><td class=\"column-3\"><div id=\"attachment_2606\" style=\"width: 310px\" class=\"wp-caption alignleft\"><a href=\"https:\/\/welterzahnrad-g6ofhpmwtp.live-website.com\/wp-content\/uploads\/WZ_Turbozahnradwelle.jpg\"><img loading=\"lazy\" decoding=\"async\" aria-describedby=\"caption-attachment-2606\" src=\"https:\/\/welterzahnrad-g6ofhpmwtp.live-website.com\/wp-content\/uploads\/WZ_Turbozahnradwelle-400x286.jpg\" alt=\"\" width=\"300\" height=\"215\" class=\"size-medium wp-image-2606\" srcset=\"https:\/\/welter-zahnrad.de\/wp-content\/uploads\/WZ_Turbozahnradwelle-400x286.jpg 400w, https:\/\/welter-zahnrad.de\/wp-content\/uploads\/WZ_Turbozahnradwelle-1200x858.jpg 1200w\" sizes=\"auto, (max-width: 300px) 100vw, 300px\" \/><\/a><p id=\"caption-attachment-2606\" class=\"wp-caption-text\">Engrenage h\u00e9lico\u00efdal avec accouplement Hirth<\/p><\/div><\/td>\n<\/tr>\n<\/tbody>\n<\/table>\n<\/p>\n<p>Produciamo<\/p>\n<ul>\n<li>Pinioni,<\/li>\n<li>Alberi del pignone,<\/li>\n<li>Ruote,<\/li>\n<li>Ruote cave,<\/li>\n<\/ul>\n<p>e molte parti speciali in<\/p>\n<ul>\n<li>Design rettilineo o a denti elicoidali<\/li>\n<p>.<\/p>\n<li>con dentatura interna e\/o esterna<\/li>\n<p>.<\/p>\n<li>con dentatura fresata, a scanalature, piallata o rettificata<\/li>\n<p>.<\/p>\n<li>Qualit\u00e0 3 secondo DIN3967 possibile<\/li>\n<p>.\n<\/ul>\n<p>Sono possibili diametri e lunghezze d&rsquo;albero fino a 3000 mm. Produciamo sulle pi\u00f9 moderne macchine per la rettifica dei fianchi dei denti, dei produttori leader, e possiamo quindi soddisfare i pi\u00f9 alti requisiti per la dentatura e la qualit\u00e0 della superficie. La mappatura dei requisiti necessari del profilo, come la coronatura dell&rsquo;altezza, le rientranze della testa e\/o della radice, gli arrotondamenti della radice, ecc. assicurano un funzionamento a bassa rumorosit\u00e0 adattato al campo di applicazione speciale, il che vi d\u00e0 anche un vantaggio decisivo, per esempio, per quanto riguarda l&rsquo;aumento delle specifiche per la riduzione delle emissioni di rumore.Roue droite d'entra\u00eenement pour locomotive<\/p><\/div><\/td><td class=\"column-2\"><div id=\"attachment_1766\" style=\"width: 310px\" class=\"wp-caption alignleft\"><a href=\"https:\/\/welterzahnrad-g6ofhpmwtp.live-website.com\/wp-content\/uploads\/stirnrad-1.jpg\"><img loading=\"lazy\" decoding=\"async\" aria-describedby=\"caption-attachment-1766\" src=\"https:\/\/welterzahnrad-g6ofhpmwtp.live-website.com\/wp-content\/uploads\/stirnrad-1-400x286.jpg\" alt=\"\" width=\"300\" height=\"215\" class=\"size-medium wp-image-1766\" srcset=\"https:\/\/welter-zahnrad.de\/wp-content\/uploads\/stirnrad-1-400x286.jpg 400w, https:\/\/welter-zahnrad.de\/wp-content\/uploads\/stirnrad-1.jpg 1200w\" sizes=\"auto, (max-width: 300px) 100vw, 300px\" \/><\/a><p id=\"caption-attachment-1766\" class=\"wp-caption-text\">Le pignon de roue droite de charge \u00e9lev\u00e9e pour tunneliers<\/p><\/div><\/td><td class=\"column-3\"><div id=\"attachment_2606\" style=\"width: 310px\" class=\"wp-caption alignleft\"><a href=\"https:\/\/welterzahnrad-g6ofhpmwtp.live-website.com\/wp-content\/uploads\/WZ_Turbozahnradwelle.jpg\"><img loading=\"lazy\" decoding=\"async\" aria-describedby=\"caption-attachment-2606\" src=\"https:\/\/welterzahnrad-g6ofhpmwtp.live-website.com\/wp-content\/uploads\/WZ_Turbozahnradwelle-400x286.jpg\" alt=\"\" width=\"300\" height=\"215\" class=\"size-medium wp-image-2606\" srcset=\"https:\/\/welter-zahnrad.de\/wp-content\/uploads\/WZ_Turbozahnradwelle-400x286.jpg 400w, https:\/\/welter-zahnrad.de\/wp-content\/uploads\/WZ_Turbozahnradwelle-1200x858.jpg 1200w\" sizes=\"auto, (max-width: 300px) 100vw, 300px\" \/><\/a><p id=\"caption-attachment-2606\" class=\"wp-caption-text\">Engrenage h\u00e9lico\u00efdal avec accouplement Hirth<\/p><\/div><\/td>\n<\/tr>\n<\/tbody>\n<\/table>\n<\/p>\n<p>\u6211\u4eec\u751f\u4ea7<\/p>\n<p>\u5c0f\u9f7f\u8f6e<br \/>\n\u5c0f\u9f7f\u8f6e\u8f74<br \/>\n\u9f7f\u8f6e<br \/>\n\u9f7f\u5708<\/p>\n<p>\u548c\u4e00\u7cfb\u5217\u7684\u7279\u6b8a\u4ea7\u54c1<\/p>\n<p>\u6b63\u9f7f\u6216\u659c\u9f7f\u9f7f\u8f6e<br \/>\n\u6709\u5185\u9f7f\u548c\/\u6216\u5916\u9f7f<br \/>\n\u4ee5\u53ca\u94e3\u524a\u3001\u5f00\u69fd\u3001\u6210\u5f62\u6216\u78e8\u524a\u7684\u9f7f\u5f62\u3002<br \/>\n\u53ef\u63d0\u4f9b\u7b26\u5408DIN3967\u6807\u51c6\u76843\u7ea7\u8d28\u91cf<\/p>\n<p><span class=\"VIiyi\" lang=\"zh-CN\"><span class=\"JLqJ4b ChMk0b\" data-language-for-alternatives=\"zh-CN\" data-language-to-translate-into=\"de\" data-phrase-index=\"0\">\u6211\u4eec\u62e5\u6709\u4e16\u754c\u9886\u5934\u7684\u8bbe\u5907\u5382\u5546\u63d0\u4f9b\u7684\u5148\u8fdb\u8bbe\u5907\u53ef\u5236\u9020\u76f4\u5f84\u548c\u8f74\u957f\u9ad8\u8fbe 3000 \u6beb\u7c73\u7684\u4ea7\u54c1\uff0c\u5e76\u8fbe\u5230\u9f7f\u5f62\u548c\u8868\u9762\u8d28\u91cf\u7684\u6700\u9ad8\u8981\u6c42\u3002<\/span> <span class=\"JLqJ4b ChMk0b\" data-language-for-alternatives=\"zh-CN\" data-language-to-translate-into=\"de\" data-phrase-index=\"1\">\u4f7f\u7528\u5fc5\u8981\u7684\u8f6e\u5ed3\u7279\u5f81\uff0c\u4f8b\u5982\u8f6e\u5ed3\u51f8\u5ea6\u3001\u9f7f\u9876\u548c\/\u6216\u9f7f\u6839\u95f4\u9699\u3001\u9f7f\u6839\u534a\u5f84\u7b49\uff0c\u53ef\u786e\u4fdd\u7279\u6b8a\u5e94\u7528\u8303\u56f4\u7684\u5b89\u9759\u8fd0\u884c\u3002<\/span> <span class=\"JLqJ4b ChMk0b\" data-language-for-alternatives=\"zh-CN\" data-language-to-translate-into=\"de\" data-phrase-index=\"2\">\u4f8b\u5982<\/span><span class=\"JLqJ4b ChMk0b\" data-language-for-alternatives=\"zh-CN\" data-language-to-translate-into=\"de\" data-phrase-index=\"2\">\u8fd9\u6837\u7684\u5173\u952e\u7684\u4f18\u52bf\u662f\u53ef\u4ee5<\/span><span class=\"JLqJ4b ChMk0b\" data-language-for-alternatives=\"zh-CN\" data-language-to-translate-into=\"de\" data-phrase-index=\"3\">\u51cf\u5c11\u566a\u97f3\u6392\u653e\u7684\u65e5\u76ca\u589e\u957f\u7684\u9700\u6c42\u3002<\/span><\/span><\/p>","protected":false},"excerpt":{"rendered":"<p>Nous produisons des pignons arbres \u00e0 pignon roues dent\u00e9es roues creuses \u00e0 denture int\u00e9rieure et beaucoup de pi\u00e8ces sp\u00e9ciales avec une denture droite ou h\u00e9lico\u00efdale int\u00e9rieure et\/ou ext\u00e9rieure frais\u00e9e, refoul\u00e9e, rabot\u00e9e ou rectifi\u00e9e \u2022 Qualit\u00e9 3 selon DIN3967 disponible Ce faisant des diam\u00e8tres ainsi que des longueurs d\u2019arbre jusqu\u2019\u00e0 3000 mm sont possibles. Nous produisons [&hellip;]<\/p>\n","protected":false},"author":1,"featured_media":978,"parent":34,"menu_order":0,"comment_status":"closed","ping_status":"closed","template":"","meta":{"footnotes":""},"class_list":["post-91","page","type-page","status-publish","has-post-thumbnail","czr-hentry"],"_links":{"self":[{"href":"https:\/\/welter-zahnrad.de\/fr\/wp-json\/wp\/v2\/pages\/91","targetHints":{"allow":["GET"]}}],"collection":[{"href":"https:\/\/welter-zahnrad.de\/fr\/wp-json\/wp\/v2\/pages"}],"about":[{"href":"https:\/\/welter-zahnrad.de\/fr\/wp-json\/wp\/v2\/types\/page"}],"author":[{"embeddable":true,"href":"https:\/\/welter-zahnrad.de\/fr\/wp-json\/wp\/v2\/users\/1"}],"replies":[{"embeddable":true,"href":"https:\/\/welter-zahnrad.de\/fr\/wp-json\/wp\/v2\/comments?post=91"}],"version-history":[{"count":30,"href":"https:\/\/welter-zahnrad.de\/fr\/wp-json\/wp\/v2\/pages\/91\/revisions"}],"predecessor-version":[{"id":3838,"href":"https:\/\/welter-zahnrad.de\/fr\/wp-json\/wp\/v2\/pages\/91\/revisions\/3838"}],"up":[{"embeddable":true,"href":"https:\/\/welter-zahnrad.de\/fr\/wp-json\/wp\/v2\/pages\/34"}],"wp:featuredmedia":[{"embeddable":true,"href":"https:\/\/welter-zahnrad.de\/fr\/wp-json\/wp\/v2\/media\/978"}],"wp:attachment":[{"href":"https:\/\/welter-zahnrad.de\/fr\/wp-json\/wp\/v2\/media?parent=91"}],"curies":[{"name":"wp","href":"https:\/\/api.w.org\/{rel}","templated":true}]}}