{"id":1375,"date":"2016-06-29T12:31:49","date_gmt":"2016-06-29T12:31:49","guid":{"rendered":"https:\/\/welterzahnrad-g6ofhpmwtp.live-website.com\/?page_id=1375"},"modified":"2024-12-09T12:46:54","modified_gmt":"2024-12-09T12:46:54","slug":"datenschutzrichtlinie","status":"publish","type":"page","link":"https:\/\/welter-zahnrad.de\/it\/unternehmen\/datenschutzrichtlinie\/","title":{"rendered":"Politica sulla privacy"},"content":{"rendered":"<p><\/p>\n<div class=\"ce_text text-container block\">\n<h2>Condizioni generali di utilizzo di WELTER zahnrad GmbH<\/h2>\n<h3>1. Informazioni sul copyright<\/h3>\n<p>.<br \/>\nTutte le informazioni su questo sito web sono fornite come dichiarato senza alcuna pretesa di accuratezza, completezza o tempestivit\u00e0. A meno che non sia espressamente indicato diversamente in questa pubblicazione, in relazione a un particolare estratto, file o documento, chiunque \u00e8 autorizzato a visualizzare, copiare, stampare e distribuire questo documento, alle seguenti condizioni: Il documento pu\u00f2 essere usato solo per scopi informativi non commerciali. Qualsiasi copia di questo documento o di qualsiasi sua parte deve contenere questa dichiarazione di copyright e il marchio di protezione del copyright dell&#8217;operatore. Il documento, qualsiasi copia del documento o parte di esso non pu\u00f2 essere modificato senza il consenso scritto dell&#8217;operatore. L&#8217;Operatore si riserva il diritto di revocare questo permesso in qualsiasi momento e qualsiasi uso deve cessare immediatamente su avviso scritto dell&#8217;Operatore.<\/p>\n<h3>2. Garanzie contrattuali e rinunce<\/h3>\n<p>Il sito web welter-zahnrad.de \u00e8 a vostra disposizione gratuitamente &#8211; se non diversamente concordato. I gestori non si assumono alcuna responsabilit\u00e0 per la correttezza delle informazioni contenute, la disponibilit\u00e0 dei servizi, la perdita di dati memorizzati su welter-zahnrad.de o l&#8217;utilizzabilit\u00e0 per qualsiasi scopo particolare. Gli operatori non sono anche responsabili dei danni conseguenti basati sull&#8217;uso dell&#8217;offerta. Nella misura in cui un&#8217;esclusione di responsabilit\u00e0 non viene presa in considerazione, gli operatori sono responsabili solo per negligenza grave e dolo. I nomi dei prodotti e delle aziende sono marchi di fabbrica dei rispettivi proprietari e sono utilizzati in queste pagine solo a scopo informativo. Questa pubblicazione pu\u00f2 contenere imprecisioni tecniche o di altro tipo o errori tipografici. A queste informazioni vengono aggiunte modifiche di tanto in tanto; queste modifiche saranno incluse nelle nuove edizioni della pubblicazione. L&#8217;operatore pu\u00f2 apportare miglioramenti e\/o modifiche alle offerte descritte in questa pubblicazione in qualsiasi momento.<\/p>\n<h3>3.Espressioni di opinione nei commenti e nel forum<\/h3>\n<p>A causa del costante cambiamento del contenuto dei commenti e del forum, non \u00e8 possibile per il gestore vagliare completamente tutti i contributi, controllare il loro contenuto ed esercitare un controllo attivo diretto su di essi. Non si assume alcuna responsabilit\u00e0 per il contenuto, la correttezza e la forma dei contributi pubblicati.<\/p>\n<h3>3a. Disposizioni speciali per gli utenti registrati<\/h3>\n<p>.<br \/>\nCon la registrazione su welter-zahnrad.de, l&#8217;utente &#8211; di seguito denominato &#8220;membro&#8221; &#8211; accetta le seguenti condizioni di utilizzo nei confronti del gestore: I membri che partecipano ai forum di discussione e ai commenti si impegnano a,<\/p>\n<ol>\n<li style=\"list-style-type: none;\">\n<ol>\n<li>di astenersi da qualsiasi insulto, contenuto criminale, pornografia e linguaggio volgare nei loro contributi,<\/li>\n<\/ol>\n<\/li>\n<\/ol>\n<p>.<\/p>\n<ol>\n<li>di assumersi la responsabilit\u00e0 esclusiva dei contenuti che pubblicano, di non violare i diritti di terzi (in particolare i diritti di marchio, d&#8217;autore e personali) e di indennizzare completamente gli operatori di welter-zahnrad.de da eventuali rivendicazioni di terzi scatenate dai loro contributi.<\/li>\n<li>N\u00e9 di inserire pubblicit\u00e0 di qualsiasi tipo nei forum n\u00e9 nei commenti o di utilizzare i forum e i commenti per qualsiasi tipo di attivit\u00e0 commerciale. In particolare, questo si applica alla pubblicazione di numeri 0900 per qualsiasi scopo.<\/li>\n<\/ol>\n<p>Non c&#8217;\u00e8 nessuna pretesa di pubblicazione dei commenti inviati o dei post del forum. Gli operatori di welter-zahnrad.de si riservano il diritto di modificare o cancellare i commenti a loro discrezione. In caso di violazione degli obblighi di cui ai punti 1), 2) e 3), gli operatori si riservano anche il diritto di bloccare l&#8217;iscrizione per un periodo di tempo limitato o di cancellarla definitivamente.<\/p>\n<h3>4. Presentazione di contributi e articoli<\/h3>\n<p>Nella misura in cui il membro si avvale della possibilit\u00e0 di presentare contributi propri per la parte editoriale di welter-zahnrad.de, vale quanto segue: Un prerequisito per pubblicare i propri contributi \u00e8 che il membro abbia inserito il suo nome e cognome completo e corretto nel suo profilo utente di welter-zahnrad.de o lo inserisca l\u00ec dopo aver inviato l&#8217;articolo. Il contributo inviato sar\u00e0 contrassegnato con il nome inserito l\u00ec quando sar\u00e0 pubblicato (pubblicamente). Il membro fa le seguenti dichiarazioni per tutti i contributi da lui inviati in futuro a welter-zahnrad.de:<\/p>\n<ol>\n<li style=\"list-style-type: none;\">\n<ol>\n<li>Il membro assicura che i contributi inviati sono liberi da diritti di terzi, in particolare diritti d&#8217;autore, diritti di marchio o diritti personali. Questo vale per tutti i contributi e le immagini inviate.<\/li>\n<li>Il membro concede agli operatori di welter-zahnrad.de un diritto illimitato di utilizzo dei contributi inviati. Questo include la pubblicazione su Internet su welter-zahnrad.de cos\u00ec come su altri server Internet, in newsletter, stampa e altre pubblicazioni.<\/li>\n<li>Su richiesta del membro, i contributi inviati saranno cancellati o resi anonimi via e-mail all&#8217;indirizzo del webmaster. La cancellazione o l&#8217;anonimizzazione avverr\u00e0 entro 7 giorni dalla notifica. I gestori sono responsabili per i danni conseguenti subiti dall&#8217;utente a causa della cancellazione ritardata del contributo solo nella misura in cui non siano basati su una violazione degli obblighi da parte dell&#8217;utente (sopra ai punti 1), 2) e 3) ) e nella misura in cui siano basati anche su una grave negligenza o intenzionalit\u00e0 da parte dei gestori di welter-zahnrad.de. In questo contesto facciamo espressamente notare che welter-zahnrad.de viene regolarmente indicizzato dai motori di ricerca e che non abbiamo alcuna influenza sul se, dove e per quanto tempo i contributi da noi pubblicati vengano eventualmente memorizzati e recuperabili nelle banche dati dei motori di ricerca e nei cataloghi web anche dopo la cancellazione da welter-zahnrad.de.<\/li>\n<\/ol>\n<\/li>\n<\/ol>\n<p>.<\/p>\n<ol>\n<li>Non c&#8217;\u00e8 diritto alla conservazione, pubblicazione o archiviazione dei contributi presentati. Gli operatori si riservano il diritto di non pubblicare i contributi inviati senza dare motivazioni, di modificarli prima della pubblicazione o di cancellarli nuovamente dopo la pubblicazione a loro discrezione.<\/li>\n<li>La pubblicazione dei contributi inviati non d\u00e0 luogo ad alcuna richiesta di compenso (tasse, diritti di licenza, rimborso spese o simili) da parte del membro nei confronti di welter-zahnrad.de. La collaborazione \u00e8 onoraria (gratuita).<\/li>\n<\/ol>\n<h3>5. Dichiarazione sulla protezione dei dati (Privacy Policy)<\/h3>\n<p>Se viene data la possibilit\u00e0 di inserire dati personali o commerciali, l&#8217;inserimento di questi dati avviene volontariamente. L&#8217;uso del nostro servizio \u00e8 &#8211; per quanto tecnicamente possibile e ragionevole &#8211; consentito anche senza fornire tali dati o fornendo dati anonimizzati o uno pseudonimo. Ulteriori informazioni importanti sul tema della protezione dei dati si trovano nella nostra politica sulla privacy.<\/p>\n<h3>6. Registrazione e password<\/h3>\n<p>L&#8217;utente \u00e8 obbligato a trattare la combinazione nome utente\/password in modo confidenziale e a non trasmetterla a terzi. In caso di sospetto di abuso dei dati di accesso, l&#8217;operatore deve essere informato.<\/p>\n<h3>7. Avviso ai sensi della legge sui teleservizi<\/h3>\n<p>I rispettivi fornitori sono responsabili dei siti web di terzi a cui questo sito web fa riferimento tramite i cosiddetti link. L&#8217;operatore non \u00e8 responsabile del contenuto di tali siti terzi. Inoltre, il sito web pu\u00f2 essere collegato da altri siti per mezzo di cosiddetti link senza la nostra conoscenza. L&#8217;operatore non si assume alcuna responsabilit\u00e0 per le rappresentazioni, il contenuto o qualsiasi collegamento a questo sito web nei siti web di terzi. Il gestore \u00e8 responsabile dei contenuti di terzi solo se ne ha conoscenza positiva (cio\u00e8 anche di contenuti illegali o criminali) e se \u00e8 tecnicamente possibile e ragionevole impedirne l&#8217;uso. Tuttavia, secondo la legge tedesca sui servizi telematici, l&#8217;operatore non \u00e8 obbligato a controllare costantemente il contenuto esterno.<\/p>\n<h3>Contatto<\/h3>\n<p>Si prega di indirizzare qualsiasi domanda su welter-zahnrad.de al webmaster.<\/p>\n<h3>Validit\u00e0 legale<\/h3>\n<p>Queste condizioni generali di utilizzo si riferiscono a welter-zahnrad.de. Se sezioni o singoli termini di questa dichiarazione non sono legali o corretti, il contenuto o la validit\u00e0 delle altre parti non sono influenzati da questo fatto.<\/p>\n<\/div>\n<div class=\"ce_text text-container last block\">\n<h2>Dichiarazione sulla protezione dei dati (Privacy Policy) per WELTER zahnrad GmbH<\/h2>\n<p>.<\/p>\n<h3>Preambolo<\/h3>\n<p>Gli operatori di welter-zahnrad.de prendono sul serio la protezione dei dati privati. La considerazione speciale della privacy nel trattamento dei dati personali \u00e8 una preoccupazione importante. I dati personali sono utilizzati in conformit\u00e0 con le disposizioni della legge federale sulla protezione dei dati BDSG; gli operatori di questo sito web si impegnano a mantenere la riservatezza. Queste pagine web possono contenere link a pagine web di altri fornitori a cui questa dichiarazione di protezione dei dati non si estende. Ulteriori informazioni importanti si trovano anche nelle Condizioni generali di utilizzo della WELTER zahnrad GmbH.<\/p>\n<h3>1. Dati personali<\/h3>\n<p>I dati personali sono informazioni che possono essere utilizzate per scoprire l&#8217;identit\u00e0. Questo include informazioni come il nome reale, l&#8217;indirizzo, l&#8217;indirizzo postale, il numero di telefono. Le informazioni che non sono direttamente legate all&#8217;identit\u00e0 reale (come i siti web preferiti o il numero di utenti di un sito) non sono incluse. In linea di principio, potete utilizzare i nostri servizi online senza rivelare la vostra identit\u00e0. Se decidi di registrarti, cio\u00e8 di entrare come membro (utente registrato), puoi inserire informazioni personali nel tuo profilo utente individuale. Sta all&#8217;utente decidere se inserire questi dati. Dato che cerchiamo di raccogliere il minor numero possibile di dati personali per l&#8217;utilizzo dell&#8217;offerta, \u00e8 sufficiente inserire un nome &#8211; con il quale si \u00e8 iscritti e che non deve essere necessariamente lo stesso del proprio nome reale &#8211; e l&#8217;indirizzo e-mail al quale viene inviata la password di registrazione. In relazione all&#8217;accesso alle nostre pagine, i dati (per esempio l&#8217;indirizzo IP, la data, l&#8217;ora e le pagine visualizzate) sono memorizzati sul lato server. Non c&#8217;\u00e8 un utilizzo legato alla persona. Ci riserviamo il diritto di valutare statisticamente i record di dati anonimizzati. Utilizziamo i dati personali per scopi di amministrazione tecnica dei siti web e per la gestione dei clienti solo nella misura necessaria in ogni caso. Al di l\u00e0 di questo, i dati personali sono conservati solo se sono forniti volontariamente.<\/p>\n<h3>2. Divulgazione dei dati personali<\/h3>\n<p>Usiamo le informazioni personali solo per questo sito web. Non trasmettiamo le informazioni a terzi senza esplicito consenso. Se i dati vengono trasmessi a fornitori di servizi nell&#8217;ambito dell&#8217;elaborazione dei dati degli ordini, questi fornitori di servizi sono vincolati dalla legge federale sulla protezione dei dati (BDSG), da altre disposizioni legali e da questa politica sulla privacy. Le indagini o i trasferimenti di dati personali a istituzioni e autorit\u00e0 statali vengono effettuati solo nel quadro di disposizioni legali obbligatorie.<\/p>\n<h3>3. Uso di cookies<\/h3>\n<p>Usiamo i cookies &#8211; piccoli file con informazioni di configurazione. Aiutano a determinare le impostazioni specifiche dell&#8217;utente e a implementare funzioni speciali dell&#8217;utente. Non raccogliamo alcun dato personale attraverso i cookie. Tutte le funzioni del sito web possono essere utilizzate anche senza cookie, tuttavia, alcune propriet\u00e0 e impostazioni definite dall&#8217;utente non saranno disponibili.<\/p>\n<h3>4. Bambini<\/h3>\n<p>Le persone di et\u00e0 inferiore ai 18 anni non dovrebbero fornirci alcun dato personale senza il consenso dei loro genitori o tutori. Non richiediamo, raccogliamo o divulghiamo a terzi i dati personali dei bambini.<\/p>\n<h3>5. Diritto di recesso<\/h3>\n<p>.<br \/>\nSe ci ha fornito dati personali, pu\u00f2 modificarli e cancellarli in qualsiasi momento nel suo profilo utente. Per una cancellazione completa dell&#8217;account si prega di contattare il webmaster. Tuttavia, i contributi fatti nei forum, i commenti, gli annunci di date e articoli fino a questo punto possono rimanere &#8211; le informazioni su questo sono disponibili anche nelle condizioni generali di utilizzo.<\/p>\n<h3>6. Link ad altri siti web<\/h3>\n<p>La nostra offerta online contiene link ad altri siti web. Non abbiamo alcuna influenza sul fatto che i loro operatori rispettino le norme sulla protezione dei dati.<\/p>\n<h3>7. contributi<\/h3>\n<p>I contributi sul nostro sito sono accessibili a tutti. I contributi dovrebbero essere attentamente controllati prima della pubblicazione per assicurarsi che non contengano informazioni che non sono destinate all&#8217;uso pubblico. I contributi possono essere registrati nei motori di ricerca e possono anche essere accessibili in tutto il mondo senza richiamare specificamente questo sito.<\/p>\n<h3>8. Domande e commenti<\/h3>\n<p>Per domande e per suggerimenti e commenti sul tema della protezione dei dati, si prega di contattare il webmaster di welter-zahnrad.de via e-mail.<\/p>\n<h3>9. responsabile della protezione dei dati<\/h3>\n<\/div>\n<p>La WELTER zahnrad GmbH ha nominato un responsabile esterno della protezione dei dati, il signor Patrick Schweisthal. Potete raggiungerlo via e-mail al seguente link: <a href=\"mailto:datenschutz@dataguard.de\">MAIL<\/a>.<\/p>","protected":false},"excerpt":{"rendered":"<p>Condizioni generali di utilizzo di WELTER zahnrad GmbH 1. Informazioni sul copyright . Tutte le informazioni su questo sito web sono fornite come dichiarato senza alcuna pretesa di accuratezza, completezza o tempestivit\u00e0. A meno che non sia espressamente indicato diversamente in questa pubblicazione, in relazione a un particolare estratto, file o documento, chiunque \u00e8 autorizzato [&hellip;]<\/p>\n","protected":false},"author":1,"featured_media":0,"parent":535,"menu_order":0,"comment_status":"closed","ping_status":"closed","template":"","meta":{"footnotes":""},"class_list":["post-1375","page","type-page","status-publish","czr-hentry"],"_links":{"self":[{"href":"https:\/\/welter-zahnrad.de\/it\/wp-json\/wp\/v2\/pages\/1375","targetHints":{"allow":["GET"]}}],"collection":[{"href":"https:\/\/welter-zahnrad.de\/it\/wp-json\/wp\/v2\/pages"}],"about":[{"href":"https:\/\/welter-zahnrad.de\/it\/wp-json\/wp\/v2\/types\/page"}],"author":[{"embeddable":true,"href":"https:\/\/welter-zahnrad.de\/it\/wp-json\/wp\/v2\/users\/1"}],"replies":[{"embeddable":true,"href":"https:\/\/welter-zahnrad.de\/it\/wp-json\/wp\/v2\/comments?post=1375"}],"version-history":[{"count":14,"href":"https:\/\/welter-zahnrad.de\/it\/wp-json\/wp\/v2\/pages\/1375\/revisions"}],"predecessor-version":[{"id":4000,"href":"https:\/\/welter-zahnrad.de\/it\/wp-json\/wp\/v2\/pages\/1375\/revisions\/4000"}],"up":[{"embeddable":true,"href":"https:\/\/welter-zahnrad.de\/it\/wp-json\/wp\/v2\/pages\/535"}],"wp:attachment":[{"href":"https:\/\/welter-zahnrad.de\/it\/wp-json\/wp\/v2\/media?parent=1375"}],"curies":[{"name":"wp","href":"https:\/\/api.w.org\/{rel}","templated":true}]}}