{"id":1959,"date":"2017-11-28T06:14:16","date_gmt":"2017-11-28T06:14:16","guid":{"rendered":"https:\/\/welterzahnrad-g6ofhpmwtp.live-website.com\/?page_id=1959"},"modified":"2023-09-05T17:11:23","modified_gmt":"2023-09-05T17:11:23","slug":"qualitaetsgrundsaetze","status":"publish","type":"page","link":"https:\/\/welter-zahnrad.de\/it\/unternehmen\/qualitaetsgrundsaetze\/","title":{"rendered":"Principi di qualit\u00e0"},"content":{"rendered":"<p>- La soddisfazione del cliente \u00e8 il nostro obiettivo pi\u00f9 importante.<br \/>\n&#8211; Il cliente determina lo standard di qualit\u00e0.<br \/>\n&#8211; La qualit\u00e0 comprende il rispetto di tutte le caratteristiche richieste del prodotto e la fornitura impeccabile dei servizi promessi.<br \/>\n&#8211; L&#8217;aderenza alla qualit\u00e0 definita \u00e8 economica.<br \/>\n&#8211; La qualit\u00e0 deve essere pianificata e definita.<br \/>\n&#8211; La prevenzione degli errori ha la priorit\u00e0 sul rilevamento degli errori.<br \/>\n&#8211; Le cause dei difetti devono essere eliminate.<br \/>\n&#8211; L&#8217;obiettivo di qualit\u00e0 \u00e8 &#8220;100{8ae444e1e2d93e4986a028f3f39286f4cf385974685a13f5f75ca1880ecbd032} corretto<br \/>\n&#8211; Ogni dipendente \u00e8 responsabile della qualit\u00e0 del suo lavoro.<br \/>\n&#8211; La cooperazione di tutti i dipendenti \u00e8 la base della qualit\u00e0.<br \/>\n&#8211; La conformit\u00e0 alla qualit\u00e0 \u00e8 un processo continuo.<\/p>\n<p><strong>La QUALIT\u00c0 inizia nella mente e porta al successo.<\/strong><br \/>\n<\/p>","protected":false},"excerpt":{"rendered":"<p>&#8211; La soddisfazione del cliente \u00e8 il nostro obiettivo pi\u00f9 importante. &#8211; Il cliente determina lo standard di qualit\u00e0. &#8211; La qualit\u00e0 comprende il rispetto di tutte le caratteristiche richieste del prodotto e la fornitura impeccabile dei servizi promessi. &#8211; L&#8217;aderenza alla qualit\u00e0 definita \u00e8 economica. &#8211; La qualit\u00e0 deve essere pianificata e definita. &#8211; [&hellip;]<\/p>\n","protected":false},"author":1,"featured_media":0,"parent":535,"menu_order":0,"comment_status":"closed","ping_status":"closed","template":"","meta":{"footnotes":""},"class_list":["post-1959","page","type-page","status-publish","czr-hentry"],"_links":{"self":[{"href":"https:\/\/welter-zahnrad.de\/it\/wp-json\/wp\/v2\/pages\/1959","targetHints":{"allow":["GET"]}}],"collection":[{"href":"https:\/\/welter-zahnrad.de\/it\/wp-json\/wp\/v2\/pages"}],"about":[{"href":"https:\/\/welter-zahnrad.de\/it\/wp-json\/wp\/v2\/types\/page"}],"author":[{"embeddable":true,"href":"https:\/\/welter-zahnrad.de\/it\/wp-json\/wp\/v2\/users\/1"}],"replies":[{"embeddable":true,"href":"https:\/\/welter-zahnrad.de\/it\/wp-json\/wp\/v2\/comments?post=1959"}],"version-history":[{"count":9,"href":"https:\/\/welter-zahnrad.de\/it\/wp-json\/wp\/v2\/pages\/1959\/revisions"}],"predecessor-version":[{"id":3133,"href":"https:\/\/welter-zahnrad.de\/it\/wp-json\/wp\/v2\/pages\/1959\/revisions\/3133"}],"up":[{"embeddable":true,"href":"https:\/\/welter-zahnrad.de\/it\/wp-json\/wp\/v2\/pages\/535"}],"wp:attachment":[{"href":"https:\/\/welter-zahnrad.de\/it\/wp-json\/wp\/v2\/media?parent=1959"}],"curies":[{"name":"wp","href":"https:\/\/api.w.org\/{rel}","templated":true}]}}