{"id":216,"date":"2016-03-02T21:08:28","date_gmt":"2016-03-02T21:08:28","guid":{"rendered":"http:\/\/kluge-internet.de\/?page_id=216"},"modified":"2023-10-27T13:20:07","modified_gmt":"2023-10-27T13:20:07","slug":"hirth-verzahnungen","status":"publish","type":"page","link":"https:\/\/welter-zahnrad.de\/zh\/produkte\/hirth-verzahnungen\/","title":{"rendered":"Hirth \u7aef\u9762\u9f7f"},"content":{"rendered":"<p>\u7528\u4e8e\u5200\u5854\u7684\u4e09\u8054Hirth\u8054\u8f74\u5668<\/p><\/div><\/th><th class=\"column-2\"><div id=\"attachment_2605\" style=\"width: 310px\" class=\"wp-caption alignleft\"><a href=\"https:\/\/welterzahnrad-g6ofhpmwtp.live-website.com\/wp-content\/uploads\/WZ_Hirth01.jpg\"><img loading=\"lazy\" decoding=\"async\" aria-describedby=\"caption-attachment-2605\" src=\"https:\/\/welterzahnrad-g6ofhpmwtp.live-website.com\/wp-content\/uploads\/WZ_Hirth01-400x286.jpg\" alt=\"\" width=\"300\" height=\"215\" class=\"size-medium wp-image-2605\" srcset=\"https:\/\/welter-zahnrad.de\/wp-content\/uploads\/WZ_Hirth01-400x286.jpg 400w, https:\/\/welter-zahnrad.de\/wp-content\/uploads\/WZ_Hirth01.jpg 1200w\" sizes=\"auto, (max-width: 300px) 100vw, 300px\" \/><\/a><p id=\"caption-attachment-2605\" class=\"wp-caption-text\">\u63a5\u89e6\u5f0fHirth\u8054\u8f74\u5668<\/p><\/div><\/th><th class=\"column-3\"><div id=\"attachment_2606\" style=\"width: 310px\" class=\"wp-caption alignleft\"><a href=\"https:\/\/welterzahnrad-g6ofhpmwtp.live-website.com\/wp-content\/uploads\/WZ_Turbozahnradwelle.jpg\"><img loading=\"lazy\" decoding=\"async\" aria-describedby=\"caption-attachment-2606\" src=\"https:\/\/welterzahnrad-g6ofhpmwtp.live-website.com\/wp-content\/uploads\/WZ_Turbozahnradwelle-400x286.jpg\" alt=\"\" width=\"300\" height=\"215\" class=\"size-medium wp-image-2606\" srcset=\"https:\/\/welter-zahnrad.de\/wp-content\/uploads\/WZ_Turbozahnradwelle-400x286.jpg 400w, https:\/\/welter-zahnrad.de\/wp-content\/uploads\/WZ_Turbozahnradwelle-1200x858.jpg 1200w\" sizes=\"auto, (max-width: 300px) 100vw, 300px\" \/><\/a><p id=\"caption-attachment-2606\" class=\"wp-caption-text\">\u5e26Hirth\u8054\u8f74\u5668\u7684\u9ad8\u901f\u659c\u9f7f\u8f6e<\/p><\/div><\/th>\n<\/tr>\n<\/thead>\n<tbody class=\"row-striping row-hover\">\n<\/tbody>\n<\/table>\n<!-- #tablepress-45 from cache --><\/p>\n<p>Hirth-Verzahnungen sind eine Sonderform der Planverzahnung und werden f\u00fcr selbstzentrierende Kupplungen\u00a0verwendet. Aufgrund ihrer enorm hohen Drehmomentstabilit\u00e4t\u00a0 und zugleich kleinen Baugr\u00f6\u00dfe sind sie im Werkzeugmaschinenbau h\u00e4ufig vorzufinden. WELTER zahnrad fertigt Hirth-Verzahnungen mit folgenden Paramatern:<\/p>\n<ul>\n<li>Durchmesser bis 800mm<\/li>\n<li>Max. Teileh\u00f6he 1000mm bzw bei kleinen Durchmessern bis 125 auch Teileh\u00f6he 1500mm<\/li>\n<li>Max. Bauteilgewicht 2.800kg<\/li>\n<li>Z\u00e4hnezahl 48..720 abh\u00e4ngig vom Durchmesser<\/li>\n<li>geh\u00e4rtet und geschliffen<\/li>\n<li>Fertigung nach Zeichnung oder auch nach Muster<\/li>\n<\/ul>\n<p>Gerne unterst\u00fctzen wir Sie auch bei Auslegung und Zeichnungserstellung.<\/p>\n<p>&nbsp;<\/p>\n<p>&nbsp;<\/p>\n<h3>H\u00e4ufig gestellte Fragen zu <span class=\"TextRun SCXW198687528 BCX0\" lang=\"DE-DE\" xml:lang=\"DE-DE\" data-contrast=\"auto\"><span class=\"NormalTextRun SCXW198687528 BCX0\">Hirth-Verzahnungen<\/span><\/span><\/h3>\n<p>&nbsp;<\/p>\n<h3><span class=\"TextRun SCXW129627875 BCX0\" lang=\"DE-DE\" xml:lang=\"DE-DE\" data-contrast=\"none\"><span class=\"NormalTextRun SCXW129627875 BCX0\">Was sind Hirth-Verzahnungen? <\/span><\/span><\/h3>\n<p><span class=\"TextRun SCXW190113128 BCX0\" lang=\"DE-DE\" xml:lang=\"DE-DE\" data-contrast=\"none\"><span class=\"NormalTextRun SCXW190113128 BCX0\">Hirth-Verzahnungen von WELTER Zahnrad sind hochpr\u00e4zise Verzahnungen, bei denen Z\u00e4hne in Form von pr\u00e4zisen Zacken auf einem Ring angeordnet sind. Diese Zacken sind gleichm\u00e4\u00dfig \u00fcber den Umfang des Rings verteilt und passen exakt in Aussparungen eines korrespondierenden Teils.<\/span><\/span><span class=\"EOP SCXW190113128 BCX0\" data-ccp-props=\"{&quot;201341983&quot;:0,&quot;335559739&quot;:160,&quot;335559740&quot;:259}\">\u00a0<\/span><\/p>\n<p>&nbsp;<\/p>\n<h3><span class=\"TextRun SCXW189811018 BCX0\" lang=\"DE-DE\" xml:lang=\"DE-DE\" data-contrast=\"none\"><span class=\"NormalTextRun SCXW189811018 BCX0\">Wo werden Hirth-Verzahnungen eingesetzt? <\/span><\/span><\/h3>\n<p><span class=\"TextRun SCXW253459893 BCX0\" lang=\"DE-DE\" xml:lang=\"DE-DE\" data-contrast=\"none\"><span class=\"NormalTextRun SCXW253459893 BCX0\">Hirth-Verzahnungen finden in Anwendungen Verwendung, in denen eine \u00e4u\u00dferst pr\u00e4zise Winkelpositionierung oder Indexierung von Komponenten erforderlich ist. Dies umfasst Werkzeugmaschinen, Dreh- und Schwenktische, Positioniersysteme in der Luft- und Raumfahrt sowie viele andere Bereiche, in denen eine hohe Genauigkeit und Wiederholbarkeit unerl\u00e4sslich sind.<\/span><\/span><span class=\"EOP SCXW253459893 BCX0\" data-ccp-props=\"{&quot;201341983&quot;:0,&quot;335559739&quot;:160,&quot;335559740&quot;:259}\">\u00a0<\/span><\/p>\n<p>&nbsp;<\/p>\n<h3><span class=\"TextRun SCXW194251607 BCX0\" lang=\"DE-DE\" xml:lang=\"DE-DE\" data-contrast=\"none\"><span class=\"NormalTextRun SCXW194251607 BCX0\">Was sind die Vorteile von Hirth-Verzahnungen bei WELTER Zahnrad? <\/span><\/span><\/h3>\n<p><span class=\"TextRun SCXW29989520 BCX0\" lang=\"DE-DE\" xml:lang=\"DE-DE\" data-contrast=\"none\"><span class=\"NormalTextRun SCXW29989520 BCX0\">Hirth-Verzahnungen bieten eine au\u00dfergew\u00f6hnliche Pr\u00e4zision und Wiederholgenauigkeit bei der Positionierung von Komponenten. Sie gew\u00e4hrleisten eine stabile Verbindung zwischen den Komponenten und erm\u00f6glichen die \u00dcbertragung von hohen Drehmomenten. Dar\u00fcber hinaus sind sie wartungsarm und weisen eine lange Lebensdauer auf.<\/span><\/span><span class=\"EOP SCXW29989520 BCX0\" data-ccp-props=\"{&quot;201341983&quot;:0,&quot;335559739&quot;:160,&quot;335559740&quot;:259}\">\u00a0<\/span><\/p>\n<p>&nbsp;<\/p>\n<h3><span class=\"TextRun SCXW111526274 BCX0\" lang=\"DE-DE\" xml:lang=\"DE-DE\" data-contrast=\"none\"><span class=\"NormalTextRun SCXW111526274 BCX0\">Wie werden Hirth-Verzahnungen hergestellt? <\/span><\/span><\/h3>\n<p><span class=\"TextRun SCXW97912714 BCX0\" lang=\"DE-DE\" xml:lang=\"DE-DE\" data-contrast=\"none\"><span class=\"NormalTextRun SCXW97912714 BCX0\">Die Herstellung von Hirth-Verzahnungen erfordert hochpr\u00e4zise Fertigungstechniken wie Fr\u00e4sen oder Schleifen. Die Zacken werden mit \u00e4u\u00dferster Genauigkeit in den Ring gefertigt, um perfekte Passungen sicherzustellen.<\/span><\/span><span class=\"EOP SCXW97912714 BCX0\" data-ccp-props=\"{&quot;201341983&quot;:0,&quot;335559739&quot;:160,&quot;335559740&quot;:259}\">\u00a0<\/span><\/p>\n<p>&nbsp;<\/p>\n<h3><span class=\"TextRun SCXW242998779 BCX0\" lang=\"DE-DE\" xml:lang=\"DE-DE\" data-contrast=\"none\"><span class=\"NormalTextRun SCXW242998779 BCX0\">Welche Herausforderungen gibt es bei Hirth-Verzahnungen?<\/span><\/span><\/h3>\n<p><span class=\"TextRun SCXW131534794 BCX0\" lang=\"DE-DE\" xml:lang=\"DE-DE\" data-contrast=\"none\"><span class=\"NormalTextRun SCXW131534794 BCX0\">Eine der Hauptherausforderungen besteht darin, die extrem pr\u00e4zisen Toleranzen und Geometrien bei der Herstellung und Montage einzuhalten. Jede Abweichung kann die Positioniergenauigkeit beeintr\u00e4chtigen.<\/span><\/span><span class=\"EOP SCXW131534794 BCX0\" data-ccp-props=\"{&quot;201341983&quot;:0,&quot;335559739&quot;:160,&quot;335559740&quot;:259}\">\u00a0<\/span><\/p>\n<p>&nbsp;<\/p>\n<h3><span class=\"TextRun SCXW189260189 BCX0\" lang=\"DE-DE\" xml:lang=\"DE-DE\" data-contrast=\"none\"><span class=\"NormalTextRun SCXW189260189 BCX0\">Gibt es verschiedene Arten von Hirth-Verzahnungen?<\/span><\/span><\/h3>\n<p><span data-contrast=\"none\"> Es gibt keine verschiedenen Arten von Hirth-Verzahnungen im eigentlichen Sinne, aber verschiedene Konfigurationen k\u00f6nnen je nach den spezifischen Anforderungen der Anwendung entwickelt werden. Dies kann die Anzahl der Zacken und deren Abstand einschlie\u00dfen, um bestimmte Positionierungen zu erm\u00f6glichen.<\/span><span data-ccp-props=\"{&quot;201341983&quot;:0,&quot;335559739&quot;:160,&quot;335559740&quot;:259}\">\u00a0<\/span><\/p>\n<p><span data-ccp-props=\"{&quot;201341983&quot;:0,&quot;335559739&quot;:160,&quot;335559740&quot;:259}\">\u00a0<\/span>\u7528\u4e8e\u5200\u5854\u7684\u4e09\u8054Hirth\u8054\u8f74\u5668<\/p><\/div><\/th><th class=\"column-2\"><div id=\"attachment_2605\" style=\"width: 310px\" class=\"wp-caption alignleft\"><a href=\"https:\/\/welterzahnrad-g6ofhpmwtp.live-website.com\/wp-content\/uploads\/WZ_Hirth01.jpg\"><img loading=\"lazy\" decoding=\"async\" aria-describedby=\"caption-attachment-2605\" src=\"https:\/\/welterzahnrad-g6ofhpmwtp.live-website.com\/wp-content\/uploads\/WZ_Hirth01-400x286.jpg\" alt=\"\" width=\"300\" height=\"215\" class=\"size-medium wp-image-2605\" srcset=\"https:\/\/welter-zahnrad.de\/wp-content\/uploads\/WZ_Hirth01-400x286.jpg 400w, https:\/\/welter-zahnrad.de\/wp-content\/uploads\/WZ_Hirth01.jpg 1200w\" sizes=\"auto, (max-width: 300px) 100vw, 300px\" \/><\/a><p id=\"caption-attachment-2605\" class=\"wp-caption-text\">\u63a5\u89e6\u5f0fHirth\u8054\u8f74\u5668<\/p><\/div><\/th><th class=\"column-3\"><div id=\"attachment_2606\" style=\"width: 310px\" class=\"wp-caption alignleft\"><a href=\"https:\/\/welterzahnrad-g6ofhpmwtp.live-website.com\/wp-content\/uploads\/WZ_Turbozahnradwelle.jpg\"><img loading=\"lazy\" decoding=\"async\" aria-describedby=\"caption-attachment-2606\" src=\"https:\/\/welterzahnrad-g6ofhpmwtp.live-website.com\/wp-content\/uploads\/WZ_Turbozahnradwelle-400x286.jpg\" alt=\"\" width=\"300\" height=\"215\" class=\"size-medium wp-image-2606\" srcset=\"https:\/\/welter-zahnrad.de\/wp-content\/uploads\/WZ_Turbozahnradwelle-400x286.jpg 400w, https:\/\/welter-zahnrad.de\/wp-content\/uploads\/WZ_Turbozahnradwelle-1200x858.jpg 1200w\" sizes=\"auto, (max-width: 300px) 100vw, 300px\" \/><\/a><p id=\"caption-attachment-2606\" class=\"wp-caption-text\">\u5e26Hirth\u8054\u8f74\u5668\u7684\u9ad8\u901f\u659c\u9f7f\u8f6e<\/p><\/div><\/th>\n<\/tr>\n<\/thead>\n<tbody class=\"row-striping row-hover\">\n<\/tbody>\n<\/table>\n<\/p>\n<p>Hirth toothing is a special type of plan toothing which is used for self-centering couplings. Because of the high torque stability together with a low installation size the hirth toothing is suitable in maschine tools. The producing range includes:<\/p>\n<ul>\n<li>max. diameter: 800mm<\/li>\n<li>max. component height: 1000mm, if diameter smaller than 125 mm max. component height: 1500mm<\/li>\n<li>max. weight: 2800kg<\/li>\n<li>number of teeth from 48 to 720 belonging to the diameter<\/li>\n<li>hardened and grinded<\/li>\n<li>manufacturing according to drawing or example<\/li>\n<\/ul>\n<p>We are pleased to support you in construction and drawing.\u7528\u4e8e\u5200\u5854\u7684\u4e09\u8054Hirth\u8054\u8f74\u5668<\/p><\/div><\/th><th class=\"column-2\"><div id=\"attachment_2605\" style=\"width: 310px\" class=\"wp-caption alignleft\"><a href=\"https:\/\/welterzahnrad-g6ofhpmwtp.live-website.com\/wp-content\/uploads\/WZ_Hirth01.jpg\"><img loading=\"lazy\" decoding=\"async\" aria-describedby=\"caption-attachment-2605\" src=\"https:\/\/welterzahnrad-g6ofhpmwtp.live-website.com\/wp-content\/uploads\/WZ_Hirth01-400x286.jpg\" alt=\"\" width=\"300\" height=\"215\" class=\"size-medium wp-image-2605\" srcset=\"https:\/\/welter-zahnrad.de\/wp-content\/uploads\/WZ_Hirth01-400x286.jpg 400w, https:\/\/welter-zahnrad.de\/wp-content\/uploads\/WZ_Hirth01.jpg 1200w\" sizes=\"auto, (max-width: 300px) 100vw, 300px\" \/><\/a><p id=\"caption-attachment-2605\" class=\"wp-caption-text\">\u63a5\u89e6\u5f0fHirth\u8054\u8f74\u5668<\/p><\/div><\/th><th class=\"column-3\"><div id=\"attachment_2606\" style=\"width: 310px\" class=\"wp-caption alignleft\"><a href=\"https:\/\/welterzahnrad-g6ofhpmwtp.live-website.com\/wp-content\/uploads\/WZ_Turbozahnradwelle.jpg\"><img loading=\"lazy\" decoding=\"async\" aria-describedby=\"caption-attachment-2606\" src=\"https:\/\/welterzahnrad-g6ofhpmwtp.live-website.com\/wp-content\/uploads\/WZ_Turbozahnradwelle-400x286.jpg\" alt=\"\" width=\"300\" height=\"215\" class=\"size-medium wp-image-2606\" srcset=\"https:\/\/welter-zahnrad.de\/wp-content\/uploads\/WZ_Turbozahnradwelle-400x286.jpg 400w, https:\/\/welter-zahnrad.de\/wp-content\/uploads\/WZ_Turbozahnradwelle-1200x858.jpg 1200w\" sizes=\"auto, (max-width: 300px) 100vw, 300px\" \/><\/a><p id=\"caption-attachment-2606\" class=\"wp-caption-text\">\u5e26Hirth\u8054\u8f74\u5668\u7684\u9ad8\u901f\u659c\u9f7f\u8f6e<\/p><\/div><\/th>\n<\/tr>\n<\/thead>\n<tbody class=\"row-striping row-hover\">\n<\/tbody>\n<\/table>\n<\/p>\n<p>Les dentures Hirth sont une forme sp\u00e9ciale des dentures planes et sont utilis\u00e9es pour des accouplements autocentrants. En raison de leur stabilit\u00e9 de couple \u00e9norm\u00e9ment haute en m\u00eame temps que leur petite taille ont peu souvent les retrouv\u00e9es dans le secteur de la machine-outil. WELTER zahnrad usine des dentures Hirth avec les param\u00e8tres ci-dessous\u00a0:<\/p>\n<ul>\n<li>diam\u00e8tre jusqu\u2019\u00e0 800 mm<\/li>\n<li>hauteur maximale de la pi\u00e8ce de 1 000 mm respectivement 1 500 mm pour des petits diam\u00e8tres jusqu\u2019\u00e0 125 mm.<\/li>\n<li>poids maximal de l\u2019\u00e9l\u00e9ment 2 800 kg<\/li>\n<li>le nombre de dents (48..720) d\u00e9pend du diam\u00e8tre<\/li>\n<li>dentures tremp\u00e9es et rectifi\u00e9es<\/li>\n<li>usinage d\u2019apr\u00e8s un dessin ou un \u00e9chantillon.<\/li>\n<\/ul>\n<p>Nous vous soutenons avec plaisir dans le dimensionnement et l\u2019\u00e9laboration du dessin.\u7528\u4e8e\u5200\u5854\u7684\u4e09\u8054Hirth\u8054\u8f74\u5668<\/p><\/div><\/th><th class=\"column-2\"><div id=\"attachment_2605\" style=\"width: 310px\" class=\"wp-caption alignleft\"><a href=\"https:\/\/welterzahnrad-g6ofhpmwtp.live-website.com\/wp-content\/uploads\/WZ_Hirth01.jpg\"><img loading=\"lazy\" decoding=\"async\" aria-describedby=\"caption-attachment-2605\" src=\"https:\/\/welterzahnrad-g6ofhpmwtp.live-website.com\/wp-content\/uploads\/WZ_Hirth01-400x286.jpg\" alt=\"\" width=\"300\" height=\"215\" class=\"size-medium wp-image-2605\" srcset=\"https:\/\/welter-zahnrad.de\/wp-content\/uploads\/WZ_Hirth01-400x286.jpg 400w, https:\/\/welter-zahnrad.de\/wp-content\/uploads\/WZ_Hirth01.jpg 1200w\" sizes=\"auto, (max-width: 300px) 100vw, 300px\" \/><\/a><p id=\"caption-attachment-2605\" class=\"wp-caption-text\">\u63a5\u89e6\u5f0fHirth\u8054\u8f74\u5668<\/p><\/div><\/th><th class=\"column-3\"><div id=\"attachment_2606\" style=\"width: 310px\" class=\"wp-caption alignleft\"><a href=\"https:\/\/welterzahnrad-g6ofhpmwtp.live-website.com\/wp-content\/uploads\/WZ_Turbozahnradwelle.jpg\"><img loading=\"lazy\" decoding=\"async\" aria-describedby=\"caption-attachment-2606\" src=\"https:\/\/welterzahnrad-g6ofhpmwtp.live-website.com\/wp-content\/uploads\/WZ_Turbozahnradwelle-400x286.jpg\" alt=\"\" width=\"300\" height=\"215\" class=\"size-medium wp-image-2606\" srcset=\"https:\/\/welter-zahnrad.de\/wp-content\/uploads\/WZ_Turbozahnradwelle-400x286.jpg 400w, https:\/\/welter-zahnrad.de\/wp-content\/uploads\/WZ_Turbozahnradwelle-1200x858.jpg 1200w\" sizes=\"auto, (max-width: 300px) 100vw, 300px\" \/><\/a><p id=\"caption-attachment-2606\" class=\"wp-caption-text\">\u5e26Hirth\u8054\u8f74\u5668\u7684\u9ad8\u901f\u659c\u9f7f\u8f6e<\/p><\/div><\/th>\n<\/tr>\n<\/thead>\n<tbody class=\"row-striping row-hover\">\n<\/tbody>\n<\/table>\n<\/p>\n<p>Gli ingranaggi Hirth sono una forma speciale di ingranaggio frontale e sono utilizzati per gli accoppiamenti autocentranti. A causa della loro stabilit\u00e0 di coppia enormemente alta e allo stesso tempo di piccole dimensioni, si trovano spesso nella costruzione di macchine utensili. WELTER zahnrad produce riduttori Hirth con i seguenti parametri:<\/p>\n<ul>\n<li>Diametro fino a 800mm<\/li>\n<li>Max. Altezza del pezzo 1000mm o per piccoli diametri fino a 125 anche altezza del pezzo 1500mm<\/li>\n<p>.<\/p>\n<li>Max. Peso del pezzo 2.800kg<\/li>\n<li>Numero di denti 48..720 a seconda del diametro<\/li>\n<li>Rindurito e macinato<\/li>\n<li>Fabbricazione secondo il disegno o anche secondo il campione<\/li>\n<p>.\n<\/ul>\n<p>Saremo anche felici di sostenervi nella preparazione di progetti e disegni.<\/p>\n<p>Tradotto con www.DeepL.com\/Translator (versione gratuita)\n<table id=\"tablepress-45-no-5\" class=\"tablepress tablepress-id-45\">\n<thead>\n<tr class=\"row-1\">\n\t<th class=\"column-1\"><div id=\"attachment_2609\" style=\"width: 310px\" class=\"wp-caption alignleft\"><a href=\"https:\/\/welterzahnrad-g6ofhpmwtp.live-website.com\/wp-content\/uploads\/WZ_Hirthgruppe.jpg\"><img loading=\"lazy\" decoding=\"async\" aria-describedby=\"caption-attachment-2609\" src=\"https:\/\/welterzahnrad-g6ofhpmwtp.live-website.com\/wp-content\/uploads\/WZ_Hirthgruppe-400x286.jpg\" alt=\"\" width=\"300\" height=\"215\" class=\"size-medium wp-image-2609\" srcset=\"https:\/\/welter-zahnrad.de\/wp-content\/uploads\/WZ_Hirthgruppe-400x286.jpg 400w, https:\/\/welter-zahnrad.de\/wp-content\/uploads\/WZ_Hirthgruppe.jpg 1200w\" sizes=\"auto, (max-width: 300px) 100vw, 300px\" \/><\/a><p id=\"caption-attachment-2609\" class=\"wp-caption-text\">\u7528\u4e8e\u5200\u5854\u7684\u4e09\u8054Hirth\u8054\u8f74\u5668<\/p><\/div><\/th><th class=\"column-2\"><div id=\"attachment_2605\" style=\"width: 310px\" class=\"wp-caption alignleft\"><a href=\"https:\/\/welterzahnrad-g6ofhpmwtp.live-website.com\/wp-content\/uploads\/WZ_Hirth01.jpg\"><img loading=\"lazy\" decoding=\"async\" aria-describedby=\"caption-attachment-2605\" src=\"https:\/\/welterzahnrad-g6ofhpmwtp.live-website.com\/wp-content\/uploads\/WZ_Hirth01-400x286.jpg\" alt=\"\" width=\"300\" height=\"215\" class=\"size-medium wp-image-2605\" srcset=\"https:\/\/welter-zahnrad.de\/wp-content\/uploads\/WZ_Hirth01-400x286.jpg 400w, https:\/\/welter-zahnrad.de\/wp-content\/uploads\/WZ_Hirth01.jpg 1200w\" sizes=\"auto, (max-width: 300px) 100vw, 300px\" \/><\/a><p id=\"caption-attachment-2605\" class=\"wp-caption-text\">\u63a5\u89e6\u5f0fHirth\u8054\u8f74\u5668<\/p><\/div><\/th><th class=\"column-3\"><div id=\"attachment_2606\" style=\"width: 310px\" class=\"wp-caption alignleft\"><a href=\"https:\/\/welterzahnrad-g6ofhpmwtp.live-website.com\/wp-content\/uploads\/WZ_Turbozahnradwelle.jpg\"><img loading=\"lazy\" decoding=\"async\" aria-describedby=\"caption-attachment-2606\" src=\"https:\/\/welterzahnrad-g6ofhpmwtp.live-website.com\/wp-content\/uploads\/WZ_Turbozahnradwelle-400x286.jpg\" alt=\"\" width=\"300\" height=\"215\" class=\"size-medium wp-image-2606\" srcset=\"https:\/\/welter-zahnrad.de\/wp-content\/uploads\/WZ_Turbozahnradwelle-400x286.jpg 400w, https:\/\/welter-zahnrad.de\/wp-content\/uploads\/WZ_Turbozahnradwelle-1200x858.jpg 1200w\" sizes=\"auto, (max-width: 300px) 100vw, 300px\" \/><\/a><p id=\"caption-attachment-2606\" class=\"wp-caption-text\">\u5e26Hirth\u8054\u8f74\u5668\u7684\u9ad8\u901f\u659c\u9f7f\u8f6e<\/p><\/div><\/th>\n<\/tr>\n<\/thead>\n<tbody class=\"row-striping row-hover\">\n<\/tbody>\n<\/table>\n<\/p>\n<p>Hirth\u9f7f\u662f\u4e00\u79cd\u7279\u6b8a\u7c7b\u578b\u7684\u5e73\u9762\u9f7f\uff0c\u7528\u4e8e\u81ea\u5b9a\u5fc3\u7684\u8054\u8f74\u5668\u3002\u7531\u4e8e\u9ad8\u626d\u77e9\u7684\u7a33\u5b9a\u6027\u548c\u4f4e\u5b89\u88c5\u5c3a\u5bf8\uff0cHirth\u9f7f\u9002\u7528\u4e8e\u673a\u68b0\u52a0\u5de5\u5de5\u5177\u3002\u4ea7\u54c1\u8303\u56f4\u5305\u62ec<\/p>\n<p>\u6700\u5927\u76f4\u5f84\uff1a800mm<br \/>\n\u6700\u5927\u90e8\u4ef6\u9ad8\u5ea6\uff1a1000mm\uff0c\u5982\u679c\u76f4\u5f84\u5c0f\u4e8e125mm\uff0c\u6700\u5927\u90e8\u4ef6\u9ad8\u5ea6\uff1a1500mm\u3002<br \/>\n\u6700\u5927\u91cd\u91cf\uff1a2800\u516c\u65a4<br \/>\n\u6839\u636e\u76f4\u5f84\uff0c\u9f7f\u6570\u4ece48\u5230720\u4e0d\u7b49<br \/>\n\u7ecf\u8fc7\u786c\u5316\u548c\u7814\u78e8<br \/>\n\u6839\u636e\u56fe\u7eb8\u6216\u6837\u4ef6\u5236\u9020<\/p>\n<p>\u6211\u4eec\u5f88\u9ad8\u5174\u5728\u65bd\u5de5\u548c\u56fe\u7eb8\u65b9\u9762\u4e3a\u60a8\u63d0\u4f9b\u652f\u6301\u3002<\/p>","protected":false},"excerpt":{"rendered":"<p>Hirth\u9f7f\u662f\u4e00\u79cd\u7279\u6b8a\u7c7b\u578b\u7684\u5e73\u9762\u9f7f\uff0c\u7528\u4e8e\u81ea\u5b9a\u5fc3\u7684\u8054\u8f74\u5668\u3002\u7531\u4e8e\u9ad8\u626d\u77e9\u7684\u7a33\u5b9a\u6027\u548c\u4f4e\u5b89\u88c5\u5c3a\u5bf8\uff0cHirth\u9f7f\u9002\u7528\u4e8e\u673a\u68b0\u52a0\u5de5\u5de5\u5177\u3002\u4ea7\u54c1\u8303\u56f4\u5305\u62ec \u6700\u5927\u76f4\u5f84\uff1a800mm \u6700\u5927\u90e8\u4ef6\u9ad8\u5ea6\uff1a1000mm\uff0c\u5982\u679c\u76f4\u5f84\u5c0f\u4e8e125mm\uff0c\u6700\u5927\u90e8\u4ef6\u9ad8\u5ea6\uff1a1500mm\u3002 \u6700\u5927\u91cd\u91cf\uff1a2800\u516c\u65a4 \u6839\u636e\u76f4\u5f84\uff0c\u9f7f\u6570\u4ece48\u5230720\u4e0d\u7b49 \u7ecf\u8fc7\u786c\u5316\u548c\u7814\u78e8 \u6839\u636e\u56fe\u7eb8\u6216\u6837\u4ef6\u5236\u9020 \u6211\u4eec\u5f88\u9ad8\u5174\u5728\u65bd\u5de5\u548c\u56fe\u7eb8\u65b9\u9762\u4e3a\u60a8\u63d0\u4f9b\u652f\u6301\u3002<\/p>\n","protected":false},"author":1,"featured_media":3827,"parent":34,"menu_order":0,"comment_status":"closed","ping_status":"closed","template":"","meta":{"footnotes":""},"class_list":["post-216","page","type-page","status-publish","has-post-thumbnail","czr-hentry"],"_links":{"self":[{"href":"https:\/\/welter-zahnrad.de\/zh\/wp-json\/wp\/v2\/pages\/216","targetHints":{"allow":["GET"]}}],"collection":[{"href":"https:\/\/welter-zahnrad.de\/zh\/wp-json\/wp\/v2\/pages"}],"about":[{"href":"https:\/\/welter-zahnrad.de\/zh\/wp-json\/wp\/v2\/types\/page"}],"author":[{"embeddable":true,"href":"https:\/\/welter-zahnrad.de\/zh\/wp-json\/wp\/v2\/users\/1"}],"replies":[{"embeddable":true,"href":"https:\/\/welter-zahnrad.de\/zh\/wp-json\/wp\/v2\/comments?post=216"}],"version-history":[{"count":29,"href":"https:\/\/welter-zahnrad.de\/zh\/wp-json\/wp\/v2\/pages\/216\/revisions"}],"predecessor-version":[{"id":3760,"href":"https:\/\/welter-zahnrad.de\/zh\/wp-json\/wp\/v2\/pages\/216\/revisions\/3760"}],"up":[{"embeddable":true,"href":"https:\/\/welter-zahnrad.de\/zh\/wp-json\/wp\/v2\/pages\/34"}],"wp:featuredmedia":[{"embeddable":true,"href":"https:\/\/welter-zahnrad.de\/zh\/wp-json\/wp\/v2\/media\/3827"}],"wp:attachment":[{"href":"https:\/\/welter-zahnrad.de\/zh\/wp-json\/wp\/v2\/media?parent=216"}],"curies":[{"name":"wp","href":"https:\/\/api.w.org\/{rel}","templated":true}]}}