{"id":2568,"date":"2020-02-17T13:32:21","date_gmt":"2020-02-17T13:32:21","guid":{"rendered":"https:\/\/welterzahnrad-g6ofhpmwtp.live-website.com\/?page_id=2568"},"modified":"2023-10-27T13:32:56","modified_gmt":"2023-10-27T13:32:56","slug":"technische-kurven","status":"publish","type":"page","link":"https:\/\/welter-zahnrad.de\/zh\/produkte\/technische-kurven\/","title":{"rendered":"\u51f8\u8f6e"},"content":{"rendered":"<p>\u5f84\u5411\u51f8\u8f6e<\/p><\/div><\/td><td class=\"column-2\"><div id=\"attachment_1752\" style=\"width: 310px\" class=\"wp-caption alignleft\"><a href=\"https:\/\/welterzahnrad-g6ofhpmwtp.live-website.com\/wp-content\/uploads\/Kurve2.jpg\"><img loading=\"lazy\" decoding=\"async\" aria-describedby=\"caption-attachment-1752\" src=\"https:\/\/welterzahnrad-g6ofhpmwtp.live-website.com\/wp-content\/uploads\/Kurve2-400x286.jpg\" alt=\"\" width=\"300\" height=\"215\" class=\"size-medium wp-image-1752\" srcset=\"https:\/\/welter-zahnrad.de\/wp-content\/uploads\/Kurve2-400x286.jpg 400w, https:\/\/welter-zahnrad.de\/wp-content\/uploads\/Kurve2.jpg 1200w\" sizes=\"auto, (max-width: 300px) 100vw, 300px\" \/><\/a><p id=\"caption-attachment-1752\" class=\"wp-caption-text\">\u69fd\u5f62\u51f8\u8f6e<\/p><\/div><\/td><td class=\"column-3\"><div id=\"attachment_1753\" style=\"width: 310px\" class=\"wp-caption alignleft\"><a href=\"https:\/\/welterzahnrad-g6ofhpmwtp.live-website.com\/wp-content\/uploads\/Kurve3.jpg\"><img loading=\"lazy\" decoding=\"async\" aria-describedby=\"caption-attachment-1753\" src=\"https:\/\/welterzahnrad-g6ofhpmwtp.live-website.com\/wp-content\/uploads\/Kurve3-400x286.jpg\" alt=\"\" width=\"300\" height=\"215\" class=\"size-medium wp-image-1753\" srcset=\"https:\/\/welter-zahnrad.de\/wp-content\/uploads\/Kurve3-400x286.jpg 400w, https:\/\/welter-zahnrad.de\/wp-content\/uploads\/Kurve3.jpg 1200w\" sizes=\"auto, (max-width: 300px) 100vw, 300px\" \/><\/a><p id=\"caption-attachment-1753\" class=\"wp-caption-text\">\u5706\u67f1\u51f8\u8f6e<\/p><\/div><\/td>\n<\/tr>\n<tr class=\"row-2\">\n\t<td class=\"column-1\"><strong>\u5f84\u5411\u51f8\u8f6e<\/strong><br \/>\n\u5355\u4e00\u6216\u4e92\u8865\u7684\u66f2\u7ebf\uff0c\u5355\u4e2a\u6216\u6210\u5bf9\u87ba\u4e1d\u8fde\u63a5\u3002\u4e00\u6b21\u88c5\u5939\u94e3\u524a\u6210\u578b\u3002<\/td><td class=\"column-2\"><strong>\u69fd\u5f62\u51f8\u8f6e<\/strong><br \/>\n\u51f9\u69fd\u51f8\u8f6e\u5728\u4e00\u4e2a\u7ec4\u4ef6\u4e2d\u663e\u793a\u5411\u524d\u548c\u5411\u540e\u8fd0\u52a8\u3002 \u4e0d\u9700\u8981\u590d\u4f4d\u5f39\u7c27\u6216\u4e92\u8865\u51f8\u8f6e\u3002<br \/>\n<\/td><td class=\"column-3\"><strong>\u5706\u67f1\u51f8\u8f6e<\/strong>\u3002<br \/>\n\u4e0d\u540c\u7684\u8fd0\u52a8\u5b9a\u5f8b\uff0c\u4f8b\u5982\u4fee\u6b63\u7684\u6b63\u5f26\u66f2\u7ebf\u3001\u68af\u5f62\u6216\u591a\u9879\u5f0f  <\/td>\n<\/tr>\n<tr class=\"row-3\">\n\t<td class=\"column-1\"><\/td><td class=\"column-2\"><\/td><td class=\"column-3\"><\/td>\n<\/tr>\n<tr class=\"row-4\">\n\t<td class=\"column-1\"><\/td><td class=\"column-2\"><\/td><td class=\"column-3\"><\/td>\n<\/tr>\n<tr class=\"row-5\">\n\t<td class=\"column-1\"><\/td><td class=\"column-2\"><\/td><td class=\"column-3\"><\/td>\n<\/tr>\n<\/tbody>\n<\/table>\n<!-- #tablepress-42 from cache -->\n<p>&nbsp;<\/p>\n<p>&nbsp;<\/p>\n<p>&nbsp;<\/p>\n<h3>H\u00e4ufig gestellte Fragen <span class=\"LineBreakBlob BlobObject DragDrop SCXW102364435 BCX0\"><span class=\"SCXW102364435 BCX0\">zu <\/span><\/span><span class=\"TextRun SCXW102364435 BCX0\" lang=\"DE-DE\" xml:lang=\"DE-DE\" data-contrast=\"auto\"><span class=\"NormalTextRun SCXW102364435 BCX0\">Technischen Kurven<\/span><\/span><\/h3>\n<p>&nbsp;<\/p>\n<h3><span class=\"TextRun SCXW67408344 BCX0\" lang=\"DE-DE\" xml:lang=\"DE-DE\" data-contrast=\"none\"><span class=\"NormalTextRun SCXW67408344 BCX0\">Welche Bearbeitung wird bei WELTER f\u00fcr technische Kurven angewendet?<\/span><\/span><\/h3>\n<p><span class=\"TextRun SCXW23911976 BCX0\" lang=\"DE-DE\" xml:lang=\"DE-DE\" data-contrast=\"none\"><span class=\"NormalTextRun SCXW23911976 BCX0\">Bei WELTER Zahnrad setzen wir modernste Bearbeitungstechnologien ein, unterst\u00fctzt von geschultem Fachpersonal. Unsere hochmodernen Maschinen gew\u00e4hrleisten eine pr\u00e4zise Bearbeitung, um die geforderte Qualit\u00e4t und Flexibilit\u00e4t der technischen Kurven sicherzustellen.<\/span><\/span><span class=\"EOP SCXW23911976 BCX0\" data-ccp-props=\"{&quot;201341983&quot;:0,&quot;335559739&quot;:160,&quot;335559740&quot;:259}\">\u00a0<\/span><\/p>\n<p>&nbsp;<\/p>\n<h3><span class=\"TextRun SCXW203135510 BCX0\" lang=\"DE-DE\" xml:lang=\"DE-DE\" data-contrast=\"none\"><span class=\"NormalTextRun SCXW203135510 BCX0\">Welche Arten von technischen Kurven werden hergestellt? <\/span><\/span><\/h3>\n<p><span class=\"TextRun SCXW97887279 BCX0\" lang=\"DE-DE\" xml:lang=\"DE-DE\" data-contrast=\"none\"><span class=\"NormalTextRun SCXW97887279 BCX0\">Unsere Produktion umfasst eine breite Palette von technischen Kurven, darunter Radialkurven, Nutkurven, Zylinderkurven und Scheibenkurven. Die Auswahl h\u00e4ngt von den spezifischen Anforderungen unserer Kunden ab, und wir sind in der Lage, ma\u00dfgeschneiderte L\u00f6sungen anzubieten, um ihre individuellen Bed\u00fcrfnisse zu erf\u00fcllen.<\/span><\/span><span class=\"EOP SCXW97887279 BCX0\" data-ccp-props=\"{&quot;201341983&quot;:0,&quot;335559739&quot;:160,&quot;335559740&quot;:259}\">\u00a0<\/span><\/p>\n<p>&nbsp;<\/p>\n<h3><span class=\"NormalTextRun SCXW142827315 BCX0\">Wie <\/span><span class=\"NormalTextRun ContextualSpellingAndGrammarErrorV2Themed SCXW142827315 BCX0\">wird<\/span><span class=\"NormalTextRun SCXW142827315 BCX0\"> die Qualit\u00e4t und Dokumentation bei der Herstellung von technischen Kurven sichergestellt? <\/span><\/h3>\n<p><span class=\"TextRun SCXW166322855 BCX0\" lang=\"DE-DE\" xml:lang=\"DE-DE\" data-contrast=\"none\"><span class=\"NormalTextRun SCXW166322855 BCX0\">Die Qualit\u00e4tssicherung steht bei WELTER Zahnrad an oberster Stelle. Unsere hochqualifizierten Ingenieure und Techniker \u00fcberwachen und dokumentieren den gesamten Fertigungsprozess von Anfang bis Ende. Wir verf\u00fcgen \u00fcber umfangreiche Pr\u00fcfeinrichtungen, um sicherzustellen, dass unsere technischen Kurven den h\u00f6chsten Standards entsprechen.<\/span><\/span><span class=\"EOP SCXW166322855 BCX0\" data-ccp-props=\"{&quot;201341983&quot;:0,&quot;335559739&quot;:160,&quot;335559740&quot;:259}\">\u00a0<\/span><\/p>\n<p>&nbsp;<\/p>\n<h3><span class=\"TextRun SCXW125586783 BCX0\" lang=\"DE-DE\" xml:lang=\"DE-DE\" data-contrast=\"none\"><span class=\"NormalTextRun SCXW125586783 BCX0\">Warum sind technische Kurven in verschiedenen Anwendungen wichtig? <\/span><\/span><\/h3>\n<p><span class=\"TextRun SCXW28610668 BCX0\" lang=\"DE-DE\" xml:lang=\"DE-DE\" data-contrast=\"none\"><span class=\"NormalTextRun SCXW28610668 BCX0\">Technische Kurven spielen eine entscheidende Rolle in einer Vielzahl von mechanischen Systemen. Sie erm\u00f6glichen komplexe Bewegungsabl\u00e4ufe und sind daher in Anwendungen wie Maschinenbau, Fahrzeugtechnik und anderen Industriezweigen von gro\u00dfer Bedeutung.\u00a0<\/span><\/span><span class=\"EOP SCXW28610668 BCX0\" data-ccp-props=\"{&quot;201341983&quot;:0,&quot;335559739&quot;:160,&quot;335559740&quot;:259}\">\u00a0<\/span><\/p>\n<p>&nbsp;<\/p>\n<h3><span class=\"TextRun SCXW75672306 BCX0\" lang=\"DE-DE\" xml:lang=\"DE-DE\" data-contrast=\"none\"><span class=\"NormalTextRun SCXW75672306 BCX0\">Wie k\u00f6nnen Kunden Anfragen f\u00fcr technische Kurven bei WELTER stellen?<\/span><\/span><\/h3>\n<p><span class=\"TextRun SCXW208697552 BCX0\" lang=\"DE-DE\" xml:lang=\"DE-DE\" data-contrast=\"none\"><span class=\"NormalTextRun SCXW208697552 BCX0\">Kunden k\u00f6nnen unkompliziert Anfragen stellen, indem sie sich direkt an unser Vertriebsteam wenden. Wir stehen bereit, um Kundenanforderungen zu besprechen, individuelle L\u00f6sungen zu entwickeln und eine reibungslose Auftragsabwicklung sicherzustellen.\u00a0<\/span><\/span><span class=\"EOP SCXW208697552 BCX0\" data-ccp-props=\"{&quot;201341983&quot;:0,&quot;335559739&quot;:160,&quot;335559740&quot;:259}\">\u00a0<\/span><\/p>\n<p>&nbsp;\u5f84\u5411\u51f8\u8f6e<\/p><\/div><\/td><td class=\"column-2\"><div id=\"attachment_1752\" style=\"width: 310px\" class=\"wp-caption alignleft\"><a href=\"https:\/\/welterzahnrad-g6ofhpmwtp.live-website.com\/wp-content\/uploads\/Kurve2.jpg\"><img loading=\"lazy\" decoding=\"async\" aria-describedby=\"caption-attachment-1752\" src=\"https:\/\/welterzahnrad-g6ofhpmwtp.live-website.com\/wp-content\/uploads\/Kurve2-400x286.jpg\" alt=\"\" width=\"300\" height=\"215\" class=\"size-medium wp-image-1752\" srcset=\"https:\/\/welter-zahnrad.de\/wp-content\/uploads\/Kurve2-400x286.jpg 400w, https:\/\/welter-zahnrad.de\/wp-content\/uploads\/Kurve2.jpg 1200w\" sizes=\"auto, (max-width: 300px) 100vw, 300px\" \/><\/a><p id=\"caption-attachment-1752\" class=\"wp-caption-text\">\u69fd\u5f62\u51f8\u8f6e<\/p><\/div><\/td><td class=\"column-3\"><div id=\"attachment_1753\" style=\"width: 310px\" class=\"wp-caption alignleft\"><a href=\"https:\/\/welterzahnrad-g6ofhpmwtp.live-website.com\/wp-content\/uploads\/Kurve3.jpg\"><img loading=\"lazy\" decoding=\"async\" aria-describedby=\"caption-attachment-1753\" src=\"https:\/\/welterzahnrad-g6ofhpmwtp.live-website.com\/wp-content\/uploads\/Kurve3-400x286.jpg\" alt=\"\" width=\"300\" height=\"215\" class=\"size-medium wp-image-1753\" srcset=\"https:\/\/welter-zahnrad.de\/wp-content\/uploads\/Kurve3-400x286.jpg 400w, https:\/\/welter-zahnrad.de\/wp-content\/uploads\/Kurve3.jpg 1200w\" sizes=\"auto, (max-width: 300px) 100vw, 300px\" \/><\/a><p id=\"caption-attachment-1753\" class=\"wp-caption-text\">\u5706\u67f1\u51f8\u8f6e<\/p><\/div><\/td>\n<\/tr>\n<tr class=\"row-2\">\n\t<td class=\"column-1\"><strong>\u5f84\u5411\u51f8\u8f6e<\/strong><br \/>\n\u5355\u4e00\u6216\u4e92\u8865\u7684\u66f2\u7ebf\uff0c\u5355\u4e2a\u6216\u6210\u5bf9\u87ba\u4e1d\u8fde\u63a5\u3002\u4e00\u6b21\u88c5\u5939\u94e3\u524a\u6210\u578b\u3002<\/td><td class=\"column-2\"><strong>\u69fd\u5f62\u51f8\u8f6e<\/strong><br \/>\n\u51f9\u69fd\u51f8\u8f6e\u5728\u4e00\u4e2a\u7ec4\u4ef6\u4e2d\u663e\u793a\u5411\u524d\u548c\u5411\u540e\u8fd0\u52a8\u3002 \u4e0d\u9700\u8981\u590d\u4f4d\u5f39\u7c27\u6216\u4e92\u8865\u51f8\u8f6e\u3002<br \/>\n<\/td><td class=\"column-3\"><strong>\u5706\u67f1\u51f8\u8f6e<\/strong>\u3002<br \/>\n\u4e0d\u540c\u7684\u8fd0\u52a8\u5b9a\u5f8b\uff0c\u4f8b\u5982\u4fee\u6b63\u7684\u6b63\u5f26\u66f2\u7ebf\u3001\u68af\u5f62\u6216\u591a\u9879\u5f0f  <\/td>\n<\/tr>\n<tr class=\"row-3\">\n\t<td class=\"column-1\"><\/td><td class=\"column-2\"><\/td><td class=\"column-3\"><\/td>\n<\/tr>\n<tr class=\"row-4\">\n\t<td class=\"column-1\"><\/td><td class=\"column-2\"><\/td><td class=\"column-3\"><\/td>\n<\/tr>\n<tr class=\"row-5\">\n\t<td class=\"column-1\"><\/td><td class=\"column-2\"><\/td><td class=\"column-3\"><\/td>\n<\/tr>\n<\/tbody>\n<\/table>\n\u5f84\u5411\u51f8\u8f6e<\/p><\/div><\/td><td class=\"column-2\"><div id=\"attachment_1752\" style=\"width: 310px\" class=\"wp-caption alignleft\"><a href=\"https:\/\/welterzahnrad-g6ofhpmwtp.live-website.com\/wp-content\/uploads\/Kurve2.jpg\"><img loading=\"lazy\" decoding=\"async\" aria-describedby=\"caption-attachment-1752\" src=\"https:\/\/welterzahnrad-g6ofhpmwtp.live-website.com\/wp-content\/uploads\/Kurve2-400x286.jpg\" alt=\"\" width=\"300\" height=\"215\" class=\"size-medium wp-image-1752\" srcset=\"https:\/\/welter-zahnrad.de\/wp-content\/uploads\/Kurve2-400x286.jpg 400w, https:\/\/welter-zahnrad.de\/wp-content\/uploads\/Kurve2.jpg 1200w\" sizes=\"auto, (max-width: 300px) 100vw, 300px\" \/><\/a><p id=\"caption-attachment-1752\" class=\"wp-caption-text\">\u69fd\u5f62\u51f8\u8f6e<\/p><\/div><\/td><td class=\"column-3\"><div id=\"attachment_1753\" style=\"width: 310px\" class=\"wp-caption alignleft\"><a href=\"https:\/\/welterzahnrad-g6ofhpmwtp.live-website.com\/wp-content\/uploads\/Kurve3.jpg\"><img loading=\"lazy\" decoding=\"async\" aria-describedby=\"caption-attachment-1753\" src=\"https:\/\/welterzahnrad-g6ofhpmwtp.live-website.com\/wp-content\/uploads\/Kurve3-400x286.jpg\" alt=\"\" width=\"300\" height=\"215\" class=\"size-medium wp-image-1753\" srcset=\"https:\/\/welter-zahnrad.de\/wp-content\/uploads\/Kurve3-400x286.jpg 400w, https:\/\/welter-zahnrad.de\/wp-content\/uploads\/Kurve3.jpg 1200w\" sizes=\"auto, (max-width: 300px) 100vw, 300px\" \/><\/a><p id=\"caption-attachment-1753\" class=\"wp-caption-text\">\u5706\u67f1\u51f8\u8f6e<\/p><\/div><\/td>\n<\/tr>\n<tr class=\"row-2\">\n\t<td class=\"column-1\"><strong>\u5f84\u5411\u51f8\u8f6e<\/strong><br \/>\n\u5355\u4e00\u6216\u4e92\u8865\u7684\u66f2\u7ebf\uff0c\u5355\u4e2a\u6216\u6210\u5bf9\u87ba\u4e1d\u8fde\u63a5\u3002\u4e00\u6b21\u88c5\u5939\u94e3\u524a\u6210\u578b\u3002<\/td><td class=\"column-2\"><strong>\u69fd\u5f62\u51f8\u8f6e<\/strong><br \/>\n\u51f9\u69fd\u51f8\u8f6e\u5728\u4e00\u4e2a\u7ec4\u4ef6\u4e2d\u663e\u793a\u5411\u524d\u548c\u5411\u540e\u8fd0\u52a8\u3002 \u4e0d\u9700\u8981\u590d\u4f4d\u5f39\u7c27\u6216\u4e92\u8865\u51f8\u8f6e\u3002<br \/>\n<\/td><td class=\"column-3\"><strong>\u5706\u67f1\u51f8\u8f6e<\/strong>\u3002<br \/>\n\u4e0d\u540c\u7684\u8fd0\u52a8\u5b9a\u5f8b\uff0c\u4f8b\u5982\u4fee\u6b63\u7684\u6b63\u5f26\u66f2\u7ebf\u3001\u68af\u5f62\u6216\u591a\u9879\u5f0f  <\/td>\n<\/tr>\n<tr class=\"row-3\">\n\t<td class=\"column-1\"><\/td><td class=\"column-2\"><\/td><td class=\"column-3\"><\/td>\n<\/tr>\n<tr class=\"row-4\">\n\t<td class=\"column-1\"><\/td><td class=\"column-2\"><\/td><td class=\"column-3\"><\/td>\n<\/tr>\n<tr class=\"row-5\">\n\t<td class=\"column-1\"><\/td><td class=\"column-2\"><\/td><td class=\"column-3\"><\/td>\n<\/tr>\n<\/tbody>\n<\/table>\n\u5f84\u5411\u51f8\u8f6e<\/p><\/div><\/td><td class=\"column-2\"><div id=\"attachment_1752\" style=\"width: 310px\" class=\"wp-caption alignleft\"><a href=\"https:\/\/welterzahnrad-g6ofhpmwtp.live-website.com\/wp-content\/uploads\/Kurve2.jpg\"><img loading=\"lazy\" decoding=\"async\" aria-describedby=\"caption-attachment-1752\" src=\"https:\/\/welterzahnrad-g6ofhpmwtp.live-website.com\/wp-content\/uploads\/Kurve2-400x286.jpg\" alt=\"\" width=\"300\" height=\"215\" class=\"size-medium wp-image-1752\" srcset=\"https:\/\/welter-zahnrad.de\/wp-content\/uploads\/Kurve2-400x286.jpg 400w, https:\/\/welter-zahnrad.de\/wp-content\/uploads\/Kurve2.jpg 1200w\" sizes=\"auto, (max-width: 300px) 100vw, 300px\" \/><\/a><p id=\"caption-attachment-1752\" class=\"wp-caption-text\">\u69fd\u5f62\u51f8\u8f6e<\/p><\/div><\/td><td class=\"column-3\"><div id=\"attachment_1753\" style=\"width: 310px\" class=\"wp-caption alignleft\"><a href=\"https:\/\/welterzahnrad-g6ofhpmwtp.live-website.com\/wp-content\/uploads\/Kurve3.jpg\"><img loading=\"lazy\" decoding=\"async\" aria-describedby=\"caption-attachment-1753\" src=\"https:\/\/welterzahnrad-g6ofhpmwtp.live-website.com\/wp-content\/uploads\/Kurve3-400x286.jpg\" alt=\"\" width=\"300\" height=\"215\" class=\"size-medium wp-image-1753\" srcset=\"https:\/\/welter-zahnrad.de\/wp-content\/uploads\/Kurve3-400x286.jpg 400w, https:\/\/welter-zahnrad.de\/wp-content\/uploads\/Kurve3.jpg 1200w\" sizes=\"auto, (max-width: 300px) 100vw, 300px\" \/><\/a><p id=\"caption-attachment-1753\" class=\"wp-caption-text\">\u5706\u67f1\u51f8\u8f6e<\/p><\/div><\/td>\n<\/tr>\n<tr class=\"row-2\">\n\t<td class=\"column-1\"><strong>\u5f84\u5411\u51f8\u8f6e<\/strong><br \/>\n\u5355\u4e00\u6216\u4e92\u8865\u7684\u66f2\u7ebf\uff0c\u5355\u4e2a\u6216\u6210\u5bf9\u87ba\u4e1d\u8fde\u63a5\u3002\u4e00\u6b21\u88c5\u5939\u94e3\u524a\u6210\u578b\u3002<\/td><td class=\"column-2\"><strong>\u69fd\u5f62\u51f8\u8f6e<\/strong><br \/>\n\u51f9\u69fd\u51f8\u8f6e\u5728\u4e00\u4e2a\u7ec4\u4ef6\u4e2d\u663e\u793a\u5411\u524d\u548c\u5411\u540e\u8fd0\u52a8\u3002 \u4e0d\u9700\u8981\u590d\u4f4d\u5f39\u7c27\u6216\u4e92\u8865\u51f8\u8f6e\u3002<br \/>\n<\/td><td class=\"column-3\"><strong>\u5706\u67f1\u51f8\u8f6e<\/strong>\u3002<br \/>\n\u4e0d\u540c\u7684\u8fd0\u52a8\u5b9a\u5f8b\uff0c\u4f8b\u5982\u4fee\u6b63\u7684\u6b63\u5f26\u66f2\u7ebf\u3001\u68af\u5f62\u6216\u591a\u9879\u5f0f  <\/td>\n<\/tr>\n<tr class=\"row-3\">\n\t<td class=\"column-1\"><\/td><td class=\"column-2\"><\/td><td class=\"column-3\"><\/td>\n<\/tr>\n<tr class=\"row-4\">\n\t<td class=\"column-1\"><\/td><td class=\"column-2\"><\/td><td class=\"column-3\"><\/td>\n<\/tr>\n<tr class=\"row-5\">\n\t<td class=\"column-1\"><\/td><td class=\"column-2\"><\/td><td class=\"column-3\"><\/td>\n<\/tr>\n<\/tbody>\n<\/table>\n<br \/>\n<span class=\"VIiyi\" lang=\"zh-CN\"><span class=\"JLqJ4b ChMk0b\" data-language-for-alternatives=\"zh-CN\" data-language-to-translate-into=\"de\" data-phrase-index=\"0\">WELTER \u5728\u8f6f\u548c\u786c\u9f7f\u8f6e\u7cbe\u52a0\u5de5\u4e2d\u7684\u81ea\u7531\u66f2\u9762\u94e3\u524a\u65b9\u9762\u62e5\u6709\u591a\u5e74\u7ecf\u9a8c\u3002<\/span> <span class=\"JLqJ4b ChMk0b\" data-language-for-alternatives=\"zh-CN\" data-language-to-translate-into=\"de\" data-phrase-index=\"1\">\u6211\u4eec\u5df2\u5c06\u8fd9\u4e00\u7ecf\u9a8c\u5e94\u7528\u4e8e\u51f8\u8f6e\u7684\u751f\u4ea7\u91cd\u3002<\/span> <span class=\"JLqJ4b ChMk0b\" data-language-for-alternatives=\"zh-CN\" data-language-to-translate-into=\"de\" data-phrase-index=\"2\">\u73b0\u4ee3\u5316\u7684\u9ad8\u7cbe\u5ea6\u673a\u5668\u4e0e\u8bad\u7ec3\u6709\u7d20\u7684\u5de5\u4eba\u76f8\u7ed3\u5408\uff0c\u786e\u4fdd\u4ea7\u54c1\u7684\u9ad8\u8d28\u91cf\u4e0e\u6267\u884c\u7684\u7075\u6d3b\u6027\u3002<\/span> <span class=\"JLqJ4b ChMk0b\" data-language-for-alternatives=\"zh-CN\" data-language-to-translate-into=\"de\" data-phrase-index=\"3\">\u5de5\u7a0b\u77e5\u8bc6\u548c\u5e7f\u6cdb\u7684\u6d4b\u8bd5\u548c\u6d4b\u91cf\u8bbe\u5907\u4fdd\u8bc1\u4e86\u6240\u63d0\u4f9b\u6587\u4ef6\u7684\u8d28\u91cf\uff0c\u8be5\u6587\u4ef6\u5df2\u7ecf\u6ee1\u8db3\u6807\u51c6\u4e2d\u7684\u6700\u9ad8\u8981\u6c42\u3002<\/span> <span class=\"JLqJ4b ChMk0b\" data-language-for-alternatives=\"zh-CN\" data-language-to-translate-into=\"de\" data-phrase-index=\"4\">\u4f7f\u7528\u59cb\u7ec8\u4fdd\u6301\u6700\u65b0\u7684\u8f6f\u4ef6\uff0c\u53ef\u4ee5\u5728\u751f\u4ea7\u548c\u6d4b\u91cf\u7a0b\u5e8f\u4e2d\u8ba1\u7b97\u548c\u6267\u884c\u66f2\u7ebf\u7684\u51e0\u4f55\u5f62\u72b6<\/span>\u00a0\u3002<\/span><\/p>\n<p><span class=\"VIiyi\" lang=\"zh-CN\"><span class=\"JLqJ4b ChMk0b\" data-language-for-alternatives=\"zh-CN\" data-language-to-translate-into=\"de\" data-phrase-index=\"6\">\u6211\u4eec\u7684\u5236\u9020\u4ea7\u54c1\u5c3a\u5bf8\u53ef\u8fbe 2000 \u6beb\u7c73\u76f4\u5f84\u3002<\/span> <span class=\"JLqJ4b ChMk0b\" data-language-for-alternatives=\"zh-CN\" data-language-to-translate-into=\"de\" data-phrase-index=\"7\">\u8868\u9762\u8d28\u91cf Ra = 0.4 \u662f\u901a\u8fc7\u786c\u7cbe\u94e3\u5b9e\u73b0\u7684\u3002<\/span> <span class=\"JLqJ4b ChMk0b\" data-language-for-alternatives=\"zh-CN\" data-language-to-translate-into=\"de\" data-phrase-index=\"8\">\u8868\u9762\u786c\u5316\u3001\u6e17\u6c2e\u548c\u56de\u706b\u94a2\u4f5c\u4e3a\u6750\u6599\u8fdb\u884c\u52a0\u5de5\u3002<\/span><\/span><\/p>\n<p>\n<table id=\"tablepress-42-no-5\" class=\"tablepress tablepress-id-42\">\n<tbody class=\"row-striping row-hover\">\n<tr class=\"row-1\">\n\t<td class=\"column-1\"><div id=\"attachment_1744\" style=\"width: 310px\" class=\"wp-caption alignleft\"><a href=\"https:\/\/welterzahnrad-g6ofhpmwtp.live-website.com\/wp-content\/uploads\/Kurve1.jpg\"><img loading=\"lazy\" decoding=\"async\" aria-describedby=\"caption-attachment-1744\" src=\"https:\/\/welterzahnrad-g6ofhpmwtp.live-website.com\/wp-content\/uploads\/Kurve1-400x286.jpg\" alt=\"\" width=\"300\" height=\"215\" class=\"size-medium wp-image-1744\" srcset=\"https:\/\/welter-zahnrad.de\/wp-content\/uploads\/Kurve1-400x286.jpg 400w, https:\/\/welter-zahnrad.de\/wp-content\/uploads\/Kurve1.jpg 1200w\" sizes=\"auto, (max-width: 300px) 100vw, 300px\" \/><\/a><p id=\"caption-attachment-1744\" class=\"wp-caption-text\">\u5f84\u5411\u51f8\u8f6e<\/p><\/div><\/td><td class=\"column-2\"><div id=\"attachment_1752\" style=\"width: 310px\" class=\"wp-caption alignleft\"><a href=\"https:\/\/welterzahnrad-g6ofhpmwtp.live-website.com\/wp-content\/uploads\/Kurve2.jpg\"><img loading=\"lazy\" decoding=\"async\" aria-describedby=\"caption-attachment-1752\" src=\"https:\/\/welterzahnrad-g6ofhpmwtp.live-website.com\/wp-content\/uploads\/Kurve2-400x286.jpg\" alt=\"\" width=\"300\" height=\"215\" class=\"size-medium wp-image-1752\" srcset=\"https:\/\/welter-zahnrad.de\/wp-content\/uploads\/Kurve2-400x286.jpg 400w, https:\/\/welter-zahnrad.de\/wp-content\/uploads\/Kurve2.jpg 1200w\" sizes=\"auto, (max-width: 300px) 100vw, 300px\" \/><\/a><p id=\"caption-attachment-1752\" class=\"wp-caption-text\">\u69fd\u5f62\u51f8\u8f6e<\/p><\/div><\/td><td class=\"column-3\"><div id=\"attachment_1753\" style=\"width: 310px\" class=\"wp-caption alignleft\"><a href=\"https:\/\/welterzahnrad-g6ofhpmwtp.live-website.com\/wp-content\/uploads\/Kurve3.jpg\"><img loading=\"lazy\" decoding=\"async\" aria-describedby=\"caption-attachment-1753\" src=\"https:\/\/welterzahnrad-g6ofhpmwtp.live-website.com\/wp-content\/uploads\/Kurve3-400x286.jpg\" alt=\"\" width=\"300\" height=\"215\" class=\"size-medium wp-image-1753\" srcset=\"https:\/\/welter-zahnrad.de\/wp-content\/uploads\/Kurve3-400x286.jpg 400w, https:\/\/welter-zahnrad.de\/wp-content\/uploads\/Kurve3.jpg 1200w\" sizes=\"auto, (max-width: 300px) 100vw, 300px\" \/><\/a><p id=\"caption-attachment-1753\" class=\"wp-caption-text\">\u5706\u67f1\u51f8\u8f6e<\/p><\/div><\/td>\n<\/tr>\n<tr class=\"row-2\">\n\t<td class=\"column-1\"><strong>\u5f84\u5411\u51f8\u8f6e<\/strong><br \/>\n\u5355\u4e00\u6216\u4e92\u8865\u7684\u66f2\u7ebf\uff0c\u5355\u4e2a\u6216\u6210\u5bf9\u87ba\u4e1d\u8fde\u63a5\u3002\u4e00\u6b21\u88c5\u5939\u94e3\u524a\u6210\u578b\u3002<\/td><td class=\"column-2\"><strong>\u69fd\u5f62\u51f8\u8f6e<\/strong><br \/>\n\u51f9\u69fd\u51f8\u8f6e\u5728\u4e00\u4e2a\u7ec4\u4ef6\u4e2d\u663e\u793a\u5411\u524d\u548c\u5411\u540e\u8fd0\u52a8\u3002 \u4e0d\u9700\u8981\u590d\u4f4d\u5f39\u7c27\u6216\u4e92\u8865\u51f8\u8f6e\u3002<br \/>\n<\/td><td class=\"column-3\"><strong>\u5706\u67f1\u51f8\u8f6e<\/strong>\u3002<br \/>\n\u4e0d\u540c\u7684\u8fd0\u52a8\u5b9a\u5f8b\uff0c\u4f8b\u5982\u4fee\u6b63\u7684\u6b63\u5f26\u66f2\u7ebf\u3001\u68af\u5f62\u6216\u591a\u9879\u5f0f  <\/td>\n<\/tr>\n<tr class=\"row-3\">\n\t<td class=\"column-1\"><\/td><td class=\"column-2\"><\/td><td class=\"column-3\"><\/td>\n<\/tr>\n<tr class=\"row-4\">\n\t<td class=\"column-1\"><\/td><td class=\"column-2\"><\/td><td class=\"column-3\"><\/td>\n<\/tr>\n<tr class=\"row-5\">\n\t<td class=\"column-1\"><\/td><td class=\"column-2\"><\/td><td class=\"column-3\"><\/td>\n<\/tr>\n<\/tbody>\n<\/table>\n<\/p>","protected":false},"excerpt":{"rendered":"<p>WELTER \u5728\u8f6f\u548c\u786c\u9f7f\u8f6e\u7cbe\u52a0\u5de5\u4e2d\u7684\u81ea\u7531\u66f2\u9762\u94e3\u524a\u65b9\u9762\u62e5\u6709\u591a\u5e74\u7ecf\u9a8c\u3002 \u6211\u4eec\u5df2\u5c06\u8fd9\u4e00\u7ecf\u9a8c\u5e94\u7528\u4e8e\u51f8\u8f6e\u7684\u751f\u4ea7\u91cd\u3002 \u73b0\u4ee3\u5316\u7684\u9ad8\u7cbe\u5ea6\u673a\u5668\u4e0e\u8bad\u7ec3\u6709\u7d20\u7684\u5de5\u4eba\u76f8\u7ed3\u5408\uff0c\u786e\u4fdd\u4ea7\u54c1\u7684\u9ad8\u8d28\u91cf\u4e0e\u6267\u884c\u7684\u7075\u6d3b\u6027\u3002 \u5de5\u7a0b\u77e5\u8bc6\u548c\u5e7f\u6cdb\u7684\u6d4b\u8bd5\u548c\u6d4b\u91cf\u8bbe\u5907\u4fdd\u8bc1\u4e86\u6240\u63d0\u4f9b\u6587\u4ef6\u7684\u8d28\u91cf\uff0c\u8be5\u6587\u4ef6\u5df2\u7ecf\u6ee1\u8db3\u6807\u51c6\u4e2d\u7684\u6700\u9ad8\u8981\u6c42\u3002 \u4f7f\u7528\u59cb\u7ec8\u4fdd\u6301\u6700\u65b0\u7684\u8f6f\u4ef6\uff0c\u53ef\u4ee5\u5728\u751f\u4ea7\u548c\u6d4b\u91cf\u7a0b\u5e8f\u4e2d\u8ba1\u7b97\u548c\u6267\u884c\u66f2\u7ebf\u7684\u51e0\u4f55\u5f62\u72b6\u00a0\u3002 \u6211\u4eec\u7684\u5236\u9020\u4ea7\u54c1\u5c3a\u5bf8\u53ef\u8fbe 2000 \u6beb\u7c73\u76f4\u5f84\u3002 \u8868\u9762\u8d28\u91cf Ra = 0.4 \u662f\u901a\u8fc7\u786c\u7cbe\u94e3\u5b9e\u73b0\u7684\u3002 \u8868\u9762\u786c\u5316\u3001\u6e17\u6c2e\u548c\u56de\u706b\u94a2\u4f5c\u4e3a\u6750\u6599\u8fdb\u884c\u52a0\u5de5\u3002<\/p>\n","protected":false},"author":1,"featured_media":2569,"parent":34,"menu_order":0,"comment_status":"closed","ping_status":"closed","template":"","meta":{"footnotes":""},"class_list":["post-2568","page","type-page","status-publish","has-post-thumbnail","czr-hentry"],"_links":{"self":[{"href":"https:\/\/welter-zahnrad.de\/zh\/wp-json\/wp\/v2\/pages\/2568","targetHints":{"allow":["GET"]}}],"collection":[{"href":"https:\/\/welter-zahnrad.de\/zh\/wp-json\/wp\/v2\/pages"}],"about":[{"href":"https:\/\/welter-zahnrad.de\/zh\/wp-json\/wp\/v2\/types\/page"}],"author":[{"embeddable":true,"href":"https:\/\/welter-zahnrad.de\/zh\/wp-json\/wp\/v2\/users\/1"}],"replies":[{"embeddable":true,"href":"https:\/\/welter-zahnrad.de\/zh\/wp-json\/wp\/v2\/comments?post=2568"}],"version-history":[{"count":14,"href":"https:\/\/welter-zahnrad.de\/zh\/wp-json\/wp\/v2\/pages\/2568\/revisions"}],"predecessor-version":[{"id":3858,"href":"https:\/\/welter-zahnrad.de\/zh\/wp-json\/wp\/v2\/pages\/2568\/revisions\/3858"}],"up":[{"embeddable":true,"href":"https:\/\/welter-zahnrad.de\/zh\/wp-json\/wp\/v2\/pages\/34"}],"wp:featuredmedia":[{"embeddable":true,"href":"https:\/\/welter-zahnrad.de\/zh\/wp-json\/wp\/v2\/media\/2569"}],"wp:attachment":[{"href":"https:\/\/welter-zahnrad.de\/zh\/wp-json\/wp\/v2\/media?parent=2568"}],"curies":[{"name":"wp","href":"https:\/\/api.w.org\/{rel}","templated":true}]}}