{"id":992,"date":"2016-05-11T13:38:43","date_gmt":"2016-05-11T13:38:43","guid":{"rendered":"https:\/\/welterzahnrad-g6ofhpmwtp.live-website.com\/?page_id=992"},"modified":"2023-10-27T09:46:17","modified_gmt":"2023-10-27T09:46:17","slug":"pfeilverzahnung","status":"publish","type":"page","link":"https:\/\/welter-zahnrad.de\/zh\/produkte\/pfeilverzahnung\/","title":{"rendered":"(Deutsch) Pfeilverzahnungen"},"content":{"rendered":"<p>\u4eba\u5b57\u5f62\u9f7f\u8f6e\/\u8d5b\u514b\u65af\u9f7f\u8f6e<\/p><\/div><\/td><td class=\"column-2\"><div id=\"attachment_2631\" style=\"width: 310px\" class=\"wp-caption alignleft\"><a href=\"https:\/\/welterzahnrad-g6ofhpmwtp.live-website.com\/wp-content\/uploads\/WZ_PfeilverzahntesRitzel.jpg\"><img loading=\"lazy\" decoding=\"async\" aria-describedby=\"caption-attachment-2631\" src=\"https:\/\/welterzahnrad-g6ofhpmwtp.live-website.com\/wp-content\/uploads\/WZ_PfeilverzahntesRitzel-400x286.jpg\" alt=\"\" width=\"300\" height=\"215\" class=\"size-medium wp-image-2631\" srcset=\"https:\/\/welter-zahnrad.de\/wp-content\/uploads\/WZ_PfeilverzahntesRitzel-400x286.jpg 400w, https:\/\/welter-zahnrad.de\/wp-content\/uploads\/WZ_PfeilverzahntesRitzel.jpg 1200w\" sizes=\"auto, (max-width: 300px) 100vw, 300px\" \/><\/a><p id=\"caption-attachment-2631\" class=\"wp-caption-text\">\u96ea\u4f5b\u9f99\u5c0f\u9f7f\u8f6e\/\u8d5b\u514b\u65af\u5c0f\u9f7f\u8f6e<\/p><\/div><\/td><td class=\"column-3\"><div id=\"attachment_2632\" style=\"width: 310px\" class=\"wp-caption alignleft\"><a href=\"https:\/\/welterzahnrad-g6ofhpmwtp.live-website.com\/wp-content\/uploads\/WZ_Pfeilverzahnung_Rad.jpg\"><img loading=\"lazy\" decoding=\"async\" aria-describedby=\"caption-attachment-2632\" src=\"https:\/\/welterzahnrad-g6ofhpmwtp.live-website.com\/wp-content\/uploads\/WZ_Pfeilverzahnung_Rad-400x286.jpg\" alt=\"\" width=\"300\" height=\"215\" class=\"size-medium wp-image-2632\" srcset=\"https:\/\/welter-zahnrad.de\/wp-content\/uploads\/WZ_Pfeilverzahnung_Rad-400x286.jpg 400w, https:\/\/welter-zahnrad.de\/wp-content\/uploads\/WZ_Pfeilverzahnung_Rad.jpg 1200w\" sizes=\"auto, (max-width: 300px) 100vw, 300px\" \/><\/a><p id=\"caption-attachment-2632\" class=\"wp-caption-text\">\u96ea\u4f5b\u9f99\u9f7f\u8f6e\/\u8d5b\u514b\u65af\u9f7f\u8f6e<\/p><\/div><\/td>\n<\/tr>\n<\/tbody>\n<\/table>\n<!-- #tablepress-39 from cache --><\/p>\n<p>Pfeilverzahnungen und Doppelschr\u00e4gverzahnungen besitzen aufgrund der symmetrischen Flankenanordnung keine resultierenden Axialkr\u00e4fte, sowie eine geringere Zahnbreite als Schr\u00e4gverzahnungen, bei identischer Belastung. Zudem zeigen sie eine konstante Drehmoment\u00fcbertragung. Ihr \u00fcblicher Schr\u00e4gungswinkel liegt im Bereich von 20 \u00b0 bis 30 \u00b0, wobei eine Vergr\u00f6\u00dferung zu keiner Verbesserung hinsichtlich der Ger\u00e4uschentwicklung f\u00fchrt. Im Vergleich zur Schr\u00e4gverzahnung k\u00f6nnen kleinere Z\u00e4hnezahlen ohne Unterschnitt realisiert werden. Pfeilverzahnungen finden beispielsweise Anwendung in Turboprop-Getrieben aufgrund der geringen Vibrationen und der daraus resultierenden erh\u00f6hten Lebensdauer. Weiter werden sie in Vertikalm\u00fchlen, Pressen und Pumpen eingesetzt. Aus Fertigungsgr\u00fcnden wird h\u00e4ufig eine Doppelschr\u00e4gverzahnung verwendet um einen Werkzeugauslauf zu erzeugen. Aufgrund der innovativen 5-Achs-Bearbeitung der WELTER zahnrad GmbH sind echte Pfeilverzahnungen jedoch problemlos herstellbar. Wir fertigen Pfeilverzahnungen und Doppelschr\u00e4gverzahnungen<\/p>\n<ul>\n<li>ab Modul 2<\/li>\n<li>bis \u00d8 2,5 m<\/li>\n<li>und max.\u00a020 t<\/li>\n<\/ul>\n<p>&nbsp;<\/p>\n<p>&nbsp;<\/p>\n<h3>H\u00e4ufig gestellte Fragen zu <span class=\"TextRun SCXW183105462 BCX0\" lang=\"DE-DE\" xml:lang=\"DE-DE\" data-contrast=\"auto\"><span class=\"NormalTextRun SCXW183105462 BCX0\">Pfeilverzahnungen<\/span><\/span><\/h3>\n<p>&nbsp;<\/p>\n<h3><span class=\"TextRun SCXW19574101 BCX0\" lang=\"DE-DE\" xml:lang=\"DE-DE\" data-contrast=\"auto\"><span class=\"NormalTextRun SCXW19574101 BCX0\">Was sind Pfeilverzahnungen?<\/span><\/span><\/h3>\n<p><span class=\"TextRun SCXW124842953 BCX0\" lang=\"DE-DE\" xml:lang=\"DE-DE\" data-contrast=\"auto\"><span class=\"NormalTextRun SCXW124842953 BCX0\">Pfeilverzahnungen, auch als Schraubenverzahnungen oder Schr\u00e4gverzahnungen bezeichnet, sind eine spezielle Art von Zahnradverzahnungen, bei denen die Z\u00e4hne schr\u00e4g zur Radachse angeordnet sind. Diese schr\u00e4ge Anordnung der Z\u00e4hne erm\u00f6glicht eine sanftere und leisere Drehmoment\u00fcbertragung im Vergleich zu geradverzahnten Stirnr\u00e4dern.<\/span><\/span><span class=\"EOP SCXW124842953 BCX0\" data-ccp-props=\"{&quot;201341983&quot;:0,&quot;335559739&quot;:160,&quot;335559740&quot;:259}\">\u00a0<\/span><\/p>\n<p>&nbsp;<\/p>\n<h3><span class=\"TextRun SCXW235813879 BCX0\" lang=\"DE-DE\" xml:lang=\"DE-DE\" data-contrast=\"auto\"><span class=\"NormalTextRun SCXW235813879 BCX0\">Wo werden Pfeilverzahnungen von WELTER Zahnrad eingesetzt?<\/span><\/span><\/h3>\n<p><span class=\"TextRun SCXW156707227 BCX0\" lang=\"DE-DE\" xml:lang=\"DE-DE\" data-contrast=\"auto\"><span class=\"NormalTextRun SCXW156707227 BCX0\"> Pfeilverzahnungen werden in einer Vielzahl von Anwendungen eingesetzt, insbesondere in Bereichen, in denen eine ger\u00e4uscharme und reibungsarme Drehmoment\u00fcbertragung erforderlich ist. Beispiele hierf\u00fcr sind Automatikgetriebe in Fahrzeugen, Windkraftanlagen, Pumpen, und andere Anwendungen, bei denen eine gleichm\u00e4\u00dfige Leistungs\u00fcbertragung wichtig ist.<\/span><\/span><span class=\"EOP SCXW156707227 BCX0\" data-ccp-props=\"{&quot;201341983&quot;:0,&quot;335559739&quot;:160,&quot;335559740&quot;:259}\">\u00a0<\/span><\/p>\n<p>&nbsp;<\/p>\n<h3><span class=\"TextRun SCXW171571541 BCX0\" lang=\"DE-DE\" xml:lang=\"DE-DE\" data-contrast=\"auto\"><span class=\"NormalTextRun SCXW171571541 BCX0\">Was sind die Vorteile von Pfeilverzahnungen? <\/span><\/span><\/h3>\n<p><span class=\"TextRun SCXW90058300 BCX0\" lang=\"DE-DE\" xml:lang=\"DE-DE\" data-contrast=\"auto\"><span class=\"NormalTextRun SCXW90058300 BCX0\">Pfeilverzahnungen bieten mehrere Vorteile, darunter eine reibungsarme Drehmoment\u00fcbertragung, eine gleichm\u00e4\u00dfige Belastungsverteilung auf die Z\u00e4hne, eine h\u00f6here Tragf\u00e4higkeit und eine geringere L\u00e4rmentwicklung im Vergleich zu geradverzahnten Stirnr\u00e4dern.<\/span><\/span><span class=\"EOP SCXW90058300 BCX0\" data-ccp-props=\"{&quot;201341983&quot;:0,&quot;335559739&quot;:160,&quot;335559740&quot;:259}\">\u00a0<\/span><\/p>\n<p>&nbsp;<\/p>\n<h3><span class=\"TextRun SCXW173201337 BCX0\" lang=\"DE-DE\" xml:lang=\"DE-DE\" data-contrast=\"auto\"><span class=\"NormalTextRun SCXW173201337 BCX0\">Welche Herausforderungen gibt es bei der Herstellung von Pfeilverzahnungen? <\/span><\/span><\/h3>\n<p><span class=\"TextRun SCXW226214356 BCX0\" lang=\"DE-DE\" xml:lang=\"DE-DE\" data-contrast=\"auto\"><span class=\"NormalTextRun SCXW226214356 BCX0\">Die Herstellung von Pfeilverzahnungen kann aufgrund der schr\u00e4gen Zahnform und der speziellen Anforderungen an die Pr\u00e4zision und die Geometrie der Z\u00e4hne anspruchsvoller sein. Dies erfordert oft hochpr\u00e4zise Fertigungstechniken und Werkzeuge.<\/span><\/span><span class=\"EOP SCXW226214356 BCX0\" data-ccp-props=\"{&quot;201341983&quot;:0,&quot;335559739&quot;:160,&quot;335559740&quot;:259}\">\u00a0<\/span><\/p>\n<p>&nbsp;<\/p>\n<h3><span class=\"TextRun SCXW63132788 BCX0\" lang=\"DE-DE\" xml:lang=\"DE-DE\" data-contrast=\"auto\"><span class=\"NormalTextRun SCXW63132788 BCX0\">Gibt es verschiedene Arten von Pfeilverzahnungen?<\/span><\/span><\/h3>\n<p><span class=\"TextRun SCXW61557243 BCX0\" lang=\"DE-DE\" xml:lang=\"DE-DE\" data-contrast=\"auto\"><span class=\"NormalTextRun SCXW61557243 BCX0\">Ja, es gibt verschiedene Arten von Pfeilverzahnungen, darunter Schr\u00e4gverzahnungen mit geraden Z\u00e4hnen und Schr\u00e4gverzahnungen mit gew\u00f6lbten Z\u00e4hnen (<\/span><span class=\"NormalTextRun SpellingErrorV2Themed SCXW61557243 BCX0\">Evolutoid<\/span><span class=\"NormalTextRun SCXW61557243 BCX0\">-Verzahnungen). Die Wahl der Art h\u00e4ngt von den spezifischen Anforderungen der Anwendung ab. Die gew\u00f6lbten Z\u00e4hne k\u00f6nnen eine bessere Leistung und L\u00e4rmminderung bieten, sind jedoch aufgrund ihrer komplexeren Geometrie anspruchsvoller in der Herstellung.<\/span><\/span><span class=\"EOP SCXW61557243 BCX0\" data-ccp-props=\"{&quot;201341983&quot;:0,&quot;335559739&quot;:160,&quot;335559740&quot;:259}\">\u00a0<\/span>\u4eba\u5b57\u5f62\u9f7f\u8f6e\/\u8d5b\u514b\u65af\u9f7f\u8f6e<\/p><\/div><\/td><td class=\"column-2\"><div id=\"attachment_2631\" style=\"width: 310px\" class=\"wp-caption alignleft\"><a href=\"https:\/\/welterzahnrad-g6ofhpmwtp.live-website.com\/wp-content\/uploads\/WZ_PfeilverzahntesRitzel.jpg\"><img loading=\"lazy\" decoding=\"async\" aria-describedby=\"caption-attachment-2631\" src=\"https:\/\/welterzahnrad-g6ofhpmwtp.live-website.com\/wp-content\/uploads\/WZ_PfeilverzahntesRitzel-400x286.jpg\" alt=\"\" width=\"300\" height=\"215\" class=\"size-medium wp-image-2631\" srcset=\"https:\/\/welter-zahnrad.de\/wp-content\/uploads\/WZ_PfeilverzahntesRitzel-400x286.jpg 400w, https:\/\/welter-zahnrad.de\/wp-content\/uploads\/WZ_PfeilverzahntesRitzel.jpg 1200w\" sizes=\"auto, (max-width: 300px) 100vw, 300px\" \/><\/a><p id=\"caption-attachment-2631\" class=\"wp-caption-text\">\u96ea\u4f5b\u9f99\u5c0f\u9f7f\u8f6e\/\u8d5b\u514b\u65af\u5c0f\u9f7f\u8f6e<\/p><\/div><\/td><td class=\"column-3\"><div id=\"attachment_2632\" style=\"width: 310px\" class=\"wp-caption alignleft\"><a href=\"https:\/\/welterzahnrad-g6ofhpmwtp.live-website.com\/wp-content\/uploads\/WZ_Pfeilverzahnung_Rad.jpg\"><img loading=\"lazy\" decoding=\"async\" aria-describedby=\"caption-attachment-2632\" src=\"https:\/\/welterzahnrad-g6ofhpmwtp.live-website.com\/wp-content\/uploads\/WZ_Pfeilverzahnung_Rad-400x286.jpg\" alt=\"\" width=\"300\" height=\"215\" class=\"size-medium wp-image-2632\" srcset=\"https:\/\/welter-zahnrad.de\/wp-content\/uploads\/WZ_Pfeilverzahnung_Rad-400x286.jpg 400w, https:\/\/welter-zahnrad.de\/wp-content\/uploads\/WZ_Pfeilverzahnung_Rad.jpg 1200w\" sizes=\"auto, (max-width: 300px) 100vw, 300px\" \/><\/a><p id=\"caption-attachment-2632\" class=\"wp-caption-text\">\u96ea\u4f5b\u9f99\u9f7f\u8f6e\/\u8d5b\u514b\u65af\u9f7f\u8f6e<\/p><\/div><\/td>\n<\/tr>\n<\/tbody>\n<\/table>\n<!-- #tablepress-39-no-2 from cache --><\/p>\n<p>Herringbone gearings as well as double helical gearings have a reduced tooth width by constant stress compared to helical gearings. Moreover\u00a0a lower number of teeth can be realized without undercut.\u00a0Due to symmetrical flanks, the herringbone\u00a0gearing generates no axial force. The\u00a0torque transmission is constant and common helix angle is about 20 \u00b0 to 30 \u00b0. Herringbone gearing is used e.g. in\u00a0Turboprop gear boxes because of low vibration and the consequential increased service life. Further application areas are vertical mills, presses and pumps. Commonly double helical gearing is utilized to create a tool outlet and bypass production difficulties. Cause of innovative 5 axis machining the WELTER zahnrad GmbH manufactures real herringbone gearing trouble-free. We produce<\/p>\n<ul>\n<li>from modul 2<\/li>\n<li>till \u00d8 2,5 m<\/li>\n<li>and max. 20 t<\/li>\n<\/ul>\n<p>&nbsp;\u4eba\u5b57\u5f62\u9f7f\u8f6e\/\u8d5b\u514b\u65af\u9f7f\u8f6e<\/p><\/div><\/td><td class=\"column-2\"><div id=\"attachment_2631\" style=\"width: 310px\" class=\"wp-caption alignleft\"><a href=\"https:\/\/welterzahnrad-g6ofhpmwtp.live-website.com\/wp-content\/uploads\/WZ_PfeilverzahntesRitzel.jpg\"><img loading=\"lazy\" decoding=\"async\" aria-describedby=\"caption-attachment-2631\" src=\"https:\/\/welterzahnrad-g6ofhpmwtp.live-website.com\/wp-content\/uploads\/WZ_PfeilverzahntesRitzel-400x286.jpg\" alt=\"\" width=\"300\" height=\"215\" class=\"size-medium wp-image-2631\" srcset=\"https:\/\/welter-zahnrad.de\/wp-content\/uploads\/WZ_PfeilverzahntesRitzel-400x286.jpg 400w, https:\/\/welter-zahnrad.de\/wp-content\/uploads\/WZ_PfeilverzahntesRitzel.jpg 1200w\" sizes=\"auto, (max-width: 300px) 100vw, 300px\" \/><\/a><p id=\"caption-attachment-2631\" class=\"wp-caption-text\">\u96ea\u4f5b\u9f99\u5c0f\u9f7f\u8f6e\/\u8d5b\u514b\u65af\u5c0f\u9f7f\u8f6e<\/p><\/div><\/td><td class=\"column-3\"><div id=\"attachment_2632\" style=\"width: 310px\" class=\"wp-caption alignleft\"><a href=\"https:\/\/welterzahnrad-g6ofhpmwtp.live-website.com\/wp-content\/uploads\/WZ_Pfeilverzahnung_Rad.jpg\"><img loading=\"lazy\" decoding=\"async\" aria-describedby=\"caption-attachment-2632\" src=\"https:\/\/welterzahnrad-g6ofhpmwtp.live-website.com\/wp-content\/uploads\/WZ_Pfeilverzahnung_Rad-400x286.jpg\" alt=\"\" width=\"300\" height=\"215\" class=\"size-medium wp-image-2632\" srcset=\"https:\/\/welter-zahnrad.de\/wp-content\/uploads\/WZ_Pfeilverzahnung_Rad-400x286.jpg 400w, https:\/\/welter-zahnrad.de\/wp-content\/uploads\/WZ_Pfeilverzahnung_Rad.jpg 1200w\" sizes=\"auto, (max-width: 300px) 100vw, 300px\" \/><\/a><p id=\"caption-attachment-2632\" class=\"wp-caption-text\">\u96ea\u4f5b\u9f99\u9f7f\u8f6e\/\u8d5b\u514b\u65af\u9f7f\u8f6e<\/p><\/div><\/td>\n<\/tr>\n<\/tbody>\n<\/table>\n<!-- #tablepress-39-no-3 from cache --><\/p>\n<p>Les dentures \u00e0 chevrons ne poss\u00e8dent pas de forces axiales en raison de la disposition sym\u00e9trique des flancs. De plus la largeur des dents est inf\u00e9rieure \u00e0 celle d\u2019une denture h\u00e9lico\u00efdale pour une charge identique. Leur transmission du couple est constante et leur angle d\u2019h\u00e9lice habituel se situe entre 20\u00b0 et 30\u00b0, mais une augmentation de cet angle n\u2019am\u00e9liore pas le d\u00e9veloppement du bruit. Compar\u00e9 \u00e0 la denture h\u00e9lico\u00efdale, les engrenages \u00e0 chevrons peuvent \u00eatre r\u00e9alis\u00e9s avec un nombre de dents inf\u00e9rieur sans interf\u00e9rence de taillage.<\/p>\n<p>Les engrenages \u00e0 chevrons sont par exemple utilis\u00e9s dans des r\u00e9ducteurs-turboprop en raison des vibrations faibles et de la plus haute long\u00e9vit\u00e9 en r\u00e9sultant. De plus ils sont utilis\u00e9s dans des broyeurs verticaux, presses et pompes.<\/p>\n<p>Une denture \u00e0 chevrons est souvent utilis\u00e9e pour des raisons d\u2019usinage afin de simplifier la sortie de l\u2019outil de poin\u00e7onnage. Gr\u00e2ce \u00e0 l\u2019usinage innovant 5-axes de WELTER zahnrad GmbH de vrais engrenages \u00e0 chevrons sont possibles.<\/p>\n<p>Nous produisons des dentures \u00e0 chevrons\u00a0:<\/p>\n<ul>\n<li>depuis module 2<\/li>\n<li>jusqu\u2019\u00e0 un diam\u00e8tre de 2,5 m<\/li>\n<li>max. 20 t<\/li>\n<\/ul>\n<p>\u4eba\u5b57\u5f62\u9f7f\u8f6e\/\u8d5b\u514b\u65af\u9f7f\u8f6e<\/p><\/div><\/td><td class=\"column-2\"><div id=\"attachment_2631\" style=\"width: 310px\" class=\"wp-caption alignleft\"><a href=\"https:\/\/welterzahnrad-g6ofhpmwtp.live-website.com\/wp-content\/uploads\/WZ_PfeilverzahntesRitzel.jpg\"><img loading=\"lazy\" decoding=\"async\" aria-describedby=\"caption-attachment-2631\" src=\"https:\/\/welterzahnrad-g6ofhpmwtp.live-website.com\/wp-content\/uploads\/WZ_PfeilverzahntesRitzel-400x286.jpg\" alt=\"\" width=\"300\" height=\"215\" class=\"size-medium wp-image-2631\" srcset=\"https:\/\/welter-zahnrad.de\/wp-content\/uploads\/WZ_PfeilverzahntesRitzel-400x286.jpg 400w, https:\/\/welter-zahnrad.de\/wp-content\/uploads\/WZ_PfeilverzahntesRitzel.jpg 1200w\" sizes=\"auto, (max-width: 300px) 100vw, 300px\" \/><\/a><p id=\"caption-attachment-2631\" class=\"wp-caption-text\">\u96ea\u4f5b\u9f99\u5c0f\u9f7f\u8f6e\/\u8d5b\u514b\u65af\u5c0f\u9f7f\u8f6e<\/p><\/div><\/td><td class=\"column-3\"><div id=\"attachment_2632\" style=\"width: 310px\" class=\"wp-caption alignleft\"><a href=\"https:\/\/welterzahnrad-g6ofhpmwtp.live-website.com\/wp-content\/uploads\/WZ_Pfeilverzahnung_Rad.jpg\"><img loading=\"lazy\" decoding=\"async\" aria-describedby=\"caption-attachment-2632\" src=\"https:\/\/welterzahnrad-g6ofhpmwtp.live-website.com\/wp-content\/uploads\/WZ_Pfeilverzahnung_Rad-400x286.jpg\" alt=\"\" width=\"300\" height=\"215\" class=\"size-medium wp-image-2632\" srcset=\"https:\/\/welter-zahnrad.de\/wp-content\/uploads\/WZ_Pfeilverzahnung_Rad-400x286.jpg 400w, https:\/\/welter-zahnrad.de\/wp-content\/uploads\/WZ_Pfeilverzahnung_Rad.jpg 1200w\" sizes=\"auto, (max-width: 300px) 100vw, 300px\" \/><\/a><p id=\"caption-attachment-2632\" class=\"wp-caption-text\">\u96ea\u4f5b\u9f99\u9f7f\u8f6e\/\u8d5b\u514b\u65af\u9f7f\u8f6e<\/p><\/div><\/td>\n<\/tr>\n<\/tbody>\n<\/table>\n<!-- #tablepress-39-no-4 from cache --><\/p>\n<p>A causa della disposizione simmetrica dei fianchi, gli ingranaggi a freccia e gli ingranaggi a doppia elica non hanno forze assiali risultanti, cos\u00ec come una minore larghezza dei denti rispetto agli ingranaggi elicoidali, con carichi identici. Inoltre, mostrano una trasmissione di coppia costante. Il loro angolo d&#8217;elica abituale \u00e8 nell&#8217;intervallo da 20\u00b0 a 30\u00b0, per cui un aumento non porta ad alcun miglioramento per quanto riguarda lo sviluppo del rumore. Rispetto agli ingranaggi elicoidali, \u00e8 possibile realizzare un numero minore di denti senza sottosquadri. Gli ingranaggi a freccia sono utilizzati, per esempio, nei riduttori per turboprop a causa delle basse vibrazioni e della conseguente maggiore durata di vita. Sono anche utilizzati in mulini verticali, presse e pompe. Per ragioni di fabbricazione, gli ingranaggi a doppia elica sono spesso utilizzati per creare un run-out dell&#8217;utensile. Tuttavia, grazie all&#8217;innovativa lavorazione a 5 assi di WELTER zahnrad GmbH, \u00e8 possibile produrre scanalature reali senza problemi. Produciamo ingranaggi a freccia e ingranaggi a doppia elica<\/p>\n<ul>\n<li>dal modulo 2<\/li>\n<li>fino a \u00d8 2,5 m<\/li>\n<li>e max. 20 t<\/li>\n<\/ul>\n<p>&nbsp;\n<table id=\"tablepress-39-no-5\" class=\"tablepress tablepress-id-39\">\n<tbody class=\"row-striping row-hover\">\n<tr class=\"row-1\">\n\t<td class=\"column-1\"><div id=\"attachment_1774\" style=\"width: 310px\" class=\"wp-caption alignleft\"><a href=\"https:\/\/welterzahnrad-g6ofhpmwtp.live-website.com\/wp-content\/uploads\/WELTER-Pfeilverzahnung.jpg\"><img loading=\"lazy\" decoding=\"async\" aria-describedby=\"caption-attachment-1774\" src=\"https:\/\/welterzahnrad-g6ofhpmwtp.live-website.com\/wp-content\/uploads\/WELTER-Pfeilverzahnung-400x285.jpg\" alt=\"\" width=\"300\" height=\"215\" class=\"size-medium wp-image-1774\" srcset=\"https:\/\/welter-zahnrad.de\/wp-content\/uploads\/WELTER-Pfeilverzahnung-400x285.jpg 400w, https:\/\/welter-zahnrad.de\/wp-content\/uploads\/WELTER-Pfeilverzahnung.jpg 1200w\" sizes=\"auto, (max-width: 300px) 100vw, 300px\" \/><\/a><p id=\"caption-attachment-1774\" class=\"wp-caption-text\">\u4eba\u5b57\u5f62\u9f7f\u8f6e\/\u8d5b\u514b\u65af\u9f7f\u8f6e<\/p><\/div><\/td><td class=\"column-2\"><div id=\"attachment_2631\" style=\"width: 310px\" class=\"wp-caption alignleft\"><a href=\"https:\/\/welterzahnrad-g6ofhpmwtp.live-website.com\/wp-content\/uploads\/WZ_PfeilverzahntesRitzel.jpg\"><img loading=\"lazy\" decoding=\"async\" aria-describedby=\"caption-attachment-2631\" src=\"https:\/\/welterzahnrad-g6ofhpmwtp.live-website.com\/wp-content\/uploads\/WZ_PfeilverzahntesRitzel-400x286.jpg\" alt=\"\" width=\"300\" height=\"215\" class=\"size-medium wp-image-2631\" srcset=\"https:\/\/welter-zahnrad.de\/wp-content\/uploads\/WZ_PfeilverzahntesRitzel-400x286.jpg 400w, https:\/\/welter-zahnrad.de\/wp-content\/uploads\/WZ_PfeilverzahntesRitzel.jpg 1200w\" sizes=\"auto, (max-width: 300px) 100vw, 300px\" \/><\/a><p id=\"caption-attachment-2631\" class=\"wp-caption-text\">\u96ea\u4f5b\u9f99\u5c0f\u9f7f\u8f6e\/\u8d5b\u514b\u65af\u5c0f\u9f7f\u8f6e<\/p><\/div><\/td><td class=\"column-3\"><div id=\"attachment_2632\" style=\"width: 310px\" class=\"wp-caption alignleft\"><a href=\"https:\/\/welterzahnrad-g6ofhpmwtp.live-website.com\/wp-content\/uploads\/WZ_Pfeilverzahnung_Rad.jpg\"><img loading=\"lazy\" decoding=\"async\" aria-describedby=\"caption-attachment-2632\" src=\"https:\/\/welterzahnrad-g6ofhpmwtp.live-website.com\/wp-content\/uploads\/WZ_Pfeilverzahnung_Rad-400x286.jpg\" alt=\"\" width=\"300\" height=\"215\" class=\"size-medium wp-image-2632\" srcset=\"https:\/\/welter-zahnrad.de\/wp-content\/uploads\/WZ_Pfeilverzahnung_Rad-400x286.jpg 400w, https:\/\/welter-zahnrad.de\/wp-content\/uploads\/WZ_Pfeilverzahnung_Rad.jpg 1200w\" sizes=\"auto, (max-width: 300px) 100vw, 300px\" \/><\/a><p id=\"caption-attachment-2632\" class=\"wp-caption-text\">\u96ea\u4f5b\u9f99\u9f7f\u8f6e\/\u8d5b\u514b\u65af\u9f7f\u8f6e<\/p><\/div><\/td>\n<\/tr>\n<\/tbody>\n<\/table>\n<!-- #tablepress-39-no-5 from cache --><\/p>\n<p>\u4eba\u5b57\u5f62\u9f7f\u8f6e\u4ee5\u53ca\u53cc\u87ba\u65cb\u9f7f\u8f6e\u4e0e\u87ba\u65cb\u9f7f\u8f6e\u76f8\u6bd4\uff0c\u901a\u8fc7\u6052\u5b9a\u7684\u5e94\u529b\u51cf\u5c11\u4e86\u9f7f\u5bbd\u3002\u6b64\u5916\uff0c\u8f83\u5c11\u7684\u9f7f\u6570\u4e5f\u53ef\u4ee5\u5b9e\u73b0\u65e0\u6b20\u524a\u3002\u00a0\u7531\u4e8e\u5bf9\u79f0\u7684\u9f7f\u9762\uff0c\u4eba\u5b57\u5f62\u9f7f\u8f6e\u4e0d\u4ea7\u751f\u8f74\u5411\u529b\u3002\u626d\u77e9\u4f20\u8f93\u662f\u6052\u5b9a\u7684\uff0c\u5e38\u89c1\u7684\u87ba\u65cb\u89d2\u7ea6\u4e3a20\u00b0\u81f330\u00b0\u3002\u4eba\u5b57\u5f62\u9f7f\u8f6e\u88ab\u7528\u4e8e\u4f8b\u5982\u6da1\u8f6e\u87ba\u65cb\u6868\u98de\u673a\u7684\u9f7f\u8f6e\u7bb1\u4e2d\uff0c\u56e0\u4e3a\u5b83\u7684\u632f\u52a8\u5c0f\uff0c\u56e0\u6b64\u5ef6\u957f\u4e86\u4f7f\u7528\u5bff\u547d\u3002\u5176\u4ed6\u5e94\u7528\u9886\u57df\u5305\u62ec\u7acb\u5f0f\u78e8\u673a\u3001\u538b\u529b\u673a\u548c\u6cf5\u3002\u4e00\u822c\u6765\u8bf4\uff0c\u53cc\u87ba\u65cb\u9f7f\u8f6e\u88ab\u7528\u6765\u521b\u9020\u4e00\u4e2a\u5de5\u5177\u51fa\u53e3\u5e76\u7ed5\u8fc7\u751f\u4ea7\u56f0\u96be\u3002\u7531\u4e8e\u521b\u65b0\u76845\u8f74\u52a0\u5de5\uff0cWELTER zahnrad\u6709\u9650\u516c\u53f8\u53ef\u4ee5\u65e0\u969c\u788d\u5730\u751f\u4ea7\u771f\u6b63\u7684\u4eba\u5b57\u5f62\u9f7f\u8f6e\u3002\u6211\u4eec\u751f\u4ea7<\/p>\n<p>\u4ecemodul 2<br \/>\n\u5230\u76f4\u5f842.5\u7c73<br \/>\n\u548c\u6700\u5927\u300220 t<\/p>","protected":false},"excerpt":{"rendered":"<p>\u4eba\u5b57\u5f62\u9f7f\u8f6e\u4ee5\u53ca\u53cc\u87ba\u65cb\u9f7f\u8f6e\u4e0e\u87ba\u65cb\u9f7f\u8f6e\u76f8\u6bd4\uff0c\u901a\u8fc7\u6052\u5b9a\u7684\u5e94\u529b\u51cf\u5c11\u4e86\u9f7f\u5bbd\u3002\u6b64\u5916\uff0c\u8f83\u5c11\u7684\u9f7f\u6570\u4e5f\u53ef\u4ee5\u5b9e\u73b0\u65e0\u6b20\u524a\u3002\u00a0\u7531\u4e8e\u5bf9\u79f0\u7684\u9f7f\u9762\uff0c\u4eba\u5b57\u5f62\u9f7f\u8f6e\u4e0d\u4ea7\u751f\u8f74\u5411\u529b\u3002\u626d\u77e9\u4f20\u8f93\u662f\u6052\u5b9a\u7684\uff0c\u5e38\u89c1\u7684\u87ba\u65cb\u89d2\u7ea6\u4e3a20\u00b0\u81f330\u00b0\u3002\u4eba\u5b57\u5f62\u9f7f\u8f6e\u88ab\u7528\u4e8e\u4f8b\u5982\u6da1\u8f6e\u87ba\u65cb\u6868\u98de\u673a\u7684\u9f7f\u8f6e\u7bb1\u4e2d\uff0c\u56e0\u4e3a\u5b83\u7684\u632f\u52a8\u5c0f\uff0c\u56e0\u6b64\u5ef6\u957f\u4e86\u4f7f\u7528\u5bff\u547d\u3002\u5176\u4ed6\u5e94\u7528\u9886\u57df\u5305\u62ec\u7acb\u5f0f\u78e8\u673a\u3001\u538b\u529b\u673a\u548c\u6cf5\u3002\u4e00\u822c\u6765\u8bf4\uff0c\u53cc\u87ba\u65cb\u9f7f\u8f6e\u88ab\u7528\u6765\u521b\u9020\u4e00\u4e2a\u5de5\u5177\u51fa\u53e3\u5e76\u7ed5\u8fc7\u751f\u4ea7\u56f0\u96be\u3002\u7531\u4e8e\u521b\u65b0\u76845\u8f74\u52a0\u5de5\uff0cWELTER zahnrad\u6709\u9650\u516c\u53f8\u53ef\u4ee5\u65e0\u969c\u788d\u5730\u751f\u4ea7\u771f\u6b63\u7684\u4eba\u5b57\u5f62\u9f7f\u8f6e\u3002\u6211\u4eec\u751f\u4ea7 \u4ecemodul 2 \u5230\u76f4\u5f842.5\u7c73 \u548c\u6700\u5927\u300220 t<\/p>\n","protected":false},"author":1,"featured_media":3822,"parent":34,"menu_order":0,"comment_status":"closed","ping_status":"closed","template":"","meta":{"footnotes":""},"class_list":["post-992","page","type-page","status-publish","has-post-thumbnail","czr-hentry"],"_links":{"self":[{"href":"https:\/\/welter-zahnrad.de\/zh\/wp-json\/wp\/v2\/pages\/992","targetHints":{"allow":["GET"]}}],"collection":[{"href":"https:\/\/welter-zahnrad.de\/zh\/wp-json\/wp\/v2\/pages"}],"about":[{"href":"https:\/\/welter-zahnrad.de\/zh\/wp-json\/wp\/v2\/types\/page"}],"author":[{"embeddable":true,"href":"https:\/\/welter-zahnrad.de\/zh\/wp-json\/wp\/v2\/users\/1"}],"replies":[{"embeddable":true,"href":"https:\/\/welter-zahnrad.de\/zh\/wp-json\/wp\/v2\/comments?post=992"}],"version-history":[{"count":21,"href":"https:\/\/welter-zahnrad.de\/zh\/wp-json\/wp\/v2\/pages\/992\/revisions"}],"predecessor-version":[{"id":3841,"href":"https:\/\/welter-zahnrad.de\/zh\/wp-json\/wp\/v2\/pages\/992\/revisions\/3841"}],"up":[{"embeddable":true,"href":"https:\/\/welter-zahnrad.de\/zh\/wp-json\/wp\/v2\/pages\/34"}],"wp:featuredmedia":[{"embeddable":true,"href":"https:\/\/welter-zahnrad.de\/zh\/wp-json\/wp\/v2\/media\/3822"}],"wp:attachment":[{"href":"https:\/\/welter-zahnrad.de\/zh\/wp-json\/wp\/v2\/media?parent=992"}],"curies":[{"name":"wp","href":"https:\/\/api.w.org\/{rel}","templated":true}]}}