{"id":994,"date":"2016-05-11T13:39:57","date_gmt":"2016-05-11T13:39:57","guid":{"rendered":"https:\/\/welterzahnrad-g6ofhpmwtp.live-website.com\/?page_id=994"},"modified":"2023-10-27T09:40:52","modified_gmt":"2023-10-27T09:40:52","slug":"innenverzahnung","status":"publish","type":"page","link":"https:\/\/welter-zahnrad.de\/zh\/produkte\/innenverzahnung\/","title":{"rendered":"\u5185\u9f7f\u8f6e"},"content":{"rendered":"<p>\u611f\u5e94\u6dec\u706b\u786c\u5316\u9f7f\u5708<\/p><\/div><\/td><td class=\"column-2\"><div id=\"attachment_2612\" style=\"width: 310px\" class=\"wp-caption alignleft\"><a href=\"https:\/\/welterzahnrad-g6ofhpmwtp.live-website.com\/wp-content\/uploads\/WELTER_Getriebegeh\u00e4use.jpg\"><img loading=\"lazy\" decoding=\"async\" aria-describedby=\"caption-attachment-2612\" src=\"https:\/\/welterzahnrad-g6ofhpmwtp.live-website.com\/wp-content\/uploads\/WELTER_Getriebegeh\u00e4use-400x286.jpg\" alt=\"\" width=\"300\" height=\"215\" class=\"size-medium wp-image-2612\" srcset=\"https:\/\/welter-zahnrad.de\/wp-content\/uploads\/WELTER_Getriebegeh\u00e4use-400x286.jpg 400w, https:\/\/welter-zahnrad.de\/wp-content\/uploads\/WELTER_Getriebegeh\u00e4use.jpg 1200w\" sizes=\"auto, (max-width: 300px) 100vw, 300px\" \/><\/a><p id=\"caption-attachment-2612\" class=\"wp-caption-text\">\u5e26\u5185\u9f7f\u8f6e\u7684\u9f7f\u8f6e\u7bb1<\/p><\/div><\/td><td class=\"column-3\"><div id=\"attachment_1201\" style=\"width: 310px\" class=\"wp-caption alignleft\"><a href=\"https:\/\/welterzahnrad-g6ofhpmwtp.live-website.com\/wp-content\/uploads\/2016\/06\/Innenverzahnung_1200x858.jpg\"><img loading=\"lazy\" decoding=\"async\" aria-describedby=\"caption-attachment-1201\" src=\"https:\/\/welterzahnrad-g6ofhpmwtp.live-website.com\/wp-content\/uploads\/2016\/06\/Innenverzahnung_1200x858-400x286.jpg\" alt=\"\" width=\"300\" height=\"215\" class=\"size-medium wp-image-1201\" srcset=\"https:\/\/welter-zahnrad.de\/wp-content\/uploads\/2016\/06\/Innenverzahnung_1200x858-400x286.jpg 400w, https:\/\/welter-zahnrad.de\/wp-content\/uploads\/2016\/06\/Innenverzahnung_1200x858.jpg 1200w\" sizes=\"auto, (max-width: 300px) 100vw, 300px\" \/><\/a><p id=\"caption-attachment-1201\" class=\"wp-caption-text\">\u5185\u9f7f\u8f6e<\/p><\/div><\/td>\n<\/tr>\n<\/tbody>\n<\/table>\n<!-- #tablepress-43 from cache --><\/p>\n<p>Innenverzahnungen finden zu meist Anwendung in Planetengetrieben, \u00d6lpumpen und Verstellgetrieben.\u00a0 Aufgrund des kleineren Durchmessers des Kopfkreises, verglichen mit dem des Teilkreises, weist der Zahnfu\u00df eine vergr\u00f6\u00dferte Breite und somit folglich erh\u00f6hte Festigkeit auf. Die Paarung von konkaver Flanke an der Innenverzahnung und konvexer Flanke an der Au\u00dfenverzahnung resultiert in einer geringen Hertzschen Pressung der Flanken, wodurch h\u00f6here Kr\u00e4fte \u00fcbertragen werden k\u00f6nnen. Diese Ausf\u00fchrung der Flanken f\u00fchrt zu einer engen Schmiegung der innen- und au\u00dfenverzahnten Bauteile. Hieraus resultiert ein kompakter und geringer Bauraum. Die WELTER zahnrad GmbH fertigt Innenverzahnungen<\/p>\n<ul>\n<li>mit den Verfahren W\u00e4lzsto\u00dfen und 5-Achs-Fr\u00e4sen<\/li>\n<li>bis Modul 11<\/li>\n<li>und Durchmessern bis\u00a02 m<\/li>\n<\/ul>\n<p>&nbsp;<\/p>\n<p>&nbsp;<\/p>\n<h3>H\u00e4ufig gestellte Fragen zu Innenverzahnungen<\/h3>\n<p>&nbsp;<\/p>\n<h3><span class=\"TextRun SCXW45800274 BCX0\" lang=\"DE-DE\" xml:lang=\"DE-DE\" data-contrast=\"auto\"><span class=\"NormalTextRun SCXW45800274 BCX0\">Was sind Innenverzahnungen? <\/span><\/span><\/h3>\n<p><span class=\"TextRun SCXW81754382 BCX0\" lang=\"DE-DE\" xml:lang=\"DE-DE\" data-contrast=\"auto\"><span class=\"NormalTextRun SCXW81754382 BCX0\">Innenverzahnungen sind eine Art von Zahnrad, bei dem die Z\u00e4hne an der Innenfl\u00e4che eines Ringes oder einer H\u00fclse angeordnet sind, im Gegensatz zu den traditionellen Au\u00dfenverzahnungen, bei denen die Z\u00e4hne auf der \u00e4u\u00dferen Oberfl\u00e4che eines Rades angebracht sind.<\/span><\/span><span class=\"EOP SCXW81754382 BCX0\" data-ccp-props=\"{&quot;201341983&quot;:0,&quot;335559739&quot;:160,&quot;335559740&quot;:259}\">\u00a0<\/span><\/p>\n<p>&nbsp;<\/p>\n<h3><span class=\"TextRun SCXW141464795 BCX0\" lang=\"DE-DE\" xml:lang=\"DE-DE\" data-contrast=\"auto\"><span class=\"NormalTextRun SCXW141464795 BCX0\">Wo werden Innenverzahnungen eingesetzt?<\/span><\/span><\/h3>\n<p><span class=\"TextRun SCXW263830130 BCX0\" lang=\"DE-DE\" xml:lang=\"DE-DE\" data-contrast=\"auto\"><span class=\"NormalTextRun SCXW263830130 BCX0\">Innenverzahnungen werden oft in Anwendungen verwendet, bei denen Platzmangel oder andere besondere Anforderungen dies erfordern. Sie kommen in Getrieben, Planetengetrieben, Differentialen und anderen kompakten mechanischen Systemen zum Einsatz.<\/span><\/span><span class=\"EOP SCXW263830130 BCX0\" data-ccp-props=\"{&quot;201341983&quot;:0,&quot;335559739&quot;:160,&quot;335559740&quot;:259}\">\u00a0<\/span><\/p>\n<p>&nbsp;<\/p>\n<h3><span class=\"TextRun SCXW82714163 BCX0\" lang=\"DE-DE\" xml:lang=\"DE-DE\" data-contrast=\"auto\"><span class=\"NormalTextRun SCXW82714163 BCX0\">Welche Vorteile bieten Innenverzahnungen?<\/span><\/span><\/h3>\n<p><span class=\"TextRun SCXW165027254 BCX0\" lang=\"DE-DE\" xml:lang=\"DE-DE\" data-contrast=\"auto\"><span class=\"NormalTextRun SCXW165027254 BCX0\">Ein Vorteil von Innenverzahnungen ist, dass sie es erm\u00f6glichen, das \u00e4u\u00dfere Geh\u00e4use oder den Rahmen eines Mechanismus zu umgehen und dennoch die Drehmoment\u00fcbertragung zwischen Wellen zu gew\u00e4hrleisten. Dies kann die Gesamtgr\u00f6\u00dfe und das Design eines Systems kompakter machen.<\/span><\/span><span class=\"EOP SCXW165027254 BCX0\" data-ccp-props=\"{&quot;201341983&quot;:0,&quot;335559739&quot;:160,&quot;335559740&quot;:259}\">\u00a0<\/span><\/p>\n<p>&nbsp;<\/p>\n<h3><span class=\"TextRun SCXW10748000 BCX0\" lang=\"DE-DE\" xml:lang=\"DE-DE\" data-contrast=\"auto\"><span class=\"NormalTextRun SCXW10748000 BCX0\">Welche Herausforderungen gibt es bei Innenverzahnungen?<\/span><\/span><\/h3>\n<p><span class=\"TextRun SCXW214307155 BCX0\" lang=\"DE-DE\" xml:lang=\"DE-DE\" data-contrast=\"auto\"><span class=\"NormalTextRun SCXW214307155 BCX0\">Bei der Herstellung von Innenverzahnungen k\u00f6nnen besondere Herausforderungen auftreten, da der Zugang zur Innenfl\u00e4che des Rings eingeschr\u00e4nkt sein kann. Dies erfordert oft spezielle Fertigungstechniken und Pr\u00e4zisionswerkzeuge, welche WELTER Zahnrad ausf\u00fchrt<\/span><\/span><span class=\"TextRun SCXW214307155 BCX0\" lang=\"DE-DE\" xml:lang=\"DE-DE\" data-contrast=\"auto\"><span class=\"NormalTextRun SCXW214307155 BCX0\">.<\/span><\/span><span class=\"EOP SCXW214307155 BCX0\" data-ccp-props=\"{&quot;201341983&quot;:0,&quot;335559739&quot;:160,&quot;335559740&quot;:259}\">\u00a0<\/span><\/p>\n<p>&nbsp;<\/p>\n<h3><span class=\"TextRun SCXW129146151 BCX0\" lang=\"DE-DE\" xml:lang=\"DE-DE\" data-contrast=\"auto\"><span class=\"NormalTextRun SCXW129146151 BCX0\">Gibt es verschiedene Arten von Innenverzahnungen?<\/span><\/span><\/h3>\n<p><span class=\"TextRun SCXW85446762 BCX0\" lang=\"DE-DE\" xml:lang=\"DE-DE\" data-contrast=\"auto\"><span class=\"NormalTextRun SCXW85446762 BCX0\">Ja, es gibt verschiedene Arten von Innenverzahnungen, darunter geradverzahnte Innenverzahnungen und schr\u00e4gverzahnte Innenverzahnungen. Die Wahl der Art h\u00e4ngt von den spezifischen Anforderungen der Anwendung ab. Schr\u00e4gverzahnte Innenverzahnungen bieten oft eine reibungs\u00e4rmere \u00dcbertragung und eine h\u00f6here Belastbarkeit, sind jedoch aufgrund ihrer schr\u00e4gen Zahnform komplexer in der Herstellung.<\/span><\/span><span class=\"EOP SCXW85446762 BCX0\" data-ccp-props=\"{&quot;201341983&quot;:0,&quot;335559739&quot;:160,&quot;335559740&quot;:259}\">\u00a0<\/span>\u611f\u5e94\u6dec\u706b\u786c\u5316\u9f7f\u5708<\/p><\/div><\/td><td class=\"column-2\"><div id=\"attachment_2612\" style=\"width: 310px\" class=\"wp-caption alignleft\"><a href=\"https:\/\/welterzahnrad-g6ofhpmwtp.live-website.com\/wp-content\/uploads\/WELTER_Getriebegeh\u00e4use.jpg\"><img loading=\"lazy\" decoding=\"async\" aria-describedby=\"caption-attachment-2612\" src=\"https:\/\/welterzahnrad-g6ofhpmwtp.live-website.com\/wp-content\/uploads\/WELTER_Getriebegeh\u00e4use-400x286.jpg\" alt=\"\" width=\"300\" height=\"215\" class=\"size-medium wp-image-2612\" srcset=\"https:\/\/welter-zahnrad.de\/wp-content\/uploads\/WELTER_Getriebegeh\u00e4use-400x286.jpg 400w, https:\/\/welter-zahnrad.de\/wp-content\/uploads\/WELTER_Getriebegeh\u00e4use.jpg 1200w\" sizes=\"auto, (max-width: 300px) 100vw, 300px\" \/><\/a><p id=\"caption-attachment-2612\" class=\"wp-caption-text\">\u5e26\u5185\u9f7f\u8f6e\u7684\u9f7f\u8f6e\u7bb1<\/p><\/div><\/td><td class=\"column-3\"><div id=\"attachment_1201\" style=\"width: 310px\" class=\"wp-caption alignleft\"><a href=\"https:\/\/welterzahnrad-g6ofhpmwtp.live-website.com\/wp-content\/uploads\/2016\/06\/Innenverzahnung_1200x858.jpg\"><img loading=\"lazy\" decoding=\"async\" aria-describedby=\"caption-attachment-1201\" src=\"https:\/\/welterzahnrad-g6ofhpmwtp.live-website.com\/wp-content\/uploads\/2016\/06\/Innenverzahnung_1200x858-400x286.jpg\" alt=\"\" width=\"300\" height=\"215\" class=\"size-medium wp-image-1201\" srcset=\"https:\/\/welter-zahnrad.de\/wp-content\/uploads\/2016\/06\/Innenverzahnung_1200x858-400x286.jpg 400w, https:\/\/welter-zahnrad.de\/wp-content\/uploads\/2016\/06\/Innenverzahnung_1200x858.jpg 1200w\" sizes=\"auto, (max-width: 300px) 100vw, 300px\" \/><\/a><p id=\"caption-attachment-1201\" class=\"wp-caption-text\">\u5185\u9f7f\u8f6e<\/p><\/div><\/td>\n<\/tr>\n<\/tbody>\n<\/table>\n<\/p>\n<p>Internal gearings are commonly used in planetary gear boxes, oil pumps and adjustment gear boxes. Due to the smaller addendum diameter compared to pitch diameter tooth root is expanded and accordingly stronger. The concave flanks of the internal gearing and convex of the external lead to a low Hertzian stress on the flank and consequently increased transferable forces. Furthermore this design yields to a narrow osculation of internal and external gear parts and a low constructed space. WELTER zahnrad manufactures internal grindings<\/p>\n<ul>\n<li>by gear shaping and 5 axis milling<\/li>\n<li>till modul 11<\/li>\n<li>and diameters till 2 m<\/li>\n<\/ul>\n<p>\u611f\u5e94\u6dec\u706b\u786c\u5316\u9f7f\u5708<\/p><\/div><\/td><td class=\"column-2\"><div id=\"attachment_2612\" style=\"width: 310px\" class=\"wp-caption alignleft\"><a href=\"https:\/\/welterzahnrad-g6ofhpmwtp.live-website.com\/wp-content\/uploads\/WELTER_Getriebegeh\u00e4use.jpg\"><img loading=\"lazy\" decoding=\"async\" aria-describedby=\"caption-attachment-2612\" src=\"https:\/\/welterzahnrad-g6ofhpmwtp.live-website.com\/wp-content\/uploads\/WELTER_Getriebegeh\u00e4use-400x286.jpg\" alt=\"\" width=\"300\" height=\"215\" class=\"size-medium wp-image-2612\" srcset=\"https:\/\/welter-zahnrad.de\/wp-content\/uploads\/WELTER_Getriebegeh\u00e4use-400x286.jpg 400w, https:\/\/welter-zahnrad.de\/wp-content\/uploads\/WELTER_Getriebegeh\u00e4use.jpg 1200w\" sizes=\"auto, (max-width: 300px) 100vw, 300px\" \/><\/a><p id=\"caption-attachment-2612\" class=\"wp-caption-text\">\u5e26\u5185\u9f7f\u8f6e\u7684\u9f7f\u8f6e\u7bb1<\/p><\/div><\/td><td class=\"column-3\"><div id=\"attachment_1201\" style=\"width: 310px\" class=\"wp-caption alignleft\"><a href=\"https:\/\/welterzahnrad-g6ofhpmwtp.live-website.com\/wp-content\/uploads\/2016\/06\/Innenverzahnung_1200x858.jpg\"><img loading=\"lazy\" decoding=\"async\" aria-describedby=\"caption-attachment-1201\" src=\"https:\/\/welterzahnrad-g6ofhpmwtp.live-website.com\/wp-content\/uploads\/2016\/06\/Innenverzahnung_1200x858-400x286.jpg\" alt=\"\" width=\"300\" height=\"215\" class=\"size-medium wp-image-1201\" srcset=\"https:\/\/welter-zahnrad.de\/wp-content\/uploads\/2016\/06\/Innenverzahnung_1200x858-400x286.jpg 400w, https:\/\/welter-zahnrad.de\/wp-content\/uploads\/2016\/06\/Innenverzahnung_1200x858.jpg 1200w\" sizes=\"auto, (max-width: 300px) 100vw, 300px\" \/><\/a><p id=\"caption-attachment-1201\" class=\"wp-caption-text\">\u5185\u9f7f\u8f6e<\/p><\/div><\/td>\n<\/tr>\n<\/tbody>\n<\/table>\n\u611f\u5e94\u6dec\u706b\u786c\u5316\u9f7f\u5708<\/p><\/div><\/td><td class=\"column-2\"><div id=\"attachment_2612\" style=\"width: 310px\" class=\"wp-caption alignleft\"><a href=\"https:\/\/welterzahnrad-g6ofhpmwtp.live-website.com\/wp-content\/uploads\/WELTER_Getriebegeh\u00e4use.jpg\"><img loading=\"lazy\" decoding=\"async\" aria-describedby=\"caption-attachment-2612\" src=\"https:\/\/welterzahnrad-g6ofhpmwtp.live-website.com\/wp-content\/uploads\/WELTER_Getriebegeh\u00e4use-400x286.jpg\" alt=\"\" width=\"300\" height=\"215\" class=\"size-medium wp-image-2612\" srcset=\"https:\/\/welter-zahnrad.de\/wp-content\/uploads\/WELTER_Getriebegeh\u00e4use-400x286.jpg 400w, https:\/\/welter-zahnrad.de\/wp-content\/uploads\/WELTER_Getriebegeh\u00e4use.jpg 1200w\" sizes=\"auto, (max-width: 300px) 100vw, 300px\" \/><\/a><p id=\"caption-attachment-2612\" class=\"wp-caption-text\">\u5e26\u5185\u9f7f\u8f6e\u7684\u9f7f\u8f6e\u7bb1<\/p><\/div><\/td><td class=\"column-3\"><div id=\"attachment_1201\" style=\"width: 310px\" class=\"wp-caption alignleft\"><a href=\"https:\/\/welterzahnrad-g6ofhpmwtp.live-website.com\/wp-content\/uploads\/2016\/06\/Innenverzahnung_1200x858.jpg\"><img loading=\"lazy\" decoding=\"async\" aria-describedby=\"caption-attachment-1201\" src=\"https:\/\/welterzahnrad-g6ofhpmwtp.live-website.com\/wp-content\/uploads\/2016\/06\/Innenverzahnung_1200x858-400x286.jpg\" alt=\"\" width=\"300\" height=\"215\" class=\"size-medium wp-image-1201\" srcset=\"https:\/\/welter-zahnrad.de\/wp-content\/uploads\/2016\/06\/Innenverzahnung_1200x858-400x286.jpg 400w, https:\/\/welter-zahnrad.de\/wp-content\/uploads\/2016\/06\/Innenverzahnung_1200x858.jpg 1200w\" sizes=\"auto, (max-width: 300px) 100vw, 300px\" \/><\/a><p id=\"caption-attachment-1201\" class=\"wp-caption-text\">\u5185\u9f7f\u8f6e<\/p><\/div><\/td>\n<\/tr>\n<\/tbody>\n<\/table>\n<\/p>\n<p>Gli ingranaggi interni sono usati soprattutto nei riduttori planetari, nelle pompe dell&#8217;olio e nei riduttori a velocit\u00e0 variabile.\u00a0 A causa del diametro pi\u00f9 piccolo del cerchio di punta rispetto a quello del cerchio del passo, la radice del dente ha una larghezza maggiore e quindi una maggiore resistenza. L&#8217;accoppiamento del fianco concavo sulla dentatura interna e del fianco convesso sulla dentatura esterna ha come risultato una bassa pressione hertziana dei fianchi, per cui si possono trasmettere forze maggiori. Questo disegno dei fianchi porta ad una stretta contrazione dei componenti dentati interni ed esterni. Questo si traduce in uno spazio di installazione compatto e piccolo. WELTER zahnrad GmbH produce ingranaggi interni<\/p>\n<ul>\n<li>con i processi di dentatura e fresatura a 5 assi<\/li>\n<p>.<\/p>\n<li>fino al modulo 11<\/li>\n<li>e diametri fino a 2 m<\/li>\n<\/ul>\n<p>\n<table id=\"tablepress-43-no-5\" class=\"tablepress tablepress-id-43\">\n<tbody class=\"row-striping row-hover\">\n<tr class=\"row-1\">\n\t<td class=\"column-1\"><div id=\"attachment_2611\" style=\"width: 310px\" class=\"wp-caption alignleft\"><a href=\"https:\/\/welterzahnrad-g6ofhpmwtp.live-website.com\/wp-content\/uploads\/WZ_Hohlrad2.jpg\"><img loading=\"lazy\" decoding=\"async\" aria-describedby=\"caption-attachment-2611\" src=\"https:\/\/welterzahnrad-g6ofhpmwtp.live-website.com\/wp-content\/uploads\/WZ_Hohlrad2-400x284.jpg\" alt=\"\" width=\"300\" height=\"215\" class=\"size-medium wp-image-2611\" \/><\/a><p id=\"caption-attachment-2611\" class=\"wp-caption-text\">\u611f\u5e94\u6dec\u706b\u786c\u5316\u9f7f\u5708<\/p><\/div><\/td><td class=\"column-2\"><div id=\"attachment_2612\" style=\"width: 310px\" class=\"wp-caption alignleft\"><a href=\"https:\/\/welterzahnrad-g6ofhpmwtp.live-website.com\/wp-content\/uploads\/WELTER_Getriebegeh\u00e4use.jpg\"><img loading=\"lazy\" decoding=\"async\" aria-describedby=\"caption-attachment-2612\" src=\"https:\/\/welterzahnrad-g6ofhpmwtp.live-website.com\/wp-content\/uploads\/WELTER_Getriebegeh\u00e4use-400x286.jpg\" alt=\"\" width=\"300\" height=\"215\" class=\"size-medium wp-image-2612\" srcset=\"https:\/\/welter-zahnrad.de\/wp-content\/uploads\/WELTER_Getriebegeh\u00e4use-400x286.jpg 400w, https:\/\/welter-zahnrad.de\/wp-content\/uploads\/WELTER_Getriebegeh\u00e4use.jpg 1200w\" sizes=\"auto, (max-width: 300px) 100vw, 300px\" \/><\/a><p id=\"caption-attachment-2612\" class=\"wp-caption-text\">\u5e26\u5185\u9f7f\u8f6e\u7684\u9f7f\u8f6e\u7bb1<\/p><\/div><\/td><td class=\"column-3\"><div id=\"attachment_1201\" style=\"width: 310px\" class=\"wp-caption alignleft\"><a href=\"https:\/\/welterzahnrad-g6ofhpmwtp.live-website.com\/wp-content\/uploads\/2016\/06\/Innenverzahnung_1200x858.jpg\"><img loading=\"lazy\" decoding=\"async\" aria-describedby=\"caption-attachment-1201\" src=\"https:\/\/welterzahnrad-g6ofhpmwtp.live-website.com\/wp-content\/uploads\/2016\/06\/Innenverzahnung_1200x858-400x286.jpg\" alt=\"\" width=\"300\" height=\"215\" class=\"size-medium wp-image-1201\" srcset=\"https:\/\/welter-zahnrad.de\/wp-content\/uploads\/2016\/06\/Innenverzahnung_1200x858-400x286.jpg 400w, https:\/\/welter-zahnrad.de\/wp-content\/uploads\/2016\/06\/Innenverzahnung_1200x858.jpg 1200w\" sizes=\"auto, (max-width: 300px) 100vw, 300px\" \/><\/a><p id=\"caption-attachment-1201\" class=\"wp-caption-text\">\u5185\u9f7f\u8f6e<\/p><\/div><\/td>\n<\/tr>\n<\/tbody>\n<\/table>\n<\/p>\n<p>\u5185\u9f7f\u8f6e\u4f20\u52a8\u88c5\u7f6e\u901a\u5e38\u7528\u4e8e\u884c\u661f\u9f7f\u8f6e\u7bb1\u3001\u6cb9\u6cf5\u548c\u8c03\u8282\u9f7f\u8f6e\u7bb1\u3002\u7531\u4e8e\u9f7f\u6839\u6bd4\u9f7f\u8ddd\u76f4\u5f84\u5c0f\uff0c\u56e0\u6b64\u9f7f\u6839\u6269\u5927\uff0c\u5f3a\u5ea6\u66f4\u9ad8\u3002\u5185\u9f7f\u8f6e\u7684\u51f9\u5f62\u9f7f\u9762\u548c\u5916\u9f7f\u8f6e\u7684\u51f8\u5f62\u9f7f\u9762\u556e\u5408\u5176\u9f7f\u9762\u7684\u8d6b\u5179\u5e94\u529b\u8f83\u4f4e\uff0c\u4ece\u800c\u589e\u52a0\u4e86\u4f20\u9012\u529b\u3002\u6b64\u5916\uff0c\u8fd9\u79cd\u8bbe\u8ba1\u4f7f\u5185\u9f7f\u8f6e\u548c\u5916\u9f7f\u8f6e\u7684\u6446\u52a8\u8303\u56f4\u66f4\u5c0f\uff0c\u7ed3\u6784\u7a7a\u95f4\u66f4\u5c0f\u3002WELTER Zahnrad\u901a\u8fc7\u63d2\u9f7f\u548c5\u8f74\u94e3\u524a\u5236\u9020\u5185\u78e8\u3002<\/p>\n<p>\u901a\u8fc7\u63d2\u9f7f\u548c5\u8f74\u94e3\u524a\u52a0\u5de5<br \/>\n\u6a21\u6570\u523011mm<br \/>\n\u76f4\u5f84\u81f32m<\/p>","protected":false},"excerpt":{"rendered":"<p>\u5185\u9f7f\u8f6e\u4f20\u52a8\u88c5\u7f6e\u901a\u5e38\u7528\u4e8e\u884c\u661f\u9f7f\u8f6e\u7bb1\u3001\u6cb9\u6cf5\u548c\u8c03\u8282\u9f7f\u8f6e\u7bb1\u3002\u7531\u4e8e\u9f7f\u6839\u6bd4\u9f7f\u8ddd\u76f4\u5f84\u5c0f\uff0c\u56e0\u6b64\u9f7f\u6839\u6269\u5927\uff0c\u5f3a\u5ea6\u66f4\u9ad8\u3002\u5185\u9f7f\u8f6e\u7684\u51f9\u5f62\u9f7f\u9762\u548c\u5916\u9f7f\u8f6e\u7684\u51f8\u5f62\u9f7f\u9762\u556e\u5408\u5176\u9f7f\u9762\u7684\u8d6b\u5179\u5e94\u529b\u8f83\u4f4e\uff0c\u4ece\u800c\u589e\u52a0\u4e86\u4f20\u9012\u529b\u3002\u6b64\u5916\uff0c\u8fd9\u79cd\u8bbe\u8ba1\u4f7f\u5185\u9f7f\u8f6e\u548c\u5916\u9f7f\u8f6e\u7684\u6446\u52a8\u8303\u56f4\u66f4\u5c0f\uff0c\u7ed3\u6784\u7a7a\u95f4\u66f4\u5c0f\u3002WELTER Zahnrad\u901a\u8fc7\u63d2\u9f7f\u548c5\u8f74\u94e3\u524a\u5236\u9020\u5185\u78e8\u3002 \u901a\u8fc7\u63d2\u9f7f\u548c5\u8f74\u94e3\u524a\u52a0\u5de5 \u6a21\u6570\u523011mm \u76f4\u5f84\u81f32m<\/p>\n","protected":false},"author":1,"featured_media":3824,"parent":34,"menu_order":0,"comment_status":"closed","ping_status":"closed","template":"","meta":{"footnotes":""},"class_list":["post-994","page","type-page","status-publish","has-post-thumbnail","czr-hentry"],"_links":{"self":[{"href":"https:\/\/welter-zahnrad.de\/zh\/wp-json\/wp\/v2\/pages\/994","targetHints":{"allow":["GET"]}}],"collection":[{"href":"https:\/\/welter-zahnrad.de\/zh\/wp-json\/wp\/v2\/pages"}],"about":[{"href":"https:\/\/welter-zahnrad.de\/zh\/wp-json\/wp\/v2\/types\/page"}],"author":[{"embeddable":true,"href":"https:\/\/welter-zahnrad.de\/zh\/wp-json\/wp\/v2\/users\/1"}],"replies":[{"embeddable":true,"href":"https:\/\/welter-zahnrad.de\/zh\/wp-json\/wp\/v2\/comments?post=994"}],"version-history":[{"count":17,"href":"https:\/\/welter-zahnrad.de\/zh\/wp-json\/wp\/v2\/pages\/994\/revisions"}],"predecessor-version":[{"id":3839,"href":"https:\/\/welter-zahnrad.de\/zh\/wp-json\/wp\/v2\/pages\/994\/revisions\/3839"}],"up":[{"embeddable":true,"href":"https:\/\/welter-zahnrad.de\/zh\/wp-json\/wp\/v2\/pages\/34"}],"wp:featuredmedia":[{"embeddable":true,"href":"https:\/\/welter-zahnrad.de\/zh\/wp-json\/wp\/v2\/media\/3824"}],"wp:attachment":[{"href":"https:\/\/welter-zahnrad.de\/zh\/wp-json\/wp\/v2\/media?parent=994"}],"curies":[{"name":"wp","href":"https:\/\/api.w.org\/{rel}","templated":true}]}}